{"id":8198,"date":"2022-12-21T16:07:40","date_gmt":"2022-12-21T22:07:40","guid":{"rendered":"https:\/\/www.orbiscorporation.com\/racks-metalicos\/types-of-racks\/"},"modified":"2025-11-04T10:59:33","modified_gmt":"2025-11-04T16:59:33","slug":"tipos-de-racks","status":"publish","type":"page","link":"https:\/\/www-stg.orbiscorporation.com\/es-mx\/productos\/racks-metalicos\/tipos-de-racks\/","title":{"rendered":"Tipos de Racks"},"content":{"rendered":"\t\t<div data-elementor-type=\"wp-page\" data-elementor-id=\"8198\" class=\"elementor elementor-8198 elementor-6415\" data-elementor-post-type=\"page\">\n\t\t\t\t<div class=\"elementor-element elementor-element-db0b5d9 e-flex e-con-boxed e-con e-parent\" data-id=\"db0b5d9\" data-element_type=\"container\" data-e-type=\"container\" data-settings=\"{&quot;background_background&quot;:&quot;classic&quot;}\">\n\t\t\t\t\t<div class=\"e-con-inner\">\n\t\t\t\t<div class=\"elementor-element elementor-element-f781634 elementor-widget elementor-widget-woocommerce-breadcrumb\" data-id=\"f781634\" data-element_type=\"widget\" data-e-type=\"widget\" data-widget_type=\"woocommerce-breadcrumb.default\">\n\t\t\t\t<div class=\"elementor-widget-container\">\n\t\t\t\t\t<nav class=\"woocommerce-breadcrumb\" aria-label=\"Breadcrumb\">Inicio<\/nav>\t\t\t\t<\/div>\n\t\t\t\t<\/div>\n\t\t\t\t\t<\/div>\n\t\t\t\t<\/div>\n\t\t<div class=\"elementor-element elementor-element-1902219 e-flex e-con-boxed e-con e-parent\" data-id=\"1902219\" data-element_type=\"container\" data-e-type=\"container\" data-settings=\"{&quot;background_background&quot;:&quot;classic&quot;}\">\n\t\t\t\t\t<div class=\"e-con-inner\">\n\t\t<div class=\"elementor-element elementor-element-a510193 e-con-full e-flex e-con e-child\" data-id=\"a510193\" data-element_type=\"container\" data-e-type=\"container\" data-settings=\"{&quot;background_background&quot;:&quot;classic&quot;}\">\n\t\t\t\t<\/div>\n\t\t<div data-dce-background-color=\"#FFFFFF\" class=\"elementor-element elementor-element-b027a17 e-con-full elementor-hidden-tablet elementor-hidden-mobile e-flex e-con e-child\" data-id=\"b027a17\" data-element_type=\"container\" data-e-type=\"container\" data-settings=\"{&quot;background_background&quot;:&quot;classic&quot;}\">\n\t\t\t\t<div class=\"elementor-element elementor-element-5f15df7 elementor-widget elementor-widget-image\" data-id=\"5f15df7\" data-element_type=\"widget\" data-e-type=\"widget\" data-widget_type=\"image.default\">\n\t\t\t\t<div class=\"elementor-widget-container\">\n\t\t\t\t\t\t\t\t\t\t\t\t\t\t\t<img loading=\"lazy\" decoding=\"async\" width=\"800\" height=\"534\" src=\"https:\/\/www-stg.orbiscorporation.com\/wp-content\/uploads\/2022\/12\/Walk-in-Rack-1024x683.jpg\" class=\"attachment-large size-large wp-image-6425\" alt=\"\" srcset=\"https:\/\/www-stg.orbiscorporation.com\/wp-content\/uploads\/2022\/12\/Walk-in-Rack-1024x683.jpg 1024w, https:\/\/www-stg.orbiscorporation.com\/wp-content\/uploads\/2022\/12\/Walk-in-Rack-800x533.jpg 800w, https:\/\/www-stg.orbiscorporation.com\/wp-content\/uploads\/2022\/12\/Walk-in-Rack-300x200.jpg 300w, https:\/\/www-stg.orbiscorporation.com\/wp-content\/uploads\/2022\/12\/Walk-in-Rack-768x512.jpg 768w, https:\/\/www-stg.orbiscorporation.com\/wp-content\/uploads\/2022\/12\/Walk-in-Rack-600x400.jpg 600w, https:\/\/www-stg.orbiscorporation.com\/wp-content\/uploads\/2022\/12\/Walk-in-Rack.jpg 1200w\" sizes=\"auto, (max-width: 800px) 100vw, 800px\">\t\t\t\t\t\t\t\t\t\t\t\t\t\t\t<\/div>\n\t\t\t\t<\/div>\n\t\t\t\t<\/div>\n\t\t\t\t\t<\/div>\n\t\t\t\t<\/div>\n\t\t<div class=\"elementor-element elementor-element-5b4c0b1 e-flex e-con-boxed e-con e-parent\" data-id=\"5b4c0b1\" data-element_type=\"container\" data-e-type=\"container\">\n\t\t\t\t\t<div class=\"e-con-inner\">\n\t\t<div data-dce-background-color=\"#02433E\" data-dce-background-overlay-image-url=\"https:\/\/www-stg.orbiscorporation.com\/wp-content\/uploads\/2025\/02\/ORBIS_Loop_Transparent-2.png\" class=\"elementor-element elementor-element-0050e5a e-con-full e-flex e-con e-child\" data-id=\"0050e5a\" data-element_type=\"container\" data-e-type=\"container\" data-settings=\"{&quot;background_background&quot;:&quot;classic&quot;}\">\n\t\t\t\t<div data-dce-title-color=\"#FFFFFF\" class=\"elementor-element elementor-element-e5e42b7 elementor-widget elementor-widget-heading\" data-id=\"e5e42b7\" data-element_type=\"widget\" data-e-type=\"widget\" data-widget_type=\"heading.default\">\n\t\t\t\t<div class=\"elementor-widget-container\">\n\t\t\t\t\t<div class=\"elementor-heading-title elementor-size-default\">\u00bfTienes alguna pregunta sobre un producto o quieres un presupuesto personalizado?<\/div>\t\t\t\t<\/div>\n\t\t\t\t<\/div>\n\t\t\t\t<div data-dce-text-color=\"#FFFFFF\" class=\"elementor-element elementor-element-9564a8e elementor-widget elementor-widget-text-editor\" data-id=\"9564a8e\" data-element_type=\"widget\" data-e-type=\"widget\" data-widget_type=\"text-editor.default\">\n\t\t\t\t<div class=\"elementor-widget-container\">\n\t\t\t\t\t\t\t\t\t<p>\u00a1Ponte en contacto hoy mismo! Nuestros expertos est\u00e1n preparados para elaborar la soluci\u00f3n de envasado reutilizable perfecta para tus necesidades.<\/p>\t\t\t\t\t\t\t\t<\/div>\n\t\t\t\t<\/div>\n\t\t\t\t<\/div>\n\t\t<div data-dce-background-color=\"#02433E\" class=\"elementor-element elementor-element-647e2c2 e-con-full e-flex e-con e-child\" data-id=\"647e2c2\" data-element_type=\"container\" data-e-type=\"container\" data-settings=\"{&quot;background_background&quot;:&quot;classic&quot;}\">\n\t\t\t\t<div data-dce-background-color=\"#48939E\" class=\"elementor-element elementor-element-1837edd elementor-align-center request-a-quote-click elementor-widget elementor-widget-button\" data-id=\"1837edd\" data-element_type=\"widget\" data-e-type=\"widget\" data-widget_type=\"button.default\">\n\t\t\t\t<div class=\"elementor-widget-container\">\n\t\t\t\t\t\t\t\t\t<div class=\"elementor-button-wrapper\">\n\t\t\t\t\t<a class=\"elementor-button elementor-button-link elementor-size-sm\" href=\"https:\/\/www-stg.orbiscorporation.com\/es-mx\/request-a-quote\/\">\n\t\t\t\t\t\t<span class=\"elementor-button-content-wrapper\">\n\t\t\t\t\t\t<span class=\"elementor-button-icon\">\n\t\t\t\t<i aria-hidden=\"true\" class=\"fas fa-arrow-right\"><\/i>\t\t\t<\/span>\n\t\t\t\t\t\t\t\t\t<span class=\"elementor-button-text\">Solicitar una cotizaci\u00f3n<\/span>\n\t\t\t\t\t<\/span>\n\t\t\t\t\t<\/a>\n\t\t\t\t<\/div>\n\t\t\t\t\t\t\t\t<\/div>\n\t\t\t\t<\/div>\n\t\t\t\t<\/div>\n\t\t\t\t\t<\/div>\n\t\t\t\t<\/div>\n\t\t<div data-dce-background-color=\"#FFFFFF\" class=\"elementor-element elementor-element-045e576 e-flex e-con-boxed e-con e-parent\" data-id=\"045e576\" data-element_type=\"container\" data-e-type=\"container\" data-settings=\"{&quot;background_background&quot;:&quot;classic&quot;}\">\n\t\t\t\t\t<div class=\"e-con-inner\">\n\t\t\t\t<div class=\"elementor-element elementor-element-f4bf601 elementor-widget elementor-widget-text-editor\" data-id=\"f4bf601\" data-element_type=\"widget\" data-e-type=\"widget\" data-widget_type=\"text-editor.default\">\n\t\t\t\t<div class=\"elementor-widget-container\">\n\t\t\t\t\t\t\t\t\t<p>ORBIS se especializa en procesos de corte, doblado, soldadura, pintura en polvo y ensamblaje l\u00edderes en la industria para crear la mejor soluci\u00f3n de rack para su aplicaci\u00f3n. El material de estiba se dise\u00f1a a medida utilizando una variedad de materiales de tela, r\u00edgidos y de espuma y se integra con su estante para la m\u00e1xima protecci\u00f3n de piezas. Con capacidades de producci\u00f3n en el centro de M\u00e9xico, ORBIS tiene la capacidad de utilizar los mejores dise\u00f1os, materiales y procesos de fabricaci\u00f3n para entregar su soluci\u00f3n cuando la necesite.  <\/p>\t\t\t\t\t\t\t\t<\/div>\n\t\t\t\t<\/div>\n\t\t\t\t\t<\/div>\n\t\t\t\t<\/div>\n\t\t<div data-dce-background-color=\"#FFFFFF\" class=\"elementor-element elementor-element-3f4ac01 e-flex e-con-boxed e-con e-parent\" data-id=\"3f4ac01\" data-element_type=\"container\" data-e-type=\"container\" data-settings=\"{&quot;background_background&quot;:&quot;classic&quot;}\">\n\t\t\t\t\t<div class=\"e-con-inner\">\n\t\t<div class=\"elementor-element elementor-element-cd57966 e-con-full e-flex e-con e-child\" data-id=\"cd57966\" data-element_type=\"container\" data-e-type=\"container\">\n\t\t\t\t<div class=\"elementor-element elementor-element-28bf1db elementor-widget elementor-widget-image\" data-id=\"28bf1db\" data-element_type=\"widget\" data-e-type=\"widget\" data-widget_type=\"image.default\">\n\t\t\t\t<div class=\"elementor-widget-container\">\n\t\t\t\t\t\t\t\t\t\t\t\t\t\t\t<img loading=\"lazy\" decoding=\"async\" width=\"1200\" height=\"800\" src=\"https:\/\/www-stg.orbiscorporation.com\/wp-content\/uploads\/2022\/12\/Walk-in-Rack.jpg\" class=\"attachment-full size-full wp-image-6425\" alt=\"\" srcset=\"https:\/\/www-stg.orbiscorporation.com\/wp-content\/uploads\/2022\/12\/Walk-in-Rack.jpg 1200w, https:\/\/www-stg.orbiscorporation.com\/wp-content\/uploads\/2022\/12\/Walk-in-Rack-800x533.jpg 800w, https:\/\/www-stg.orbiscorporation.com\/wp-content\/uploads\/2022\/12\/Walk-in-Rack-300x200.jpg 300w, https:\/\/www-stg.orbiscorporation.com\/wp-content\/uploads\/2022\/12\/Walk-in-Rack-1024x683.jpg 1024w, https:\/\/www-stg.orbiscorporation.com\/wp-content\/uploads\/2022\/12\/Walk-in-Rack-768x512.jpg 768w, https:\/\/www-stg.orbiscorporation.com\/wp-content\/uploads\/2022\/12\/Walk-in-Rack-600x400.jpg 600w\" sizes=\"auto, (max-width: 1200px) 100vw, 1200px\">\t\t\t\t\t\t\t\t\t\t\t\t\t\t\t<\/div>\n\t\t\t\t<\/div>\n\t\t\t\t<\/div>\n\t\t<div class=\"elementor-element elementor-element-ed62501 e-con-full e-flex e-con e-child\" data-id=\"ed62501\" data-element_type=\"container\" data-e-type=\"container\">\n\t\t\t\t<div data-dce-title-color=\"#02433E\" class=\"elementor-element elementor-element-ae39e2d elementor-widget elementor-widget-heading\" data-id=\"ae39e2d\" data-element_type=\"widget\" data-e-type=\"widget\" data-widget_type=\"heading.default\">\n\t\t\t\t<div class=\"elementor-widget-container\">\n\t\t\t\t\t<h3 class=\"elementor-heading-title elementor-size-default\">Racks Convencionales<\/h3>\t\t\t\t<\/div>\n\t\t\t\t<\/div>\n\t\t\t\t<div class=\"elementor-element elementor-element-92711ba elementor-widget elementor-widget-text-editor\" data-id=\"92711ba\" data-element_type=\"widget\" data-e-type=\"widget\" data-widget_type=\"text-editor.default\">\n\t\t\t\t<div class=\"elementor-widget-container\">\n\t\t\t\t\t\t\t\t\t<p>ORBIS personaliza dise\u00f1os y fabrica racks convencionales para transporte de piezas pesadas. Estos racks normalmente son utilizados para piezas como carrocer\u00eda y motores, son fabricados y dise\u00f1ados a medida para tener una larga vida \u00fatil y manejo de piezas entre fabricante de equipo original, armadoras automotrices y sus proveedores.    <\/p>\t\t\t\t\t\t\t\t<\/div>\n\t\t\t\t<\/div>\n\t\t\t\t<div data-dce-background-color=\"#48939E\" class=\"elementor-element elementor-element-30f61c1 elementor-align-left elementor-mobile-align-center request-a-quote-click elementor-widget elementor-widget-button\" data-id=\"30f61c1\" data-element_type=\"widget\" data-e-type=\"widget\" data-widget_type=\"button.default\">\n\t\t\t\t<div class=\"elementor-widget-container\">\n\t\t\t\t\t\t\t\t\t<div class=\"elementor-button-wrapper\">\n\t\t\t\t\t<a class=\"elementor-button elementor-button-link elementor-size-sm\" href=\"https:\/\/www-stg.orbiscorporation.com\/es-mx\/request-a-quote\/\">\n\t\t\t\t\t\t<span class=\"elementor-button-content-wrapper\">\n\t\t\t\t\t\t<span class=\"elementor-button-icon\">\n\t\t\t\t<i aria-hidden=\"true\" class=\"fas fa-arrow-right\"><\/i>\t\t\t<\/span>\n\t\t\t\t\t\t\t\t\t<span class=\"elementor-button-text\">Solicitar una cotizaci\u00f3n<\/span>\n\t\t\t\t\t<\/span>\n\t\t\t\t\t<\/a>\n\t\t\t\t<\/div>\n\t\t\t\t\t\t\t\t<\/div>\n\t\t\t\t<\/div>\n\t\t\t\t<\/div>\n\t\t\t\t\t<\/div>\n\t\t\t\t<\/div>\n\t\t<div data-dce-background-color=\"#FFFFFF\" class=\"elementor-element elementor-element-704062c e-flex e-con-boxed e-con e-parent\" data-id=\"704062c\" data-element_type=\"container\" data-e-type=\"container\" data-settings=\"{&quot;background_background&quot;:&quot;classic&quot;}\">\n\t\t\t\t\t<div class=\"e-con-inner\">\n\t\t<div class=\"elementor-element elementor-element-443d46d e-con-full e-flex e-con e-child\" data-id=\"443d46d\" data-element_type=\"container\" data-e-type=\"container\">\n\t\t\t\t<div class=\"elementor-element elementor-element-2e2b9a3 elementor-widget elementor-widget-image\" data-id=\"2e2b9a3\" data-element_type=\"widget\" data-e-type=\"widget\" data-widget_type=\"image.default\">\n\t\t\t\t<div class=\"elementor-widget-container\">\n\t\t\t\t\t\t\t\t\t\t\t\t\t\t\t<img loading=\"lazy\" decoding=\"async\" width=\"800\" height=\"534\" src=\"https:\/\/www-stg.orbiscorporation.com\/wp-content\/uploads\/2022\/12\/HANGING_BAG_CUSTOM_METAL_RACK-1024x683.jpg\" class=\"attachment-large size-large wp-image-6743\" alt=\"\" srcset=\"https:\/\/www-stg.orbiscorporation.com\/wp-content\/uploads\/2022\/12\/HANGING_BAG_CUSTOM_METAL_RACK-1024x683.jpg 1024w, https:\/\/www-stg.orbiscorporation.com\/wp-content\/uploads\/2022\/12\/HANGING_BAG_CUSTOM_METAL_RACK-800x533.jpg 800w, https:\/\/www-stg.orbiscorporation.com\/wp-content\/uploads\/2022\/12\/HANGING_BAG_CUSTOM_METAL_RACK-300x200.jpg 300w, https:\/\/www-stg.orbiscorporation.com\/wp-content\/uploads\/2022\/12\/HANGING_BAG_CUSTOM_METAL_RACK-768x512.jpg 768w, https:\/\/www-stg.orbiscorporation.com\/wp-content\/uploads\/2022\/12\/HANGING_BAG_CUSTOM_METAL_RACK-600x400.jpg 600w, https:\/\/www-stg.orbiscorporation.com\/wp-content\/uploads\/2022\/12\/HANGING_BAG_CUSTOM_METAL_RACK.jpg 1200w\" sizes=\"auto, (max-width: 800px) 100vw, 800px\">\t\t\t\t\t\t\t\t\t\t\t\t\t\t\t<\/div>\n\t\t\t\t<\/div>\n\t\t\t\t<\/div>\n\t\t<div class=\"elementor-element elementor-element-98be7fe e-con-full e-flex e-con e-child\" data-id=\"98be7fe\" data-element_type=\"container\" data-e-type=\"container\">\n\t\t\t\t<div data-dce-title-color=\"#02433E\" class=\"elementor-element elementor-element-b1ff6c0 elementor-widget elementor-widget-heading\" data-id=\"b1ff6c0\" data-element_type=\"widget\" data-e-type=\"widget\" data-widget_type=\"heading.default\">\n\t\t\t\t<div class=\"elementor-widget-container\">\n\t\t\t\t\t<h3 class=\"elementor-heading-title elementor-size-default\">Racks con Dunnage ORBIShield<\/h3>\t\t\t\t<\/div>\n\t\t\t\t<\/div>\n\t\t\t\t<div class=\"elementor-element elementor-element-ea82f78 elementor-widget elementor-widget-text-editor\" data-id=\"ea82f78\" data-element_type=\"widget\" data-e-type=\"widget\" data-widget_type=\"text-editor.default\">\n\t\t\t\t<div class=\"elementor-widget-container\">\n\t\t\t\t\t\t\t\t\t<p>Com\u00fanmente los rack con bolsas son parte de una soluci\u00f3n integral que nuestros clientes requieren para un programa automotriz. Con plantas de insertos textiles de Carolina del Sur y Silao, Mexico, ORBIS tiene la habilidad de desarrollar los mejores dise\u00f1os utilizando materiales y procesos de manufactura para entregar de acuerdo a presupuesto y fecha objetivo. Las soluciones de racks m\u00e1s comunes incluyen bolsas textiles y celdados de diversos tipos. <\/p>\t\t\t\t\t\t\t\t<\/div>\n\t\t\t\t<\/div>\n\t\t\t\t<div data-dce-background-color=\"#48939E\" class=\"elementor-element elementor-element-a93dc9e elementor-align-left elementor-mobile-align-center request-a-quote-click elementor-widget elementor-widget-button\" data-id=\"a93dc9e\" data-element_type=\"widget\" data-e-type=\"widget\" data-widget_type=\"button.default\">\n\t\t\t\t<div class=\"elementor-widget-container\">\n\t\t\t\t\t\t\t\t\t<div class=\"elementor-button-wrapper\">\n\t\t\t\t\t<a class=\"elementor-button elementor-button-link elementor-size-sm\" href=\"https:\/\/www-stg.orbiscorporation.com\/es-mx\/request-a-quote\/\">\n\t\t\t\t\t\t<span class=\"elementor-button-content-wrapper\">\n\t\t\t\t\t\t<span class=\"elementor-button-icon\">\n\t\t\t\t<i aria-hidden=\"true\" class=\"fas fa-arrow-right\"><\/i>\t\t\t<\/span>\n\t\t\t\t\t\t\t\t\t<span class=\"elementor-button-text\">Solicitar una cotizaci\u00f3n<\/span>\n\t\t\t\t\t<\/span>\n\t\t\t\t\t<\/a>\n\t\t\t\t<\/div>\n\t\t\t\t\t\t\t\t<\/div>\n\t\t\t\t<\/div>\n\t\t\t\t<\/div>\n\t\t\t\t\t<\/div>\n\t\t\t\t<\/div>\n\t\t<div data-dce-background-color=\"#FFFFFF\" class=\"elementor-element elementor-element-ff55a8b e-flex e-con-boxed e-con e-parent\" data-id=\"ff55a8b\" data-element_type=\"container\" data-e-type=\"container\" data-settings=\"{&quot;background_background&quot;:&quot;classic&quot;}\">\n\t\t\t\t\t<div class=\"e-con-inner\">\n\t\t<div class=\"elementor-element elementor-element-5181dc8 e-con-full e-flex e-con e-child\" data-id=\"5181dc8\" data-element_type=\"container\" data-e-type=\"container\">\n\t\t\t\t<div class=\"elementor-element elementor-element-f7c880b elementor-widget elementor-widget-image\" data-id=\"f7c880b\" data-element_type=\"widget\" data-e-type=\"widget\" data-widget_type=\"image.default\">\n\t\t\t\t<div class=\"elementor-widget-container\">\n\t\t\t\t\t\t\t\t\t\t\t\t\t\t\t<img loading=\"lazy\" decoding=\"async\" width=\"800\" height=\"477\" src=\"https:\/\/www-stg.orbiscorporation.com\/wp-content\/uploads\/2022\/12\/Folding-Rack.jpg\" class=\"attachment-large size-large wp-image-6418\" alt=\"\">\t\t\t\t\t\t\t\t\t\t\t\t\t\t\t<\/div>\n\t\t\t\t<\/div>\n\t\t\t\t<\/div>\n\t\t<div class=\"elementor-element elementor-element-c5c934c e-con-full e-flex e-con e-child\" data-id=\"c5c934c\" data-element_type=\"container\" data-e-type=\"container\">\n\t\t\t\t<div data-dce-title-color=\"#02433E\" class=\"elementor-element elementor-element-41c182e elementor-widget elementor-widget-heading\" data-id=\"41c182e\" data-element_type=\"widget\" data-e-type=\"widget\" data-widget_type=\"heading.default\">\n\t\t\t\t<div class=\"elementor-widget-container\">\n\t\t\t\t\t<h3 class=\"elementor-heading-title elementor-size-default\">Racks Plegables<\/h3>\t\t\t\t<\/div>\n\t\t\t\t<\/div>\n\t\t\t\t<div class=\"elementor-element elementor-element-03da9d0 elementor-widget elementor-widget-text-editor\" data-id=\"03da9d0\" data-element_type=\"widget\" data-e-type=\"widget\" data-widget_type=\"text-editor.default\">\n\t\t\t\t<div class=\"elementor-widget-container\">\n\t\t\t\t\t\t\t\t\t<p>Los bastidores plegables combinan la durabilidad del acero con la flexibilidad de colapsarse cuando se han descargado las piezas. Esta soluci\u00f3n de metal personalizada puede ahorrar de manera eficiente de 2 a 3 veces el espacio cuando est\u00e1 vac\u00eda, lo que reduce los costos de flete de devoluci\u00f3n. Se puede personalizar con nuestros separadores internos ORBIShield que se anida de manera eficiente cuando se pliega.  <\/p>\t\t\t\t\t\t\t\t<\/div>\n\t\t\t\t<\/div>\n\t\t\t\t<div data-dce-background-color=\"#48939E\" class=\"elementor-element elementor-element-05f5528 elementor-align-left elementor-mobile-align-center request-a-quote-click elementor-widget elementor-widget-button\" data-id=\"05f5528\" data-element_type=\"widget\" data-e-type=\"widget\" data-widget_type=\"button.default\">\n\t\t\t\t<div class=\"elementor-widget-container\">\n\t\t\t\t\t\t\t\t\t<div class=\"elementor-button-wrapper\">\n\t\t\t\t\t<a class=\"elementor-button elementor-button-link elementor-size-sm\" href=\"https:\/\/www-stg.orbiscorporation.com\/es-mx\/request-a-quote\/\">\n\t\t\t\t\t\t<span class=\"elementor-button-content-wrapper\">\n\t\t\t\t\t\t<span class=\"elementor-button-icon\">\n\t\t\t\t<i aria-hidden=\"true\" class=\"fas fa-arrow-right\"><\/i>\t\t\t<\/span>\n\t\t\t\t\t\t\t\t\t<span class=\"elementor-button-text\">Solicitar una cotizaci\u00f3n<\/span>\n\t\t\t\t\t<\/span>\n\t\t\t\t\t<\/a>\n\t\t\t\t<\/div>\n\t\t\t\t\t\t\t\t<\/div>\n\t\t\t\t<\/div>\n\t\t\t\t<\/div>\n\t\t\t\t\t<\/div>\n\t\t\t\t<\/div>\n\t\t<div data-dce-background-color=\"#FFFFFF\" class=\"elementor-element elementor-element-97fdca8 e-flex e-con-boxed e-con e-parent\" data-id=\"97fdca8\" data-element_type=\"container\" data-e-type=\"container\" data-settings=\"{&quot;background_background&quot;:&quot;classic&quot;}\">\n\t\t\t\t\t<div class=\"e-con-inner\">\n\t\t<div class=\"elementor-element elementor-element-5be1b18 e-con-full e-flex e-con e-child\" data-id=\"5be1b18\" data-element_type=\"container\" data-e-type=\"container\">\n\t\t\t\t<div class=\"elementor-element elementor-element-a85778c elementor-widget elementor-widget-image\" data-id=\"a85778c\" data-element_type=\"widget\" data-e-type=\"widget\" data-widget_type=\"image.default\">\n\t\t\t\t<div class=\"elementor-widget-container\">\n\t\t\t\t\t\t\t\t\t\t\t\t\t\t\t<img loading=\"lazy\" decoding=\"async\" width=\"1200\" height=\"800\" src=\"https:\/\/www-stg.orbiscorporation.com\/wp-content\/uploads\/2022\/12\/Work-in-Process-Rack-1.jpeg\" class=\"attachment-full size-full wp-image-6422\" alt=\"\" srcset=\"https:\/\/www-stg.orbiscorporation.com\/wp-content\/uploads\/2022\/12\/Work-in-Process-Rack-1.jpeg 1200w, https:\/\/www-stg.orbiscorporation.com\/wp-content\/uploads\/2022\/12\/Work-in-Process-Rack-1-800x533.jpeg 800w, https:\/\/www-stg.orbiscorporation.com\/wp-content\/uploads\/2022\/12\/Work-in-Process-Rack-1-300x200.jpeg 300w, https:\/\/www-stg.orbiscorporation.com\/wp-content\/uploads\/2022\/12\/Work-in-Process-Rack-1-1024x683.jpeg 1024w, https:\/\/www-stg.orbiscorporation.com\/wp-content\/uploads\/2022\/12\/Work-in-Process-Rack-1-768x512.jpeg 768w, https:\/\/www-stg.orbiscorporation.com\/wp-content\/uploads\/2022\/12\/Work-in-Process-Rack-1-600x400.jpeg 600w\" sizes=\"auto, (max-width: 1200px) 100vw, 1200px\">\t\t\t\t\t\t\t\t\t\t\t\t\t\t\t<\/div>\n\t\t\t\t<\/div>\n\t\t\t\t<\/div>\n\t\t<div class=\"elementor-element elementor-element-d053e84 e-con-full e-flex e-con e-child\" data-id=\"d053e84\" data-element_type=\"container\" data-e-type=\"container\">\n\t\t\t\t<div data-dce-title-color=\"#02433E\" class=\"elementor-element elementor-element-164b82d elementor-widget elementor-widget-heading\" data-id=\"164b82d\" data-element_type=\"widget\" data-e-type=\"widget\" data-widget_type=\"heading.default\">\n\t\t\t\t<div class=\"elementor-widget-container\">\n\t\t\t\t\t<h3 class=\"elementor-heading-title elementor-size-default\">Racks Para Uso Interno<\/h3>\t\t\t\t<\/div>\n\t\t\t\t<\/div>\n\t\t\t\t<div class=\"elementor-element elementor-element-3004abe elementor-widget elementor-widget-text-editor\" data-id=\"3004abe\" data-element_type=\"widget\" data-e-type=\"widget\" data-widget_type=\"text-editor.default\">\n\t\t\t\t<div class=\"elementor-widget-container\">\n\t\t\t\t\t\t\t\t\t<p>Los racks de uso interno son utilizados dentro de una planta y no para transporte externo. A menudo se equipan con ruedas para uso flexible de celda a celda. Permiten el flujo eficiente de producto dentro de la planta.   <\/p>\t\t\t\t\t\t\t\t<\/div>\n\t\t\t\t<\/div>\n\t\t\t\t<div data-dce-background-color=\"#48939E\" class=\"elementor-element elementor-element-ffcb65b elementor-align-left elementor-mobile-align-center request-a-quote-click elementor-widget elementor-widget-button\" data-id=\"ffcb65b\" data-element_type=\"widget\" data-e-type=\"widget\" data-widget_type=\"button.default\">\n\t\t\t\t<div class=\"elementor-widget-container\">\n\t\t\t\t\t\t\t\t\t<div class=\"elementor-button-wrapper\">\n\t\t\t\t\t<a class=\"elementor-button elementor-button-link elementor-size-sm\" href=\"https:\/\/www-stg.orbiscorporation.com\/es-mx\/request-a-quote\/\">\n\t\t\t\t\t\t<span class=\"elementor-button-content-wrapper\">\n\t\t\t\t\t\t<span class=\"elementor-button-icon\">\n\t\t\t\t<i aria-hidden=\"true\" class=\"fas fa-arrow-right\"><\/i>\t\t\t<\/span>\n\t\t\t\t\t\t\t\t\t<span class=\"elementor-button-text\">Solicitar una cotizaci\u00f3n<\/span>\n\t\t\t\t\t<\/span>\n\t\t\t\t\t<\/a>\n\t\t\t\t<\/div>\n\t\t\t\t\t\t\t\t<\/div>\n\t\t\t\t<\/div>\n\t\t\t\t<\/div>\n\t\t\t\t\t<\/div>\n\t\t\t\t<\/div>\n\t\t\t\t<\/div>\n\t\t","protected":false},"excerpt":{"rendered":"<p>\u00bfTienes alguna pregunta sobre un producto o quieres un presupuesto personalizado? \u00a1Ponte en contacto hoy mismo! Nuestros expertos est\u00e1n preparados para elaborar la soluci\u00f3n de envasado reutilizable perfecta para tus necesidades. Solicitar una cotizaci\u00f3n ORBIS se especializa en procesos de corte, doblado, soldadura, pintura en polvo y ensamblaje l\u00edderes en la industria para crear la [&hellip;]<\/p>\n","protected":false},"author":3,"featured_media":6425,"parent":8188,"menu_order":0,"comment_status":"closed","ping_status":"closed","template":"elementor_header_footer","meta":{"_acf_changed":false,"footnotes":""},"class_list":["post-8198","page","type-page","status-publish","has-post-thumbnail","hentry"],"acf":[],"_links":{"self":[{"href":"https:\/\/www-stg.orbiscorporation.com\/es-mx\/wp-json\/wp\/v2\/pages\/8198","targetHints":{"allow":["GET"]}}],"collection":[{"href":"https:\/\/www-stg.orbiscorporation.com\/es-mx\/wp-json\/wp\/v2\/pages"}],"about":[{"href":"https:\/\/www-stg.orbiscorporation.com\/es-mx\/wp-json\/wp\/v2\/types\/page"}],"author":[{"embeddable":true,"href":"https:\/\/www-stg.orbiscorporation.com\/es-mx\/wp-json\/wp\/v2\/users\/3"}],"replies":[{"embeddable":true,"href":"https:\/\/www-stg.orbiscorporation.com\/es-mx\/wp-json\/wp\/v2\/comments?post=8198"}],"version-history":[{"count":0,"href":"https:\/\/www-stg.orbiscorporation.com\/es-mx\/wp-json\/wp\/v2\/pages\/8198\/revisions"}],"up":[{"embeddable":true,"href":"https:\/\/www-stg.orbiscorporation.com\/es-mx\/wp-json\/wp\/v2\/pages\/8188"}],"wp:featuredmedia":[{"embeddable":true,"href":"https:\/\/www-stg.orbiscorporation.com\/es-mx\/wp-json\/wp\/v2\/media\/6425"}],"wp:attachment":[{"href":"https:\/\/www-stg.orbiscorporation.com\/es-mx\/wp-json\/wp\/v2\/media?parent=8198"}],"curies":[{"name":"wp","href":"https:\/\/api.w.org\/{rel}","templated":true}]}}