{"id":8420,"date":"2023-01-23T15:43:31","date_gmt":"2023-01-23T21:43:31","guid":{"rendered":"https:\/\/www.orbiscorporation.com\/servicios\/rpm-for-food-and-beverage\/"},"modified":"2025-11-04T10:57:24","modified_gmt":"2025-11-04T16:57:24","slug":"rpm-for-food-and-beverage","status":"publish","type":"page","link":"https:\/\/www-stg.orbiscorporation.com\/es-mx\/servicios\/rpm-for-food-and-beverage\/","title":{"rendered":"RPM Para Bebidas"},"content":{"rendered":"\t\t<div data-elementor-type=\"wp-page\" data-elementor-id=\"8420\" class=\"elementor elementor-8420 elementor-8414\" data-elementor-post-type=\"page\">\n\t\t\t\t<div class=\"elementor-element elementor-element-b4a48ec e-flex e-con-boxed e-con e-parent\" data-id=\"b4a48ec\" data-element_type=\"container\" data-e-type=\"container\" data-settings=\"{&quot;background_background&quot;:&quot;classic&quot;}\">\n\t\t\t\t\t<div class=\"e-con-inner\">\n\t\t\t\t<div class=\"elementor-element elementor-element-bcf0a6e elementor-widget elementor-widget-woocommerce-breadcrumb\" data-id=\"bcf0a6e\" data-element_type=\"widget\" data-e-type=\"widget\" data-widget_type=\"woocommerce-breadcrumb.default\">\n\t\t\t\t<div class=\"elementor-widget-container\">\n\t\t\t\t\t<nav class=\"woocommerce-breadcrumb\" aria-label=\"Breadcrumb\">Inicio<\/nav>\t\t\t\t<\/div>\n\t\t\t\t<\/div>\n\t\t\t\t\t<\/div>\n\t\t\t\t<\/div>\n\t\t<div class=\"elementor-element elementor-element-25269b1 e-flex e-con-boxed e-con e-parent\" data-id=\"25269b1\" data-element_type=\"container\" data-e-type=\"container\" data-settings=\"{&quot;background_background&quot;:&quot;classic&quot;}\">\n\t\t\t\t\t<div class=\"e-con-inner\">\n\t\t<div class=\"elementor-element elementor-element-63d450a e-con-full e-flex e-con e-child\" data-id=\"63d450a\" data-element_type=\"container\" data-e-type=\"container\" data-settings=\"{&quot;background_background&quot;:&quot;classic&quot;}\">\n\t\t\t\t<\/div>\n\t\t<div data-dce-background-color=\"#FFFFFF\" class=\"elementor-element elementor-element-69168e4 e-con-full elementor-hidden-tablet elementor-hidden-mobile e-flex e-con e-child\" data-id=\"69168e4\" data-element_type=\"container\" data-e-type=\"container\" data-settings=\"{&quot;background_background&quot;:&quot;classic&quot;}\">\n\t\t\t\t<div class=\"elementor-element elementor-element-470c77d elementor-widget elementor-widget-image\" data-id=\"470c77d\" data-element_type=\"widget\" data-e-type=\"widget\" data-widget_type=\"image.default\">\n\t\t\t\t<div class=\"elementor-widget-container\">\n\t\t\t\t\t\t\t\t\t\t\t\t\t\t\t<img loading=\"lazy\" decoding=\"async\" width=\"800\" height=\"450\" src=\"https:\/\/www-stg.orbiscorporation.com\/wp-content\/uploads\/2025\/02\/ORBIS-RPM-for-Food-and-Beverage-1024x576.png\" class=\"attachment-large size-large wp-image-13017\" alt=\"Worker in a yellow vest handling stacked pallets. Overlaid text: &quot;ORBIS RPM understands the beverage supply chain para bebidas.\" srcset=\"https:\/\/www-stg.orbiscorporation.com\/wp-content\/uploads\/2025\/02\/ORBIS-RPM-for-Food-and-Beverage-1024x576.png 1024w, https:\/\/www-stg.orbiscorporation.com\/wp-content\/uploads\/2025\/02\/ORBIS-RPM-for-Food-and-Beverage-300x169.png 300w, https:\/\/www-stg.orbiscorporation.com\/wp-content\/uploads\/2025\/02\/ORBIS-RPM-for-Food-and-Beverage-768x432.png 768w, https:\/\/www-stg.orbiscorporation.com\/wp-content\/uploads\/2025\/02\/ORBIS-RPM-for-Food-and-Beverage-1536x864.png 1536w, https:\/\/www-stg.orbiscorporation.com\/wp-content\/uploads\/2025\/02\/ORBIS-RPM-for-Food-and-Beverage.png 1920w\" sizes=\"auto, (max-width: 800px) 100vw, 800px\" \/>\t\t\t\t\t\t\t\t\t\t\t\t\t\t\t<\/div>\n\t\t\t\t<\/div>\n\t\t\t\t<\/div>\n\t\t\t\t\t<\/div>\n\t\t\t\t<\/div>\n\t\t<div class=\"elementor-element elementor-element-38e4cc9 e-flex e-con-boxed e-con e-parent\" data-id=\"38e4cc9\" data-element_type=\"container\" data-e-type=\"container\">\n\t\t\t\t\t<div class=\"e-con-inner\">\n\t\t<div data-dce-background-color=\"#02433E\" data-dce-background-overlay-image-url=\"https:\/\/www-stg.orbiscorporation.com\/wp-content\/uploads\/2025\/02\/ORBIS_Loop_Transparent-2.png\" class=\"elementor-element elementor-element-2c75c64 e-con-full e-flex e-con e-child\" data-id=\"2c75c64\" data-element_type=\"container\" data-e-type=\"container\" data-settings=\"{&quot;background_background&quot;:&quot;classic&quot;}\">\n\t\t\t\t<div data-dce-title-color=\"#FFFFFF\" class=\"elementor-element elementor-element-a1b6d36 elementor-widget elementor-widget-heading\" data-id=\"a1b6d36\" data-element_type=\"widget\" data-e-type=\"widget\" data-widget_type=\"heading.default\">\n\t\t\t\t<div class=\"elementor-widget-container\">\n\t\t\t\t\t<div class=\"elementor-heading-title elementor-size-default\">\u00bfTienes alguna pregunta sobre un producto o quieres un presupuesto personalizado?<\/div>\t\t\t\t<\/div>\n\t\t\t\t<\/div>\n\t\t\t\t<div data-dce-text-color=\"#FFFFFF\" class=\"elementor-element elementor-element-afd1464 elementor-widget elementor-widget-text-editor\" data-id=\"afd1464\" data-element_type=\"widget\" data-e-type=\"widget\" data-widget_type=\"text-editor.default\">\n\t\t\t\t<div class=\"elementor-widget-container\">\n\t\t\t\t\t\t\t\t\t<p>\u00a1Ponte en contacto hoy mismo! Nuestros expertos est\u00e1n preparados para elaborar la soluci\u00f3n de envasado reutilizable perfecta para tus necesidades.<\/p>\t\t\t\t\t\t\t\t<\/div>\n\t\t\t\t<\/div>\n\t\t\t\t<\/div>\n\t\t<div data-dce-background-color=\"#02433E\" class=\"elementor-element elementor-element-9035713 e-con-full e-flex e-con e-child\" data-id=\"9035713\" data-element_type=\"container\" data-e-type=\"container\" data-settings=\"{&quot;background_background&quot;:&quot;classic&quot;}\">\n\t\t\t\t<div data-dce-background-color=\"#48939E\" class=\"elementor-element elementor-element-f9749b8 elementor-align-center request-a-quote-click elementor-widget elementor-widget-button\" data-id=\"f9749b8\" data-element_type=\"widget\" data-e-type=\"widget\" data-widget_type=\"button.default\">\n\t\t\t\t<div class=\"elementor-widget-container\">\n\t\t\t\t\t\t\t\t\t<div class=\"elementor-button-wrapper\">\n\t\t\t\t\t<a class=\"elementor-button elementor-button-link elementor-size-sm\" href=\"https:\/\/www-stg.orbiscorporation.com\/es-mx\/request-a-quote\/\">\n\t\t\t\t\t\t<span class=\"elementor-button-content-wrapper\">\n\t\t\t\t\t\t<span class=\"elementor-button-icon\">\n\t\t\t\t<i aria-hidden=\"true\" class=\"fas fa-arrow-right\"><\/i>\t\t\t<\/span>\n\t\t\t\t\t\t\t\t\t<span class=\"elementor-button-text\">Solicitar una cotizaci\u00f3n<\/span>\n\t\t\t\t\t<\/span>\n\t\t\t\t\t<\/a>\n\t\t\t\t<\/div>\n\t\t\t\t\t\t\t\t<\/div>\n\t\t\t\t<\/div>\n\t\t\t\t<\/div>\n\t\t\t\t\t<\/div>\n\t\t\t\t<\/div>\n\t\t<div class=\"elementor-element elementor-element-833cdfd e-flex e-con-boxed e-con e-parent\" data-id=\"833cdfd\" data-element_type=\"container\" data-e-type=\"container\">\n\t\t\t\t\t<div class=\"e-con-inner\">\n\t\t<div class=\"elementor-element elementor-element-ee28b06 e-con-full e-flex e-con e-child\" data-id=\"ee28b06\" data-element_type=\"container\" data-e-type=\"container\">\n\t\t\t\t<div class=\"elementor-element elementor-element-5805d77 elementor-widget elementor-widget-image\" data-id=\"5805d77\" data-element_type=\"widget\" data-e-type=\"widget\" data-widget_type=\"image.default\">\n\t\t\t\t<div class=\"elementor-widget-container\">\n\t\t\t\t\t\t\t\t\t\t\t\t\t\t\t<img loading=\"lazy\" decoding=\"async\" width=\"800\" height=\"534\" src=\"https:\/\/www-stg.orbiscorporation.com\/wp-content\/uploads\/2022\/12\/MG_1583-1024x683.jpg\" class=\"attachment-large size-large wp-image-6261\" alt=\"Picture of associates cleaning collapsible bulk containers in ORBIS RPM facility\" srcset=\"https:\/\/www-stg.orbiscorporation.com\/wp-content\/uploads\/2022\/12\/MG_1583-1024x683.jpg 1024w, https:\/\/www-stg.orbiscorporation.com\/wp-content\/uploads\/2022\/12\/MG_1583-800x533.jpg 800w, https:\/\/www-stg.orbiscorporation.com\/wp-content\/uploads\/2022\/12\/MG_1583-300x200.jpg 300w, https:\/\/www-stg.orbiscorporation.com\/wp-content\/uploads\/2022\/12\/MG_1583-768x512.jpg 768w, https:\/\/www-stg.orbiscorporation.com\/wp-content\/uploads\/2022\/12\/MG_1583-600x400.jpg 600w, https:\/\/www-stg.orbiscorporation.com\/wp-content\/uploads\/2022\/12\/MG_1583.jpg 1200w\" sizes=\"auto, (max-width: 800px) 100vw, 800px\" \/>\t\t\t\t\t\t\t\t\t\t\t\t\t\t\t<\/div>\n\t\t\t\t<\/div>\n\t\t\t\t<\/div>\n\t\t<div class=\"elementor-element elementor-element-4ec97c8 e-con-full e-flex e-con e-child\" data-id=\"4ec97c8\" data-element_type=\"container\" data-e-type=\"container\">\n\t\t\t\t<div class=\"elementor-element elementor-element-19e6e61 elementor-widget elementor-widget-text-editor\" data-id=\"19e6e61\" data-element_type=\"widget\" data-e-type=\"widget\" data-widget_type=\"text-editor.default\">\n\t\t\t\t<div class=\"elementor-widget-container\">\n\t\t\t\t\t\t\t\t\t<p>ORBIS Reusable Packaging Managemen, ayuda a los l\u00edderes en la industria de bebidas, etc. a disfrutar de los beneficios de los sistemas de tarimas de pl\u00e1stico, eliminando a la vez la inversi\u00f3n total inicial y las complicaciones cotidianas de la gesti\u00f3n, el rastreo y la limpieza.<\/p>\t\t\t\t\t\t\t\t<\/div>\n\t\t\t\t<\/div>\n\t\t\t\t<div class=\"elementor-element elementor-element-4749e22 elementor-widget elementor-widget-text-editor\" data-id=\"4749e22\" data-element_type=\"widget\" data-e-type=\"widget\" data-widget_type=\"text-editor.default\">\n\t\t\t\t<div class=\"elementor-widget-container\">\n\t\t\t\t\t\t\t\t\t<p>Usando un segmento industrial de tarimas, separadores (l\u00e1minas divisoras) y marcos superiores, ORBIS reduce los costos de transporte de regreso al eliminar recargos en flete relacionados con la falta de empaque, maximizando la utilizaci\u00f3n de camiones de regreso y reduciendo los costos de acarreo de vuelta.<\/p>\t\t\t\t\t\t\t\t<\/div>\n\t\t\t\t<\/div>\n\t\t\t\t<div class=\"elementor-element elementor-element-00b89cb elementor-widget elementor-widget-text-editor\" data-id=\"00b89cb\" data-element_type=\"widget\" data-e-type=\"widget\" data-widget_type=\"text-editor.default\">\n\t\t\t\t<div class=\"elementor-widget-container\">\n\t\t\t\t\t\t\t\t\t<p>ORBIS se especializa en administrar las complejidades del transporte, el seguimiento y el servicio de un segmento de materiales de empaque. El conjunto de material de empaque reutilizable est\u00e1 disponible basado en cada viaje, eliminando la inversi\u00f3n inicial de la adquisici\u00f3n de materiales de empaque. <\/p>\t\t\t\t\t\t\t\t<\/div>\n\t\t\t\t<\/div>\n\t\t\t\t<div class=\"elementor-element elementor-element-c161730 elementor-widget elementor-widget-text-editor\" data-id=\"c161730\" data-element_type=\"widget\" data-e-type=\"widget\" data-widget_type=\"text-editor.default\">\n\t\t\t\t<div class=\"elementor-widget-container\">\n\t\t\t\t\t\t\t\t\t<p>ORBIS RPM administra todo el proceso, incluyendo planificaci\u00f3n, env\u00edos, seguimiento, limpieza, clasificaci\u00f3n, log\u00edstica inversa y reabastecimiento a pedido. Este sistema da a las empresas la libertad de enfocarse en su negocio e impacta positivamente al negocio en los aspectos operativo, financiero y ecol\u00f3gico. <\/p>\t\t\t\t\t\t\t\t<\/div>\n\t\t\t\t<\/div>\n\t\t\t\t<\/div>\n\t\t\t\t\t<\/div>\n\t\t\t\t<\/div>\n\t\t<div data-dce-background-color=\"#FFFFFF\" class=\"elementor-element elementor-element-4e9c3b5 e-flex e-con-boxed e-con e-parent\" data-id=\"4e9c3b5\" data-element_type=\"container\" data-e-type=\"container\" data-settings=\"{&quot;background_background&quot;:&quot;classic&quot;}\">\n\t\t\t\t\t<div class=\"e-con-inner\">\n\t\t\t\t<div class=\"elementor-element elementor-element-d75a4f7 elementor-widget elementor-widget-n-accordion\" data-id=\"d75a4f7\" data-element_type=\"widget\" data-e-type=\"widget\" data-settings=\"{&quot;default_state&quot;:&quot;all_collapsed&quot;,&quot;max_items_expended&quot;:&quot;one&quot;,&quot;n_accordion_animation_duration&quot;:{&quot;unit&quot;:&quot;ms&quot;,&quot;size&quot;:400,&quot;sizes&quot;:[]}}\" data-widget_type=\"nested-accordion.default\">\n\t\t\t\t<div class=\"elementor-widget-container\">\n\t\t\t\t\t\t\t<div class=\"e-n-accordion\" aria-label=\"Accordion. Open links with Enter or Space, close with Escape, and navigate with Arrow Keys\">\n\t\t\t\t\t\t<details id=\"e-n-accordion-item-2250\" class=\"e-n-accordion-item\" >\n\t\t\t\t<summary class=\"e-n-accordion-item-title\" data-accordion-index=\"1\" tabindex=\"0\" aria-expanded=\"false\" aria-controls=\"e-n-accordion-item-2250\" >\n\t\t\t\t\t<span class='e-n-accordion-item-title-header'><div class=\"e-n-accordion-item-title-text\"> Agrupaci\u00f3n <\/div><\/span>\n\t\t\t\t\t\t\t<span class='e-n-accordion-item-title-icon'>\n\t\t\t<span class='e-opened' ><i aria-hidden=\"true\" class=\"fas fa-minus\"><\/i><\/span>\n\t\t\t<span class='e-closed'><i aria-hidden=\"true\" class=\"fas fa-plus\"><\/i><\/span>\n\t\t<\/span>\n\n\t\t\t\t\t\t<\/summary>\n\t\t\t\t<div role=\"region\" aria-labelledby=\"e-n-accordion-item-2250\" class=\"elementor-element elementor-element-8ae4f42 e-con-full e-flex e-con e-child\" data-id=\"8ae4f42\" data-element_type=\"container\" data-e-type=\"container\">\n\t\t<div role=\"region\" aria-labelledby=\"e-n-accordion-item-2250\" class=\"elementor-element elementor-element-fbd78d4 e-flex e-con-boxed e-con e-child\" data-id=\"fbd78d4\" data-element_type=\"container\" data-e-type=\"container\">\n\t\t\t\t\t<div class=\"e-con-inner\">\n\t\t\t\t<div class=\"elementor-element elementor-element-e443172 elementor-widget elementor-widget-text-editor\" data-id=\"e443172\" data-element_type=\"widget\" data-e-type=\"widget\" data-widget_type=\"text-editor.default\">\n\t\t\t\t<div class=\"elementor-widget-container\">\n\t\t\t\t\t\t\t\t\t<p>Usando su segmento industrial de tarimas, separadores y marcos superiores, ORBIS RPM se asegura de que est\u00e9n disponibles los sistemas correctos de tarimas cuando y donde se necesiten, para evitar interrupciones en el sistema y cargos de despacho en los transportes que pueden surgir cuando no hay empaque disponible. Desde el fabricante de envases hasta el llenado y retorno, ORBIS RPM entiende la cadena de suministro de bebidas y administra el empaque para adecuarse a los requerimientos del cliente y brindar m\u00e1ximo valor a todos los socios de la cadena de suministro. <\/p>\n<p>ORBIS se especializa en administrar las complejidades del transporte, el seguimiento y el servicio de un segmento de materiales de empaque. En este segmento, el empaque est\u00e1 disponible basado en cada viaje, eliminando la inversi\u00f3n inicial de la adquisici\u00f3n de materiales de empaque. <\/p>\n<p>La disponibilidad constante de los productos agrupados reduce el costo, elimina tiempo improductivo del sistema debido a falta de empaque y reduce los requisitos de almacenamiento.<\/p>\n<p><b>Menores costos de empaque atribuibles a:<\/b><br><\/p><ul style=\"\"><li style=\"\">Mayor ciclo de vida \u00fatil \u2013 distribuye la inversi\u00f3n inicial a un costo por viaje<\/li><li>Mejor proceso de producci\u00f3n \u2013 minimiza el tiempo improductivo del equipo debido a mejor compatibilidad<\/li><li>Menos desperdicio del empaque \u2013 desecho de empaque consumible<\/li><li>Menos desperdicio del empaque \u2013 desecho de empaque consumible<\/li><\/ul>\n<p><b>Mejor programaci\u00f3n de empaques:<\/b><\/p>\n<ul>\n<li style=\"\">Monitoreo de los niveles de inventario mediante un software de gesti\u00f3n de bienes patentado<\/li>\n<li style=\"\">Entregas programadas basadas en planes de producci\u00f3n<\/li>\n<li style=\"\">Utiliza experiencia especializada en log\u00edstica para aprovechar al m\u00e1ximo la utilizaci\u00f3n de bienes<\/li>\n<li>Plenas responsabilidades de gesti\u00f3n<\/li>\n<\/ul>\n<p><b>Mejor gesti\u00f3n de riesgos:<br><\/b><\/p>\n<ul>\n<li>El empaque de pl\u00e1stico reutilizable tiene menor riesgo de contaminaci\u00f3n<\/li>\n<li>Mejor capacidad de apilamiento de los productos terminados y facilidad de manejo para mejorar la seguridad de los trabajadores<\/li>\n<li>Utilizaci\u00f3n de tecnolog\u00edas avanzadas de limpieza h\u00fameda y en seco que cumplen con los requerimientos de HACCP.<\/li>\n<li>ORBIS RPM gestiona su sistema de tal modo que se les facilite a sus clientes el funcionamiento de la cadena de su suministro. Tambi\u00e9n se ofrecen opciones de arrendamiento y alquiler. <\/li>\n<\/ul>\t\t\t\t\t\t\t\t<\/div>\n\t\t\t\t<\/div>\n\t\t\t\t\t<\/div>\n\t\t\t\t<\/div>\n\t\t\t\t<\/div>\n\t\t\t\t\t<\/details>\n\t\t\t\t\t\t<details id=\"e-n-accordion-item-2251\" class=\"e-n-accordion-item\" >\n\t\t\t\t<summary class=\"e-n-accordion-item-title\" data-accordion-index=\"2\" tabindex=\"-1\" aria-expanded=\"false\" aria-controls=\"e-n-accordion-item-2251\" >\n\t\t\t\t\t<span class='e-n-accordion-item-title-header'><div class=\"e-n-accordion-item-title-text\"> Limpieza <\/div><\/span>\n\t\t\t\t\t\t\t<span class='e-n-accordion-item-title-icon'>\n\t\t\t<span class='e-opened' ><i aria-hidden=\"true\" class=\"fas fa-minus\"><\/i><\/span>\n\t\t\t<span class='e-closed'><i aria-hidden=\"true\" class=\"fas fa-plus\"><\/i><\/span>\n\t\t<\/span>\n\n\t\t\t\t\t\t<\/summary>\n\t\t\t\t<div role=\"region\" aria-labelledby=\"e-n-accordion-item-2251\" class=\"elementor-element elementor-element-0878dc2 e-con-full e-flex e-con e-child\" data-id=\"0878dc2\" data-element_type=\"container\" data-e-type=\"container\">\n\t\t<div role=\"region\" aria-labelledby=\"e-n-accordion-item-2251\" class=\"elementor-element elementor-element-5263ff7 e-flex e-con-boxed e-con e-child\" data-id=\"5263ff7\" data-element_type=\"container\" data-e-type=\"container\">\n\t\t\t\t\t<div class=\"e-con-inner\">\n\t\t\t\t<div class=\"elementor-element elementor-element-286e68e elementor-widget elementor-widget-text-editor\" data-id=\"286e68e\" data-element_type=\"widget\" data-e-type=\"widget\" data-widget_type=\"text-editor.default\">\n\t\t\t\t<div class=\"elementor-widget-container\">\n\t\t\t\t\t\t\t\t\t<p>Hay numerosas opciones de limpieza disponibles con tecnolog\u00edas sofisticadas que respetan los requisitos de HACCP y de calidad apta para alimentos. Hay procesos microbiol\u00f3gicos y no-microbiol\u00f3gicos disponibles, dependiendo de los requisitos del cliente. <\/p><p>ORBIS RPM es l\u00edder en la industria en cuanto a la limpieza de l\u00e1minas s\u00f3lidas y corrugadas de pl\u00e1stico, usando tecnolog\u00edas h\u00famedas y microsecas. Estas tecnolog\u00edas est\u00e1n en conformidad con las reglamentaciones de HACCP en cuanto a calidad apta para alimentos. <\/p><p>Tanto los procesos h\u00famedos como los secos respetan las especificaciones de limpieza para empaque primario en la aplicaci\u00f3n de alimentos y bebidas. El procedimiento de higienizaci\u00f3n incorpora el uso de equipo de propiedad exclusiva y es controlado continuamente conforme a los procesos HACCP para asegurar la seguridad y calidad del producto. <\/p><p>El proceso de \u201climpieza h\u00fameda\u201d ofrece \u201cesterilizaci\u00f3n comercial\u201d y es lo m\u00e1s eficaz contra una amplia gama de impurezas. Las l\u00e1minas quedan \u201cesterilizadas industrialmente\u201d y m\u00e1s limpias que el producto que se coloca en ellas. Nuestro proceso califica que las l\u00e1minas est\u00e1n exentas de levadura&amp; moho, bacterias Mes\u00f3filas y E Coli.  <\/p><p>El proceso de limpieza MicroDry\u2122 es eficaz contra el polvo superficial y los contaminantes. La capacidad de emplear procesos de lavado de m\u00e1xima calidad para separadores conforme a las normas de alimentos y bebidas, distingue a ORBIS RPM de todos los dem\u00e1s. <\/p>\t\t\t\t\t\t\t\t<\/div>\n\t\t\t\t<\/div>\n\t\t\t\t\t<\/div>\n\t\t\t\t<\/div>\n\t\t\t\t<\/div>\n\t\t\t\t\t<\/details>\n\t\t\t\t\t\t<details id=\"e-n-accordion-item-2252\" class=\"e-n-accordion-item\" >\n\t\t\t\t<summary class=\"e-n-accordion-item-title\" data-accordion-index=\"3\" tabindex=\"-1\" aria-expanded=\"false\" aria-controls=\"e-n-accordion-item-2252\" >\n\t\t\t\t\t<span class='e-n-accordion-item-title-header'><div class=\"e-n-accordion-item-title-text\"> Reparacion <\/div><\/span>\n\t\t\t\t\t\t\t<span class='e-n-accordion-item-title-icon'>\n\t\t\t<span class='e-opened' ><i aria-hidden=\"true\" class=\"fas fa-minus\"><\/i><\/span>\n\t\t\t<span class='e-closed'><i aria-hidden=\"true\" class=\"fas fa-plus\"><\/i><\/span>\n\t\t<\/span>\n\n\t\t\t\t\t\t<\/summary>\n\t\t\t\t<div role=\"region\" aria-labelledby=\"e-n-accordion-item-2252\" class=\"elementor-element elementor-element-48f0e66 e-con-full e-flex e-con e-child\" data-id=\"48f0e66\" data-element_type=\"container\" data-e-type=\"container\">\n\t\t<div role=\"region\" aria-labelledby=\"e-n-accordion-item-2252\" class=\"elementor-element elementor-element-c9617f5 e-flex e-con-boxed e-con e-child\" data-id=\"c9617f5\" data-element_type=\"container\" data-e-type=\"container\">\n\t\t\t\t\t<div class=\"e-con-inner\">\n\t\t\t\t<div class=\"elementor-element elementor-element-bbb3c87 elementor-widget elementor-widget-text-editor\" data-id=\"bbb3c87\" data-element_type=\"widget\" data-e-type=\"widget\" data-widget_type=\"text-editor.default\">\n\t\t\t\t<div class=\"elementor-widget-container\">\n\t\t\t\t\t\t\t\t\t<p>ORBIS gestiona todas las reparaciones y el mantenimiento de los activos de embalaje del pool, para que puedas centrarte en tu actividad principal. Este mantenimiento preventivo regular alarga la vida \u00fatil de los activos del pool industrial. <\/p><p>ORBIS RPM tiene la experiencia y la capacidad para proporcionar reparaciones de paletas de pl\u00e1stico y bastidores superiores en cualquiera de nuestros centros de servicio. Los servicios incluyen la inspecci\u00f3n completa, la adquisici\u00f3n de las piezas de reparaci\u00f3n necesarias y el montaje completo. Reparamos cantidades que van desde unos pocos art\u00edculos hasta miles. Todas las reparaciones siguen los procesos recomendados por el fabricante.   <\/p><p>ORBIS tambi\u00e9n ofrece servicios de reciclaje de envases obsoletos.<\/p><p>Con la ayuda de ORBIS RPM, devuelve tus bienes a un estado estructuralmente sano y vuelve a ponerlos en servicio.<\/p>\t\t\t\t\t\t\t\t<\/div>\n\t\t\t\t<\/div>\n\t\t\t\t\t<\/div>\n\t\t\t\t<\/div>\n\t\t\t\t<\/div>\n\t\t\t\t\t<\/details>\n\t\t\t\t\t\t<details id=\"e-n-accordion-item-2253\" class=\"e-n-accordion-item\" >\n\t\t\t\t<summary class=\"e-n-accordion-item-title\" data-accordion-index=\"4\" tabindex=\"-1\" aria-expanded=\"false\" aria-controls=\"e-n-accordion-item-2253\" >\n\t\t\t\t\t<span class='e-n-accordion-item-title-header'><div class=\"e-n-accordion-item-title-text\"> Rastrear <\/div><\/span>\n\t\t\t\t\t\t\t<span class='e-n-accordion-item-title-icon'>\n\t\t\t<span class='e-opened' ><i aria-hidden=\"true\" class=\"fas fa-minus\"><\/i><\/span>\n\t\t\t<span class='e-closed'><i aria-hidden=\"true\" class=\"fas fa-plus\"><\/i><\/span>\n\t\t<\/span>\n\n\t\t\t\t\t\t<\/summary>\n\t\t\t\t<div role=\"region\" aria-labelledby=\"e-n-accordion-item-2253\" class=\"elementor-element elementor-element-dc2e3f5 e-con-full e-flex e-con e-child\" data-id=\"dc2e3f5\" data-element_type=\"container\" data-e-type=\"container\">\n\t\t<div role=\"region\" aria-labelledby=\"e-n-accordion-item-2253\" class=\"elementor-element elementor-element-b27297a e-flex e-con-boxed e-con e-child\" data-id=\"b27297a\" data-element_type=\"container\" data-e-type=\"container\">\n\t\t\t\t\t<div class=\"e-con-inner\">\n\t\t\t\t<div class=\"elementor-element elementor-element-5339d27 elementor-widget elementor-widget-text-editor\" data-id=\"5339d27\" data-element_type=\"widget\" data-e-type=\"widget\" data-widget_type=\"text-editor.default\">\n\t\t\t\t<div class=\"elementor-widget-container\">\n\t\t\t\t\t\t\t\t\t<p>ORBIS SmartTrak\u2122 es un software propio de gesti\u00f3n de activos que rastrea, gestiona y proporciona visibilidad de los activos de envases reutilizables dentro de nuestro parque industrial.Con ORBIS SmartTrakTM, RPM puede tomar decisiones estrat\u00e9gicas instant\u00e1neas sobre c\u00f3mo reponer y mover envases cuando y donde sea necesario para a\u00f1adir eficiencia al parque industrial.<\/p><p>Con ORBIS SmartTrak, podemos controlar los inventarios de envases y tener visibilidad de todos los inventarios de envases reutilizables, las cantidades en tr\u00e1nsito y todas las transacciones asociadas. Utilizando tecnolog\u00edas propias, vemos d\u00f3nde se necesitan los envases y los trasladamos al punto de necesidad, justo a tiempo para satisfacer la demanda. El sistema genera informes y proporciona notificaciones proactivas de eventos relacionados con los envases.  <\/p><p>Con estos datos, podemos reponer envases en funci\u00f3n de la demanda real, eliminar interrupciones y evitar expediciones de transporte asociadas a la falta de existencias de envases.<\/p>\t\t\t\t\t\t\t\t<\/div>\n\t\t\t\t<\/div>\n\t\t\t\t\t<\/div>\n\t\t\t\t<\/div>\n\t\t\t\t<\/div>\n\t\t\t\t\t<\/details>\n\t\t\t\t\t<\/div>\n\t\t\t\t\t\t<\/div>\n\t\t\t\t<\/div>\n\t\t\t\t\t<\/div>\n\t\t\t\t<\/div>\n\t\t\t\t<\/div>\n\t\t","protected":false},"excerpt":{"rendered":"<p>\u00bfTienes alguna pregunta sobre un producto o quieres un presupuesto personalizado? \u00a1Ponte en contacto hoy mismo! Nuestros expertos est\u00e1n preparados para elaborar la soluci\u00f3n de envasado reutilizable perfecta para tus necesidades. Solicitar una cotizaci\u00f3n ORBIS Reusable Packaging Managemen, ayuda a los l\u00edderes en la industria de bebidas, etc. a disfrutar de los beneficios de los [&hellip;]<\/p>\n","protected":false},"author":3,"featured_media":13017,"parent":7046,"menu_order":0,"comment_status":"closed","ping_status":"closed","template":"elementor_header_footer","meta":{"_acf_changed":false,"footnotes":""},"class_list":["post-8420","page","type-page","status-publish","has-post-thumbnail","hentry"],"acf":[],"_links":{"self":[{"href":"https:\/\/www-stg.orbiscorporation.com\/es-mx\/wp-json\/wp\/v2\/pages\/8420","targetHints":{"allow":["GET"]}}],"collection":[{"href":"https:\/\/www-stg.orbiscorporation.com\/es-mx\/wp-json\/wp\/v2\/pages"}],"about":[{"href":"https:\/\/www-stg.orbiscorporation.com\/es-mx\/wp-json\/wp\/v2\/types\/page"}],"author":[{"embeddable":true,"href":"https:\/\/www-stg.orbiscorporation.com\/es-mx\/wp-json\/wp\/v2\/users\/3"}],"replies":[{"embeddable":true,"href":"https:\/\/www-stg.orbiscorporation.com\/es-mx\/wp-json\/wp\/v2\/comments?post=8420"}],"version-history":[{"count":0,"href":"https:\/\/www-stg.orbiscorporation.com\/es-mx\/wp-json\/wp\/v2\/pages\/8420\/revisions"}],"up":[{"embeddable":true,"href":"https:\/\/www-stg.orbiscorporation.com\/es-mx\/wp-json\/wp\/v2\/pages\/7046"}],"wp:featuredmedia":[{"embeddable":true,"href":"https:\/\/www-stg.orbiscorporation.com\/es-mx\/wp-json\/wp\/v2\/media\/13017"}],"wp:attachment":[{"href":"https:\/\/www-stg.orbiscorporation.com\/es-mx\/wp-json\/wp\/v2\/media?parent=8420"}],"curies":[{"name":"wp","href":"https:\/\/api.w.org\/{rel}","templated":true}]}}