{"id":10949,"date":"2024-02-20T15:06:47","date_gmt":"2024-02-20T21:06:47","guid":{"rendered":"https:\/\/www.orbiscorporation.com\/products\/sin%20categor\u00eda\/opte4845-35\/"},"modified":"2026-01-29T12:33:23","modified_gmt":"2026-01-29T18:33:23","slug":"opte4845-35","status":"publish","type":"product","link":"https:\/\/www-stg.orbiscorporation.com\/es-mx\/products\/bulk-containers\/sleeve-packs\/opte4845-35\/","title":{"rendered":"OPTEBULK 4548-35"},"content":{"rendered":"\r\n<p>El sistema de mangas <i>OpteBulk (sleeve pack) de\u00a0<\/i>45\u201d x 48\u201d x 35\u201d es una alternativa sustentable a los <i>gaylords<\/i> de cart\u00f3n para el almacenamiento y distribuci\u00f3n de materia prima y productos terminados; ofreciendo ahorros en transporte, embalaje y almacenamiento como un contenedor reutilizable y colapsable.<br \/><br \/>Las mangas OpteBulk est\u00e1n fabricadas con Tri-Clone, el material trilaminado exclusivo de ORBIS. Garantizando una mayor resistencia estructural y es adaptable a diversas aplicaciones industriales.<\/p>\r\n<p>Tenemos varias configuraciones de mangas disponibles, tanto en una sola pieza como en m\u00faltiples piezas. ORBIS ofrece la opci\u00f3n de impresi\u00f3n personalizada y etiquetas tipo <i>placard<\/i> para facilitar su identificaci\u00f3n. Como accesorio adicional, ofrecemos puertas de acceso con cierre de velcro para mayor comodidad.\u00a0<\/p>\r\n<ul>\r\n<li>Contenedor ligero que puede armar y colapsar solo un operador<\/li>\r\n<li>M\u00e1xima colapsabilidad: hasta 230% m\u00e1s OPTEBULK por tr\u00e1iler en comparaci\u00f3n con contenedores r\u00edgidos de pl\u00e1stico.<\/li>\r\n<li>Dise\u00f1o tipo modular que, al colapsarse, contiene todos los componentes para un almacenamiento eficiente.<\/li>\r\n<li>Las mangas est\u00e1n fabricadas con Tri-Clone, una extrusi\u00f3n de PP trilaminada con resistencia bidireccional<\/li>\r\n<li>Permite colocar 28 posiciones de tarima por tr\u00e1iler, comparado con las 30 posiciones habituales.<\/li>\r\n<\/ul>\r\n<ul><\/ul>\r\n<!-- \/wp:post-content -->","protected":false},"excerpt":{"rendered":"<p>El sistema de mangas OpteBulk (sleeve pack) de\u00a045\u201d x 48\u201d x 35\u201d es una alternativa sustentable a los gaylords de cart\u00f3n para el almacenamiento y distribuci\u00f3n de materia prima y productos terminados; ofreciendo ahorros en transporte, embalaje y almacenamiento como un contenedor reutilizable y colapsable. Las mangas OpteBulk est\u00e1n fabricadas con Tri-Clone, el material trilaminado [&hellip;]<\/p>\n","protected":false},"featured_media":10838,"template":"","meta":{"_acf_changed":false},"product_brand":[],"product_cat":[1826,1841],"product_tag":[1814,1822],"class_list":{"0":"post-10949","1":"product","2":"type-product","3":"status-publish","4":"has-post-thumbnail","6":"product_cat-bulk-containers","7":"product_cat-sleeve-packs","8":"product_tag-automotriz","9":"product_tag-empaque-primario","11":"first","12":"instock","13":"shipping-taxable","14":"product-type-simple"},"acf":[],"gallery_images":[10840,10842,10832,10844,10836,10852],"_links":{"self":[{"href":"https:\/\/www-stg.orbiscorporation.com\/es-mx\/wp-json\/wp\/v2\/product\/10949","targetHints":{"allow":["GET"]}}],"collection":[{"href":"https:\/\/www-stg.orbiscorporation.com\/es-mx\/wp-json\/wp\/v2\/product"}],"about":[{"href":"https:\/\/www-stg.orbiscorporation.com\/es-mx\/wp-json\/wp\/v2\/types\/product"}],"wp:featuredmedia":[{"embeddable":true,"href":"https:\/\/www-stg.orbiscorporation.com\/es-mx\/wp-json\/wp\/v2\/media\/10838"}],"wp:attachment":[{"href":"https:\/\/www-stg.orbiscorporation.com\/es-mx\/wp-json\/wp\/v2\/media?parent=10949"}],"wp:term":[{"taxonomy":"product_brand","embeddable":true,"href":"https:\/\/www-stg.orbiscorporation.com\/es-mx\/wp-json\/wp\/v2\/product_brand?post=10949"},{"taxonomy":"product_cat","embeddable":true,"href":"https:\/\/www-stg.orbiscorporation.com\/es-mx\/wp-json\/wp\/v2\/product_cat?post=10949"},{"taxonomy":"product_tag","embeddable":true,"href":"https:\/\/www-stg.orbiscorporation.com\/es-mx\/wp-json\/wp\/v2\/product_tag?post=10949"}],"curies":[{"name":"wp","href":"https:\/\/api.w.org\/{rel}","templated":true}]}}