{"id":5691,"date":"2025-09-18T13:56:02","date_gmt":"2025-09-18T19:56:02","guid":{"rendered":"https:\/\/orbiscorporstg.wpengine.com\/product\/40-x-48-odsy-sd-closed-deck\/"},"modified":"2025-08-29T13:36:30","modified_gmt":"2025-08-29T19:36:30","slug":"40-x-48-odsy-sd-closed-deck","status":"publish","type":"product","link":"https:\/\/www-stg.orbiscorporation.com\/es-mx\/products\/plastic-pallets\/rackable\/40-x-48-odsy-sd-closed-deck\/","title":{"rendered":"40 x 48 ODYSSEY SD CLOSED DECK"},"content":{"rendered":"<p>La tarima de cubierta abierta Odyssey\u00ae SD de 40 x 48 es una soluci\u00f3n robusta que soporta cargas pesadas y proporciona estabilidad de carga con caracter\u00edsticas de dise\u00f1o \u00fanicas, que incluyen refuerzos de acero opcionales y elementos de fricci\u00f3n moldeados permanentes. La tarima Odyssey para rack est\u00e1 optimizada para una amplia variedad de aplicaciones y mercados, incluido el procesamiento de alimentos, almacenamiento en fr\u00edo, productos secos, agricultura, materias primas y almacenamiento de productos terminados. Las tarimas de pl\u00e1stico para rack optimizan el almacenamiento, reducen el da\u00f1o del producto que pueden ocurrir con las tarimas de madera y ofrecen consistencia dimensional optimizada para equipos automatizados. La cantidad de tarimas Odyssey con ceja que caben en un cami\u00f3n es de 510.<\/p>\n<p>Gracias a un estudio reciente ORBIS ha validado que su tarima de pl\u00e1stico Odissey de 40X48 pulgadas tiene aproximadamente 36 veces m\u00e1s vida \u00fatil que una tarima de madera de 40&#215;48 pulgadas. Investigadores del centro de empaque y dise\u00f1o de cargas de la Universidad Virginia Tech utilizaron el an\u00e1lisis de ciclo de vida FasTrack para comparar la durabilidad relativa. En las pruebas, la tarima de pl\u00e1stico Odyssey complet\u00f3 la secuencia de 400 ciclos sin fallar, mientras que la falla promedio de la tarima de madera fue despu\u00e9s de 11 ciclos. El an\u00e1lisis del ciclo de vida de FasTrack simula el manejo rudo de cargas unitarias paletizadas mediante una secuencia de manejo de varios pasos.<\/p>\n<ul>\n<li>Alta relaci\u00f3n resistencia-peso capaz de soportar m\u00e1s de 2800 lb en estanter\u00edas sin soporte<\/li>\n<li>Los elementos de fricci\u00f3n moldeados y permanentes minimizan el desplazamiento de la carga y no da\u00f1an el empaque del producto<\/li>\n<li>Dise\u00f1o ligero y agarraderas c\u00f3modas para un f\u00e1cil manejo manual<\/li>\n<li>Robusto y altamente resistente al impacto de equipos, ideal para aplicaciones robustas<\/li>\n<li>La parte inferior del larguero completo est\u00e1 dise\u00f1ada para los transportadores actuales<\/li>\n<\/ul>\n","protected":false},"excerpt":{"rendered":"<p>La tarima de cubierta abierta Odyssey\u00ae SD de 40 x 48 es una soluci\u00f3n robusta que soporta cargas pesadas y proporciona estabilidad de carga con caracter\u00edsticas de dise\u00f1o \u00fanicas, que incluyen refuerzos de acero opcionales y elementos de fricci\u00f3n moldeados permanentes. La tarima Odyssey para rack est\u00e1 optimizada para una amplia variedad de aplicaciones y [&hellip;]<\/p>\n","protected":false},"featured_media":10259,"template":"","meta":{"_acf_changed":false},"product_brand":[],"product_cat":[1849,1811],"product_tag":[4156,1812,1816,1819,1821,1815],"class_list":{"0":"post-5691","1":"product","2":"type-product","3":"status-publish","4":"has-post-thumbnail","6":"product_cat-rackable","7":"product_cat-plastic-pallets","8":"product_tag-40x48-es-mx-2","9":"product_tag-agricultura","10":"product_tag-bebidas","11":"product_tag-fabricacion-de-alimentos","12":"product_tag-farmaceutica","13":"product_tag-panaderia","15":"first","16":"instock","17":"product-type-simple"},"acf":[],"gallery_images":[11920,12187,12185,12183,12181],"_links":{"self":[{"href":"https:\/\/www-stg.orbiscorporation.com\/es-mx\/wp-json\/wp\/v2\/product\/5691","targetHints":{"allow":["GET"]}}],"collection":[{"href":"https:\/\/www-stg.orbiscorporation.com\/es-mx\/wp-json\/wp\/v2\/product"}],"about":[{"href":"https:\/\/www-stg.orbiscorporation.com\/es-mx\/wp-json\/wp\/v2\/types\/product"}],"wp:featuredmedia":[{"embeddable":true,"href":"https:\/\/www-stg.orbiscorporation.com\/es-mx\/wp-json\/wp\/v2\/media\/10259"}],"wp:attachment":[{"href":"https:\/\/www-stg.orbiscorporation.com\/es-mx\/wp-json\/wp\/v2\/media?parent=5691"}],"wp:term":[{"taxonomy":"product_brand","embeddable":true,"href":"https:\/\/www-stg.orbiscorporation.com\/es-mx\/wp-json\/wp\/v2\/product_brand?post=5691"},{"taxonomy":"product_cat","embeddable":true,"href":"https:\/\/www-stg.orbiscorporation.com\/es-mx\/wp-json\/wp\/v2\/product_cat?post=5691"},{"taxonomy":"product_tag","embeddable":true,"href":"https:\/\/www-stg.orbiscorporation.com\/es-mx\/wp-json\/wp\/v2\/product_tag?post=5691"}],"curies":[{"name":"wp","href":"https:\/\/api.w.org\/{rel}","templated":true}]}}