{"id":5696,"date":"2022-11-18T13:56:02","date_gmt":"2022-11-18T19:56:02","guid":{"rendered":"https:\/\/orbiscorporstg.wpengine.com\/product\/40-x-48-stckr-hd-str-open-deck\/"},"modified":"2023-04-27T15:19:15","modified_gmt":"2023-04-27T21:19:15","slug":"40-x-48-stckr-hd-str-open-deck","status":"publish","type":"product","link":"https:\/\/www-stg.orbiscorporation.com\/es-mx\/products\/plastic-pallets\/rackable\/40-x-48-stckr-hd-str-open-deck\/","title":{"rendered":"40 x 48 STACKER HD STR OPEN DECK"},"content":{"rendered":"<table width=\"1139\">\n<tbody>\n<tr>\n<td width=\"1139\">La tarima 40 x 48 Stack&#8217;R HD Open Deck est\u00e1 dise\u00f1ada para el apilamiento. Est\u00e1 hecha de polietileno de alta densidad y permite apilar un peso de hasta 2,500 libras. Su construcci\u00f3n pareja y no porosa protege el producto (sin clavos, corrosi\u00f3n ni astillas) y no absorbe la humedad ni olores. Su construcci\u00f3n totalmente pl\u00e1stica garantiza la uniformidad dimensional y un desempe\u00f1o repetible a lo largo de toda su vida \u00fatil. Disponible solo en azul. NOTA: Imagen con larguero opcional.<\/p>\n<ul>\n<li>Material aprobado por la FDA (est\u00e1ndar)<\/li>\n<li>Menor costo por viaje que las tarimas alternativas<\/li>\n<li>Manipulaci\u00f3n vers\u00e1til, con 4 v\u00edas de entrada para pat\u00edn manual y horquilla montacargas<\/li>\n<li>F\u00e1cilmente limpiable en cualquier aplicaci\u00f3n<\/li>\n<li>M\u00e1s ligera para mejor ergonom\u00eda<\/li>\n<li>Orificios manuales para un f\u00e1cil levantamiento<\/li>\n<li>Mayor cantidad por cami\u00f3n (510 unid.)<\/li>\n<\/ul>\n<\/td>\n<\/tr>\n<\/tbody>\n<\/table>\n","protected":false},"excerpt":{"rendered":"<p>La tarima 40 x 48 Stack&#8217;R HD Open Deck est\u00e1 dise\u00f1ada para el apilamiento. Est\u00e1 hecha de polietileno de alta densidad y permite apilar un peso de hasta 2,500 libras. Su construcci\u00f3n pareja y no porosa protege el producto (sin clavos, corrosi\u00f3n ni astillas) y no absorbe la humedad ni olores. Su construcci\u00f3n totalmente pl\u00e1stica [&hellip;]<\/p>\n","protected":false},"featured_media":3026,"template":"","meta":{"_acf_changed":false},"product_brand":[],"product_cat":[1849,1811],"product_tag":[4156,1812,1819,1821],"class_list":{"0":"post-5696","1":"product","2":"type-product","3":"status-publish","4":"has-post-thumbnail","6":"product_cat-rackable","7":"product_cat-plastic-pallets","8":"product_tag-40x48-es-mx-2","9":"product_tag-agricultura","10":"product_tag-fabricacion-de-alimentos","11":"product_tag-farmaceutica","13":"first","14":"instock","15":"product-type-simple"},"acf":[],"gallery_images":[],"_links":{"self":[{"href":"https:\/\/www-stg.orbiscorporation.com\/es-mx\/wp-json\/wp\/v2\/product\/5696","targetHints":{"allow":["GET"]}}],"collection":[{"href":"https:\/\/www-stg.orbiscorporation.com\/es-mx\/wp-json\/wp\/v2\/product"}],"about":[{"href":"https:\/\/www-stg.orbiscorporation.com\/es-mx\/wp-json\/wp\/v2\/types\/product"}],"wp:featuredmedia":[{"embeddable":true,"href":"https:\/\/www-stg.orbiscorporation.com\/es-mx\/wp-json\/wp\/v2\/media\/3026"}],"wp:attachment":[{"href":"https:\/\/www-stg.orbiscorporation.com\/es-mx\/wp-json\/wp\/v2\/media?parent=5696"}],"wp:term":[{"taxonomy":"product_brand","embeddable":true,"href":"https:\/\/www-stg.orbiscorporation.com\/es-mx\/wp-json\/wp\/v2\/product_brand?post=5696"},{"taxonomy":"product_cat","embeddable":true,"href":"https:\/\/www-stg.orbiscorporation.com\/es-mx\/wp-json\/wp\/v2\/product_cat?post=5696"},{"taxonomy":"product_tag","embeddable":true,"href":"https:\/\/www-stg.orbiscorporation.com\/es-mx\/wp-json\/wp\/v2\/product_tag?post=5696"}],"curies":[{"name":"wp","href":"https:\/\/api.w.org\/{rel}","templated":true}]}}