{"id":5700,"date":"2021-11-18T13:56:02","date_gmt":"2021-11-18T19:56:02","guid":{"rendered":"https:\/\/orbiscorporstg.wpengine.com\/product\/40-x-48-rii-ciisc-pc-frm\/"},"modified":"2023-04-27T15:19:35","modified_gmt":"2023-04-27T21:19:35","slug":"40-x-48-rii-ciisc-pc-frm","status":"publish","type":"product","link":"https:\/\/www-stg.orbiscorporation.com\/es-mx\/products\/plastic-pallets\/rackable\/40-x-48-rii-ciisc-pc-frm\/","title":{"rendered":"40 x 48 RII CIISC PC FRM"},"content":{"rendered":"<table width=\"1139\">\n<tbody>\n<tr>\n<td width=\"1139\">Las tarimas apilables ORBIS est\u00e1n dise\u00f1adas para almacenar productos en una amplia variedad de sistemas de apilamiento sin soporte, optimizando as\u00ed el valioso espacio del piso en los almacenes y sistemas de distribuci\u00f3n actuales. Las tarimas de pl\u00e1stico apilables optimizan el almacenamiento, reducen el da\u00f1o a los productos que puede ocurrir con las tarimas de madera y facilitan el movimiento de cargas de producto a lo largo de un sistema. Est\u00e1 fabricada con material 100% reciclable y es una alternativa econ\u00f3mica, ecol\u00f3gica y eficiente a las tarimas de madera o patines.<\/p>\n<ul>\n<li>Altamente resistente a los impactos<\/li>\n<li>Patas s\u00f3lidas\/sin largueros<\/li>\n<li>El dise\u00f1o de pared s\u00f3lida conserva la integridad, elimina el flujo fr\u00edo o &amp;ldquo;fluencia&#8221;, tiene una mayor durabilidad y es f\u00e1cil de desinfectar<\/li>\n<li>Largueros reparables y fondo enmarcado<\/li>\n<li>Tarima Supersack<\/li>\n<li>Se ofrecen gomas antiderrapantes opcionales (cant.: 16) o gr\u00e1ficas para puntas de horquilla (Cant.: 10)<\/li>\n<li>Entrada para horquilla montacargas: 4 v\u00edas<\/li>\n<li>Entrada para pat\u00edn manual: 2 v\u00edas<\/li>\n<\/ul>\n<\/td>\n<\/tr>\n<\/tbody>\n<\/table>\n","protected":false},"excerpt":{"rendered":"<p>Las tarimas apilables ORBIS est\u00e1n dise\u00f1adas para almacenar productos en una amplia variedad de sistemas de apilamiento sin soporte, optimizando as\u00ed el valioso espacio del piso en los almacenes y sistemas de distribuci\u00f3n actuales. Las tarimas de pl\u00e1stico apilables optimizan el almacenamiento, reducen el da\u00f1o a los productos que puede ocurrir con las tarimas de [&hellip;]<\/p>\n","protected":false},"featured_media":9455,"template":"","meta":{"_acf_changed":false},"product_brand":[],"product_cat":[1849,1811],"product_tag":[4156,1819,1821],"class_list":{"0":"post-5700","1":"product","2":"type-product","3":"status-publish","4":"has-post-thumbnail","6":"product_cat-rackable","7":"product_cat-plastic-pallets","8":"product_tag-40x48-es-mx-2","9":"product_tag-fabricacion-de-alimentos","10":"product_tag-farmaceutica","12":"first","13":"instock","14":"product-type-simple"},"acf":[],"gallery_images":[9459,9457],"_links":{"self":[{"href":"https:\/\/www-stg.orbiscorporation.com\/es-mx\/wp-json\/wp\/v2\/product\/5700","targetHints":{"allow":["GET"]}}],"collection":[{"href":"https:\/\/www-stg.orbiscorporation.com\/es-mx\/wp-json\/wp\/v2\/product"}],"about":[{"href":"https:\/\/www-stg.orbiscorporation.com\/es-mx\/wp-json\/wp\/v2\/types\/product"}],"wp:featuredmedia":[{"embeddable":true,"href":"https:\/\/www-stg.orbiscorporation.com\/es-mx\/wp-json\/wp\/v2\/media\/9455"}],"wp:attachment":[{"href":"https:\/\/www-stg.orbiscorporation.com\/es-mx\/wp-json\/wp\/v2\/media?parent=5700"}],"wp:term":[{"taxonomy":"product_brand","embeddable":true,"href":"https:\/\/www-stg.orbiscorporation.com\/es-mx\/wp-json\/wp\/v2\/product_brand?post=5700"},{"taxonomy":"product_cat","embeddable":true,"href":"https:\/\/www-stg.orbiscorporation.com\/es-mx\/wp-json\/wp\/v2\/product_cat?post=5700"},{"taxonomy":"product_tag","embeddable":true,"href":"https:\/\/www-stg.orbiscorporation.com\/es-mx\/wp-json\/wp\/v2\/product_tag?post=5700"}],"curies":[{"name":"wp","href":"https:\/\/api.w.org\/{rel}","templated":true}]}}