{"id":5703,"date":"2022-11-18T14:10:36","date_gmt":"2022-11-18T20:10:36","guid":{"rendered":"https:\/\/orbiscorporstg.wpengine.com\/product\/24-x-24-modular-pop\/"},"modified":"2025-10-31T11:44:59","modified_gmt":"2025-10-31T17:44:59","slug":"24-x-24-modular-pop","status":"publish","type":"product","link":"https:\/\/www-stg.orbiscorporation.com\/es-mx\/products\/plastic-pallets\/stackable\/24-x-24-modular-pop\/","title":{"rendered":"24 x 24 Modular POP"},"content":{"rendered":"<p>La tarima Modular POP ORBIS totalmente de pl\u00e1stico de 24 x 24 se acomoda a una gran variedad de exhibiciones y estructura POP de un cuarto de tama\u00f1o. Estas tarimas ofrecen a los comerciantes una atractiva soluci\u00f3n de exhibici\u00f3n con un eficiente manejo de material, creando f\u00e1cilmente exhibidores dentro o al final del pasillo, espec\u00edficamente en entornos de venta al menudeo de formato peque\u00f1o.\u00a0 La superficie plana y suave permite armarla f\u00e1cilmente en un almac\u00e9n o planta de empaque asociada. Una vez que las tarimas llegan a las instalaciones del menudista, se pueden llevar directamente al piso de ventas reduciendo costos de mano de obra y maximizando el espacio de almacenamiento. Su fabricaci\u00f3n de pl\u00e1stico no poroso permite limpiar f\u00e1cilmente el piso y manejarlas dentro del ambiente de venta al menudeo. Las esquinas contorneadas no da\u00f1an las cargas de producto y son amigables para el comprador. La construcci\u00f3n de cuerpo s\u00f3lido de uso rudo admite una amplia variedad de tama\u00f1os y pesos de carga.<\/p>\n<ul>\n<li>Reduce los riesgos de seguridad y los da\u00f1os al producto al eliminar los bordes afilados, astillas y clavos presentes en los empaques alternativos de madera<\/li>\n<li>Maximice la eficiencia laboral y reduzca la falta de existencias<\/li>\n<li>Proteja los exhibidores de productos promocionales y generales del polvo del suelo, residuos y humedad<\/li>\n<li>Reduzca los desechos de empaques eliminando el desecho de tarimas de madera<\/li>\n<\/ul>\n","protected":false},"excerpt":{"rendered":"<p>La tarima Modular POP ORBIS totalmente de pl\u00e1stico de 24 x 24 se acomoda a una gran variedad de exhibiciones y estructura POP de un cuarto de tama\u00f1o. Estas tarimas ofrecen a los comerciantes una atractiva soluci\u00f3n de exhibici\u00f3n con un eficiente manejo de material, creando f\u00e1cilmente exhibidores dentro o al final del pasillo, espec\u00edficamente [&hellip;]<\/p>\n","protected":false},"featured_media":2472,"template":"","meta":{"_acf_changed":false},"product_brand":[],"product_cat":[1850,1811],"product_tag":[4133,1824],"class_list":{"0":"post-5703","1":"product","2":"type-product","3":"status-publish","4":"has-post-thumbnail","6":"product_cat-stackable","7":"product_cat-plastic-pallets","8":"product_tag-24x24-es-mx-2","9":"product_tag-minoristas-comercializacion","11":"first","12":"instock","13":"product-type-simple"},"acf":[],"gallery_images":[2474],"_links":{"self":[{"href":"https:\/\/www-stg.orbiscorporation.com\/es-mx\/wp-json\/wp\/v2\/product\/5703","targetHints":{"allow":["GET"]}}],"collection":[{"href":"https:\/\/www-stg.orbiscorporation.com\/es-mx\/wp-json\/wp\/v2\/product"}],"about":[{"href":"https:\/\/www-stg.orbiscorporation.com\/es-mx\/wp-json\/wp\/v2\/types\/product"}],"wp:featuredmedia":[{"embeddable":true,"href":"https:\/\/www-stg.orbiscorporation.com\/es-mx\/wp-json\/wp\/v2\/media\/2472"}],"wp:attachment":[{"href":"https:\/\/www-stg.orbiscorporation.com\/es-mx\/wp-json\/wp\/v2\/media?parent=5703"}],"wp:term":[{"taxonomy":"product_brand","embeddable":true,"href":"https:\/\/www-stg.orbiscorporation.com\/es-mx\/wp-json\/wp\/v2\/product_brand?post=5703"},{"taxonomy":"product_cat","embeddable":true,"href":"https:\/\/www-stg.orbiscorporation.com\/es-mx\/wp-json\/wp\/v2\/product_cat?post=5703"},{"taxonomy":"product_tag","embeddable":true,"href":"https:\/\/www-stg.orbiscorporation.com\/es-mx\/wp-json\/wp\/v2\/product_tag?post=5703"}],"curies":[{"name":"wp","href":"https:\/\/api.w.org\/{rel}","templated":true}]}}