{"id":5704,"date":"2022-11-18T14:10:36","date_gmt":"2022-11-18T20:10:36","guid":{"rendered":"https:\/\/orbiscorporstg.wpengine.com\/product\/24-x-48-modular-pop\/"},"modified":"2025-08-20T14:34:41","modified_gmt":"2025-08-20T20:34:41","slug":"24-x-48-modular-pop","status":"publish","type":"product","link":"https:\/\/www-stg.orbiscorporation.com\/es-mx\/products\/plastic-pallets\/stackable\/24-x-48-modular-pop\/","title":{"rendered":"24 x 48 Modular POP"},"content":{"rendered":"<p>Las tarimas para exhibici\u00f3n son totalmente de pl\u00e1stico de ORBIS y est\u00e1n disponibles en una variedad de medidas para permitir el uso de un amplio rango de exhibidores\u00a0 y estructuras POP. Estas tarimas ofrecen a los comerciantes una atractiva soluci\u00f3n con eficiente manejo de material, creando f\u00e1cilmente\u00a0 exhibidores dentro o al final del pasillo.\u00a0 La superficie plana y suave permite armarla f\u00e1cilmente en un almac\u00e9n o planta de empaque asociada. Una vez que las tarimas llegan a las instalaciones del menudista,\u00a0 se pueden llevar directamente al piso de ventas, reduciendo costos de mano de obra y maximizando el espacio de almacenamiento. Su fabricaci\u00f3n de pl\u00e1stico no\u00a0 poroso permite limpiar f\u00e1cilmente el piso y manejarlas dentro del ambiente de venta al menudeo. Las esquinas contorneadas no\u00a0 da\u00f1an las cargas de producto y son amigables para el comprador. La construcci\u00f3n de cuerpo s\u00f3lido de uso rudo admite una amplia variedad de\u00a0 tama\u00f1os y pesos de carga.<\/p>\n<ul>\n<li>Reduce los pasivos de seguridad mientras reduce los da\u00f1os al producto al eliminar los bordes afilados, astillas y clavos presentes en los empaques alternativos de madera<\/li>\n<li>Maximice la eficiencia laboral y reduzca la falta de existencias<\/li>\n<li>Proteja los exhibidores de productos promocionales y generales del polvo del suelo, residuos y humedad<\/li>\n<li>Reduzca los desechos de empaques eliminando el desecho de tarimas de madera<\/li>\n<\/ul>\n","protected":false},"excerpt":{"rendered":"<p>Las tarimas para exhibici\u00f3n son totalmente de pl\u00e1stico de ORBIS y est\u00e1n disponibles en una variedad de medidas para permitir el uso de un amplio rango de exhibidores\u00a0 y estructuras POP. Estas tarimas ofrecen a los comerciantes una atractiva soluci\u00f3n con eficiente manejo de material, creando f\u00e1cilmente\u00a0 exhibidores dentro o al final del pasillo.\u00a0 La [&hellip;]<\/p>\n","protected":false},"featured_media":2474,"template":"","meta":{"_acf_changed":false},"product_brand":[],"product_cat":[1850,1811],"product_tag":[4134,1824],"class_list":{"0":"post-5704","1":"product","2":"type-product","3":"status-publish","4":"has-post-thumbnail","6":"product_cat-stackable","7":"product_cat-plastic-pallets","8":"product_tag-24x48-es-mx-2","9":"product_tag-minoristas-comercializacion","11":"first","12":"instock","13":"product-type-simple"},"acf":[],"gallery_images":[],"_links":{"self":[{"href":"https:\/\/www-stg.orbiscorporation.com\/es-mx\/wp-json\/wp\/v2\/product\/5704","targetHints":{"allow":["GET"]}}],"collection":[{"href":"https:\/\/www-stg.orbiscorporation.com\/es-mx\/wp-json\/wp\/v2\/product"}],"about":[{"href":"https:\/\/www-stg.orbiscorporation.com\/es-mx\/wp-json\/wp\/v2\/types\/product"}],"wp:featuredmedia":[{"embeddable":true,"href":"https:\/\/www-stg.orbiscorporation.com\/es-mx\/wp-json\/wp\/v2\/media\/2474"}],"wp:attachment":[{"href":"https:\/\/www-stg.orbiscorporation.com\/es-mx\/wp-json\/wp\/v2\/media?parent=5704"}],"wp:term":[{"taxonomy":"product_brand","embeddable":true,"href":"https:\/\/www-stg.orbiscorporation.com\/es-mx\/wp-json\/wp\/v2\/product_brand?post=5704"},{"taxonomy":"product_cat","embeddable":true,"href":"https:\/\/www-stg.orbiscorporation.com\/es-mx\/wp-json\/wp\/v2\/product_cat?post=5704"},{"taxonomy":"product_tag","embeddable":true,"href":"https:\/\/www-stg.orbiscorporation.com\/es-mx\/wp-json\/wp\/v2\/product_tag?post=5704"}],"curies":[{"name":"wp","href":"https:\/\/api.w.org\/{rel}","templated":true}]}}