{"id":5705,"date":"2022-12-15T10:11:32","date_gmt":"2022-12-15T16:11:32","guid":{"rendered":"https:\/\/orbiscorporstg.wpengine.com\/product\/30-x-32-ciisf\/"},"modified":"2025-10-08T10:52:13","modified_gmt":"2025-10-08T16:52:13","slug":"30-x-32-ciisf","status":"publish","type":"product","link":"https:\/\/www-stg.orbiscorporation.com\/es-mx\/products\/plastic-pallets\/pared-recta-tarimas\/30-x-32-ciisf\/","title":{"rendered":"30 x 32 CIISF"},"content":{"rendered":"<p>Las tarimas apilables ORBIS est\u00e1n dise\u00f1adas para manejar y embarcar cargas de producto pesadas en ambientes de almacenamiento, procesamiento y manufactura. Estas tarimas de pl\u00e1stico reutilizables ofrecen una larga vida de servicio y son ideales para cargas apiladas, sistemas de banda transportadora, distribuci\u00f3n y almacenamiento est\u00e1tico. Su dise\u00f1o suave no poroso hace estas tarimas f\u00e1ciles de limpiar. Est\u00e1 fabricada con material 100% reciclable y es una alternativa econ\u00f3mica, ecol\u00f3gica y eficiente a las tarimas de madera o patines.<\/p>\n<ul>\n<li>Medidas de 30 x 32<\/li>\n<li>Espuma estructural moldeada<\/li>\n<li>Reciclable<\/li>\n<li>Cargas &amp;ldquo;sin adivinar&#8221;, con salientes moldeados para asegurar y posicionar adecuadamente los contenedores<\/li>\n<li>Se ofrecen cinturones de seguridad opcionales. (\u00fanicamente en lados de 30)<\/li>\n<li>Entrada para horquilla montacargas: 4 v\u00edas<\/li>\n<li>Entrada para pat\u00edn manual: 2 v\u00edas (lado de 32&#8243;)<\/li>\n<\/ul>\n","protected":false},"excerpt":{"rendered":"<p>Las tarimas apilables ORBIS est\u00e1n dise\u00f1adas para manejar y embarcar cargas de producto pesadas en ambientes de almacenamiento, procesamiento y manufactura. Estas tarimas de pl\u00e1stico reutilizables ofrecen una larga vida de servicio y son ideales para cargas apiladas, sistemas de banda transportadora, distribuci\u00f3n y almacenamiento est\u00e1tico. Su dise\u00f1o suave no poroso hace estas tarimas f\u00e1ciles [&hellip;]<\/p>\n","protected":false},"featured_media":5563,"template":"","meta":{"_acf_changed":false},"product_brand":[],"product_cat":[1811,1874],"product_tag":[4149,1814],"class_list":{"0":"post-5705","1":"product","2":"type-product","3":"status-publish","4":"has-post-thumbnail","6":"product_cat-plastic-pallets","7":"product_cat-pared-recta-tarimas","8":"product_tag-30x32-es-mx-2","9":"product_tag-automotriz","11":"first","12":"instock","13":"product-type-simple"},"acf":[],"gallery_images":[],"_links":{"self":[{"href":"https:\/\/www-stg.orbiscorporation.com\/es-mx\/wp-json\/wp\/v2\/product\/5705","targetHints":{"allow":["GET"]}}],"collection":[{"href":"https:\/\/www-stg.orbiscorporation.com\/es-mx\/wp-json\/wp\/v2\/product"}],"about":[{"href":"https:\/\/www-stg.orbiscorporation.com\/es-mx\/wp-json\/wp\/v2\/types\/product"}],"wp:featuredmedia":[{"embeddable":true,"href":"https:\/\/www-stg.orbiscorporation.com\/es-mx\/wp-json\/wp\/v2\/media\/5563"}],"wp:attachment":[{"href":"https:\/\/www-stg.orbiscorporation.com\/es-mx\/wp-json\/wp\/v2\/media?parent=5705"}],"wp:term":[{"taxonomy":"product_brand","embeddable":true,"href":"https:\/\/www-stg.orbiscorporation.com\/es-mx\/wp-json\/wp\/v2\/product_brand?post=5705"},{"taxonomy":"product_cat","embeddable":true,"href":"https:\/\/www-stg.orbiscorporation.com\/es-mx\/wp-json\/wp\/v2\/product_cat?post=5705"},{"taxonomy":"product_tag","embeddable":true,"href":"https:\/\/www-stg.orbiscorporation.com\/es-mx\/wp-json\/wp\/v2\/product_tag?post=5705"}],"curies":[{"name":"wp","href":"https:\/\/api.w.org\/{rel}","templated":true}]}}