{"id":5712,"date":"2022-11-18T14:10:36","date_gmt":"2022-11-18T20:10:36","guid":{"rendered":"https:\/\/orbiscorporstg.wpengine.com\/product\/40-x-48-grab-a-block-with-3-0-connectors\/"},"modified":"2024-08-15T14:40:55","modified_gmt":"2024-08-15T20:40:55","slug":"40-x-48-grab-a-block-with-3-0-connectors","status":"publish","type":"product","link":"https:\/\/www-stg.orbiscorporation.com\/es-mx\/products\/plastic-pallets\/stackable\/40-x-48-grab-a-block-with-3-0-connectors\/","title":{"rendered":"40 x 48 Grab-A-Block with 3.0&#8243; connectors"},"content":{"rendered":"<p>ORBIS 40 x 48 BulkPal pallets are designed for handling and shipping heavy product loads in warehousing, processing, and manufacturing environments. These reusable plastic pallets offer a long service life and are ideal for stack loading, conveying systems, distribution, and static storage. The non-porous, smooth design makes these pallets easily cleanable. These plastic pallets offer an economic, environmental, and efficient alternative to wood pallets or skids.<\/p>\n<p><strong>El peso puede variar para el modelo aprobado por la FM. Llame o solicite una cotizaci\u00f3n para obtener m\u00e1s informaci\u00f3n.\u00a0<\/strong><\/p>\n<ul>\n<li>Patented snap-fit design for on-site repair<\/li>\n<\/ul>\n","protected":false},"excerpt":{"rendered":"<p>ORBIS 40 x 48 BulkPal pallets are designed for handling and shipping heavy product loads in warehousing, processing, and manufacturing environments. These reusable plastic pallets offer a long service life and are ideal for stack loading, conveying systems, distribution, and static storage. The non-porous, smooth design makes these pallets easily cleanable. These plastic pallets offer [&hellip;]<\/p>\n","protected":false},"featured_media":2532,"template":"","meta":{"_acf_changed":true},"product_brand":[],"product_cat":[1850,1811],"product_tag":[4156,1819],"class_list":{"0":"post-5712","1":"product","2":"type-product","3":"status-publish","4":"has-post-thumbnail","6":"product_cat-stackable","7":"product_cat-plastic-pallets","8":"product_tag-40x48-es-mx-2","9":"product_tag-fabricacion-de-alimentos","11":"first","12":"instock","13":"product-type-simple"},"acf":[],"gallery_images":[2538,2536,2534],"_links":{"self":[{"href":"https:\/\/www-stg.orbiscorporation.com\/es-mx\/wp-json\/wp\/v2\/product\/5712","targetHints":{"allow":["GET"]}}],"collection":[{"href":"https:\/\/www-stg.orbiscorporation.com\/es-mx\/wp-json\/wp\/v2\/product"}],"about":[{"href":"https:\/\/www-stg.orbiscorporation.com\/es-mx\/wp-json\/wp\/v2\/types\/product"}],"wp:featuredmedia":[{"embeddable":true,"href":"https:\/\/www-stg.orbiscorporation.com\/es-mx\/wp-json\/wp\/v2\/media\/2532"}],"wp:attachment":[{"href":"https:\/\/www-stg.orbiscorporation.com\/es-mx\/wp-json\/wp\/v2\/media?parent=5712"}],"wp:term":[{"taxonomy":"product_brand","embeddable":true,"href":"https:\/\/www-stg.orbiscorporation.com\/es-mx\/wp-json\/wp\/v2\/product_brand?post=5712"},{"taxonomy":"product_cat","embeddable":true,"href":"https:\/\/www-stg.orbiscorporation.com\/es-mx\/wp-json\/wp\/v2\/product_cat?post=5712"},{"taxonomy":"product_tag","embeddable":true,"href":"https:\/\/www-stg.orbiscorporation.com\/es-mx\/wp-json\/wp\/v2\/product_tag?post=5712"}],"curies":[{"name":"wp","href":"https:\/\/api.w.org\/{rel}","templated":true}]}}