{"id":5717,"date":"2022-11-18T14:10:36","date_gmt":"2022-11-18T20:10:36","guid":{"rendered":"https:\/\/orbiscorporstg.wpengine.com\/product\/40-x-48-hdsc-3-drum\/"},"modified":"2024-08-15T14:23:04","modified_gmt":"2024-08-15T20:23:04","slug":"40-x-48-hdsc-3-drum","status":"publish","type":"product","link":"https:\/\/www-stg.orbiscorporation.com\/es-mx\/products\/plastic-pallets\/stackable\/40-x-48-hdsc-3-drum\/","title":{"rendered":"40 x 48 HDSC 3-Drum"},"content":{"rendered":"\n<p>La tarima ORBIS 40 x 48 HDSC de tres tambores est\u00e1dise\u00f1ada para manejar y embarcar cargas de producto pesadas en ambientes de almacenamiento, procesamiento y manufactura. Estas tarimas de pl\u00e1stico reutilizables ofrecen una larga vida de servicio y son ideales para cargas apiladas, sistemas de banda transportadora, distribuci\u00f3n y almacenamiento est\u00e1tico. Su dise\u00f1o suave no poroso hace estas tarimas f\u00e1ciles de limpiar. Esta tarima ofrece una alternativa econ\u00f3mica, ecol\u00f3gica y eficiente a las tarimas de madera o patines.<\/p>\n\n\n\n<p><strong>El peso puede variar para el modelo aprobado por la FM. Llame o solicite una cotizaci\u00f3n para obtener m\u00e1s informaci\u00f3n.&nbsp;<\/strong><\/p>\n\n\n\n<ul class=\"wp-block-list\">\n<li>Tarima de 3 tambores<\/li>\n\n\n\n<li>Dise\u00f1o de flujo libre para facilitar la limpieza<\/li>\n\n\n\n<li>Fabricada en HDPE<\/li>\n\n\n\n<li>Disponible en material aprobado por la FDA<\/li>\n\n\n\n<li>Entrada para horquilla montacargas: 4 v\u00edas<\/li>\n\n\n\n<li>Entrada para pat\u00edn manual: 4 v\u00edas<\/li>\n<\/ul>\n","protected":false},"excerpt":{"rendered":"<p>La tarima ORBIS 40 x 48 HDSC de tres tambores est\u00e1dise\u00f1ada para manejar y embarcar cargas de producto pesadas en ambientes de almacenamiento, procesamiento y manufactura. Estas tarimas de pl\u00e1stico reutilizables ofrecen una larga vida de servicio y son ideales para cargas apiladas, sistemas de banda transportadora, distribuci\u00f3n y almacenamiento est\u00e1tico. Su dise\u00f1o suave no [&hellip;]<\/p>\n","protected":false},"featured_media":8459,"template":"","meta":{"_acf_changed":true},"product_brand":[],"product_cat":[1811,1850],"product_tag":[4156,1819,1821],"class_list":{"0":"post-5717","1":"product","2":"type-product","3":"status-publish","4":"has-post-thumbnail","6":"product_cat-plastic-pallets","7":"product_cat-stackable","8":"product_tag-40x48-es-mx-2","9":"product_tag-fabricacion-de-alimentos","10":"product_tag-farmaceutica","12":"first","13":"instock","14":"product-type-simple"},"acf":[],"gallery_images":[],"_links":{"self":[{"href":"https:\/\/www-stg.orbiscorporation.com\/es-mx\/wp-json\/wp\/v2\/product\/5717","targetHints":{"allow":["GET"]}}],"collection":[{"href":"https:\/\/www-stg.orbiscorporation.com\/es-mx\/wp-json\/wp\/v2\/product"}],"about":[{"href":"https:\/\/www-stg.orbiscorporation.com\/es-mx\/wp-json\/wp\/v2\/types\/product"}],"wp:featuredmedia":[{"embeddable":true,"href":"https:\/\/www-stg.orbiscorporation.com\/es-mx\/wp-json\/wp\/v2\/media\/8459"}],"wp:attachment":[{"href":"https:\/\/www-stg.orbiscorporation.com\/es-mx\/wp-json\/wp\/v2\/media?parent=5717"}],"wp:term":[{"taxonomy":"product_brand","embeddable":true,"href":"https:\/\/www-stg.orbiscorporation.com\/es-mx\/wp-json\/wp\/v2\/product_brand?post=5717"},{"taxonomy":"product_cat","embeddable":true,"href":"https:\/\/www-stg.orbiscorporation.com\/es-mx\/wp-json\/wp\/v2\/product_cat?post=5717"},{"taxonomy":"product_tag","embeddable":true,"href":"https:\/\/www-stg.orbiscorporation.com\/es-mx\/wp-json\/wp\/v2\/product_tag?post=5717"}],"curies":[{"name":"wp","href":"https:\/\/api.w.org\/{rel}","templated":true}]}}