{"id":5719,"date":"2022-11-18T14:10:36","date_gmt":"2022-11-18T20:10:36","guid":{"rendered":"https:\/\/orbiscorporstg.wpengine.com\/product\/40-x-48-p3-pallet-with-reinforcement\/"},"modified":"2025-04-10T08:06:21","modified_gmt":"2025-04-10T14:06:21","slug":"40-x-48-p3-pallet-with-reinforcement","status":"publish","type":"product","link":"https:\/\/www-stg.orbiscorporation.com\/es-mx\/products\/plastic-pallets\/stackable\/40-x-48-p3-pallet-with-reinforcement\/","title":{"rendered":"40 x 48 P3 Pallet with reinforcement"},"content":{"rendered":"<p>La tarima P3 de 40 x 48 es liviana, higi\u00e9nica, duradera y se integra a la perfecci\u00f3n con equipos de manejo de materiales manuales y autom\u00e1ticos. Totalmente reutilizable y fabricado con pl\u00e1stico reciclado, la tarima P3 es un reemplazo sostenible de las tarimas de madera. Las soluciones pl\u00e1sticas de empaque de ORBIS est\u00e1n optimizadas para la fabricaci\u00f3n y el transporte de aplicaciones de preformas, tapas, cierres y botellas sopladas. Sus almohadillas de cubierta moldeadas con \u00e1rea de superficie adicional admiten m\u00faltiples configuraciones de dise\u00f1o de caja para proteger las esquinas de la caja y la altura de perfil bajo de 5.1\u201d est\u00e1 optimizada para la estiba doble en estantes y las eficiencias de carga de camiones lo hacen ideal para los circuitos de env\u00edo de empaque primario.<\/p>\n<p>Admite m\u00faltiples configuraciones de dise\u00f1o de caja<\/p>\n<ul>\n<li style=\"list-style-type: none;\">\n<ul>\n<li>Dise\u00f1o de flujo continuo de pl\u00e1stico<\/li>\n<li>Parte inferior del larguero completo<\/li>\n<\/ul>\n<\/li>\n<\/ul>\n","protected":false},"excerpt":{"rendered":"<p>La tarima P3 de 40 x 48 es liviana, higi\u00e9nica, duradera y se integra a la perfecci\u00f3n con equipos de manejo de materiales manuales y autom\u00e1ticos. Totalmente reutilizable y fabricado con pl\u00e1stico reciclado, la tarima P3 es un reemplazo sostenible de las tarimas de madera. Las soluciones pl\u00e1sticas de empaque de ORBIS est\u00e1n optimizadas para [&hellip;]<\/p>\n","protected":false},"featured_media":10243,"template":"","meta":{"_acf_changed":false},"product_brand":[],"product_cat":[1850,1811],"product_tag":[4156,1822],"class_list":{"0":"post-5719","1":"product","2":"type-product","3":"status-publish","4":"has-post-thumbnail","6":"product_cat-stackable","7":"product_cat-plastic-pallets","8":"product_tag-40x48-es-mx-2","9":"product_tag-empaque-primario","11":"first","12":"instock","13":"product-type-simple"},"acf":[],"gallery_images":[11922,12203,12201,12199,12197],"_links":{"self":[{"href":"https:\/\/www-stg.orbiscorporation.com\/es-mx\/wp-json\/wp\/v2\/product\/5719","targetHints":{"allow":["GET"]}}],"collection":[{"href":"https:\/\/www-stg.orbiscorporation.com\/es-mx\/wp-json\/wp\/v2\/product"}],"about":[{"href":"https:\/\/www-stg.orbiscorporation.com\/es-mx\/wp-json\/wp\/v2\/types\/product"}],"wp:featuredmedia":[{"embeddable":true,"href":"https:\/\/www-stg.orbiscorporation.com\/es-mx\/wp-json\/wp\/v2\/media\/10243"}],"wp:attachment":[{"href":"https:\/\/www-stg.orbiscorporation.com\/es-mx\/wp-json\/wp\/v2\/media?parent=5719"}],"wp:term":[{"taxonomy":"product_brand","embeddable":true,"href":"https:\/\/www-stg.orbiscorporation.com\/es-mx\/wp-json\/wp\/v2\/product_brand?post=5719"},{"taxonomy":"product_cat","embeddable":true,"href":"https:\/\/www-stg.orbiscorporation.com\/es-mx\/wp-json\/wp\/v2\/product_cat?post=5719"},{"taxonomy":"product_tag","embeddable":true,"href":"https:\/\/www-stg.orbiscorporation.com\/es-mx\/wp-json\/wp\/v2\/product_tag?post=5719"}],"curies":[{"name":"wp","href":"https:\/\/api.w.org\/{rel}","templated":true}]}}