{"id":5722,"date":"2022-11-18T14:10:36","date_gmt":"2022-11-18T20:10:36","guid":{"rendered":"https:\/\/orbiscorporstg.wpengine.com\/product\/40-x-48-stckr-ld-open-deck\/"},"modified":"2025-12-09T10:05:22","modified_gmt":"2025-12-09T16:05:22","slug":"40-x-48-stckr-ld-open-deck","status":"publish","type":"product","link":"https:\/\/www-stg.orbiscorporation.com\/es-mx\/products\/plastic-pallets\/stackable\/40-x-48-stckr-ld-open-deck\/","title":{"rendered":"40 x 48 STACK&#8217;R LD OPEN DECK"},"content":{"rendered":"<p>La tarima 40 x 48 StackR LD OPEN DECK (plataforma abierta) fue dise\u00f1ada espec\u00edficamente para aplicaciones de apilamiento. Est\u00e1 hecha 100% de contenido reciclable y es ideal para apilar hasta 30,000 libras est\u00e1ticas. Plataforma abierta. Disponible solo en negro.<\/p>\n<p><strong><span class=\"ui-provider a b c d e f g h i j k l m n o p q r s t u v w x y z ab ac ae af ag ah ai aj ak\" dir=\"ltr\">El peso puede variar para el modelo aprobado por la FM. Llame o solicite una cotizaci\u00f3n para obtener m\u00e1s informaci\u00f3n.\u00a0<\/span><\/strong><\/p>\n<ul>\n<li>Fabricada en polietileno reciclado (HDPE) Menor costo por viaje que las tarimas alternativas<\/li>\n<li>Manipulaci\u00f3n vers\u00e1til, con 4 v\u00edas de entrada para pat\u00edn manual y horquilla montacargas<\/li>\n<li>F\u00e1cilmente limpiable en cualquier aplicaci\u00f3n<\/li>\n<li>Se ofrecen gomas antiderrapantes opcionales (cant.: 8)<\/li>\n<li>M\u00e1s ligera para mejor ergonom\u00eda<\/li>\n<li>Orificios manuales para un f\u00e1cil levantamiento<\/li>\n<li>Mayor cantidad por camionada (510 unid.)<\/li>\n<\/ul>\n","protected":false},"excerpt":{"rendered":"<p>La tarima 40 x 48 StackR LD OPEN DECK (plataforma abierta) fue dise\u00f1ada espec\u00edficamente para aplicaciones de apilamiento. Est\u00e1 hecha 100% de contenido reciclable y es ideal para apilar hasta 30,000 libras est\u00e1ticas. Plataforma abierta. Disponible solo en negro. El peso puede variar para el modelo aprobado por la FM. Llame o solicite una cotizaci\u00f3n [&hellip;]<\/p>\n","protected":false},"featured_media":14575,"template":"","meta":{"_acf_changed":false},"product_brand":[],"product_cat":[1850,1811],"product_tag":[4156,1819,1821],"class_list":{"0":"post-5722","1":"product","2":"type-product","3":"status-publish","4":"has-post-thumbnail","6":"product_cat-stackable","7":"product_cat-plastic-pallets","8":"product_tag-40x48-es-mx-2","9":"product_tag-fabricacion-de-alimentos","10":"product_tag-farmaceutica","12":"first","13":"instock","14":"product-type-simple"},"acf":[],"gallery_images":[],"_links":{"self":[{"href":"https:\/\/www-stg.orbiscorporation.com\/es-mx\/wp-json\/wp\/v2\/product\/5722","targetHints":{"allow":["GET"]}}],"collection":[{"href":"https:\/\/www-stg.orbiscorporation.com\/es-mx\/wp-json\/wp\/v2\/product"}],"about":[{"href":"https:\/\/www-stg.orbiscorporation.com\/es-mx\/wp-json\/wp\/v2\/types\/product"}],"wp:featuredmedia":[{"embeddable":true,"href":"https:\/\/www-stg.orbiscorporation.com\/es-mx\/wp-json\/wp\/v2\/media\/14575"}],"wp:attachment":[{"href":"https:\/\/www-stg.orbiscorporation.com\/es-mx\/wp-json\/wp\/v2\/media?parent=5722"}],"wp:term":[{"taxonomy":"product_brand","embeddable":true,"href":"https:\/\/www-stg.orbiscorporation.com\/es-mx\/wp-json\/wp\/v2\/product_brand?post=5722"},{"taxonomy":"product_cat","embeddable":true,"href":"https:\/\/www-stg.orbiscorporation.com\/es-mx\/wp-json\/wp\/v2\/product_cat?post=5722"},{"taxonomy":"product_tag","embeddable":true,"href":"https:\/\/www-stg.orbiscorporation.com\/es-mx\/wp-json\/wp\/v2\/product_tag?post=5722"}],"curies":[{"name":"wp","href":"https:\/\/api.w.org\/{rel}","templated":true}]}}