{"id":5724,"date":"2022-11-18T14:10:51","date_gmt":"2022-11-18T20:10:51","guid":{"rendered":"https:\/\/orbiscorporstg.wpengine.com\/product\/42-x-48-hdsc\/"},"modified":"2025-10-31T11:09:27","modified_gmt":"2025-10-31T17:09:27","slug":"42-x-48-hdsc","status":"publish","type":"product","link":"https:\/\/www-stg.orbiscorporation.com\/es-mx\/products\/plastic-pallets\/pared-recta-tarimas\/42-x-48-hdsc\/","title":{"rendered":"42 x 48 HDSC"},"content":{"rendered":"<p>La tarima 42 x 48 HDSC est\u00e1 dise\u00f1ada para manejar y embarcar cargas de productos pesados en ambientes de almacenamiento, procesamiento y manufactura. Esta tarima de pl\u00e1stico reutilizable ofrece una larga vida de servicio y es ideal para cargas apiladas, sistemas de banda transportadora, distribuci\u00f3n y almacenamiento est\u00e1tico. Su dise\u00f1o suave no poroso hace estas tarimas f\u00e1ciles de limpiar. Esta tarima pl\u00e1stica ofrece una alternativa econ\u00f3mica, ecol\u00f3gica y eficiente a las tarimas de madera o patines. El material est\u00e1ndar para esta tarima es polietileno de alta densidad (HDPE).<\/p>\n<p><strong><span class=\"ui-provider a b c d e f g h i j k l m n o p q r s t u v w x y z ab ac ae af ag ah ai aj ak\" dir=\"ltr\">El peso puede variar para el modelo aprobado por la FM. Llame o solicite una cotizaci\u00f3n para obtener m\u00e1s informaci\u00f3n.\u00a0<\/span><\/strong><\/p>\n<ul>\n<li>Dise\u00f1o higi\u00e9nico de flujo libre\u00a0 Fabricada en HDPE<\/li>\n<li>Espuma estructural moldeada<\/li>\n<li>Materiales opcionales aprobados por la FDA, retardantes de incendios, para detectores de metales y rayos X disponibles<\/li>\n<li>Entrada para horquilla montacargas: 4 v\u00edas<\/li>\n<li>Entrada para pat\u00edn manual: 4 v\u00edas<\/li>\n<\/ul>\n","protected":false},"excerpt":{"rendered":"<p>La tarima 42 x 48 HDSC est\u00e1 dise\u00f1ada para manejar y embarcar cargas de productos pesados en ambientes de almacenamiento, procesamiento y manufactura. Esta tarima de pl\u00e1stico reutilizable ofrece una larga vida de servicio y es ideal para cargas apiladas, sistemas de banda transportadora, distribuci\u00f3n y almacenamiento est\u00e1tico. Su dise\u00f1o suave no poroso hace estas [&hellip;]<\/p>\n","protected":false},"featured_media":2552,"template":"","meta":{"_acf_changed":false},"product_brand":[],"product_cat":[1850,1811],"product_tag":[4158,1819,1821],"class_list":{"0":"post-5724","1":"product","2":"type-product","3":"status-publish","4":"has-post-thumbnail","6":"product_cat-stackable","7":"product_cat-plastic-pallets","8":"product_tag-42x48-es-mx-2","9":"product_tag-fabricacion-de-alimentos","10":"product_tag-farmaceutica","12":"first","13":"instock","14":"product-type-simple"},"acf":[],"gallery_images":[5558,5554,5552,5550],"_links":{"self":[{"href":"https:\/\/www-stg.orbiscorporation.com\/es-mx\/wp-json\/wp\/v2\/product\/5724","targetHints":{"allow":["GET"]}}],"collection":[{"href":"https:\/\/www-stg.orbiscorporation.com\/es-mx\/wp-json\/wp\/v2\/product"}],"about":[{"href":"https:\/\/www-stg.orbiscorporation.com\/es-mx\/wp-json\/wp\/v2\/types\/product"}],"wp:featuredmedia":[{"embeddable":true,"href":"https:\/\/www-stg.orbiscorporation.com\/es-mx\/wp-json\/wp\/v2\/media\/2552"}],"wp:attachment":[{"href":"https:\/\/www-stg.orbiscorporation.com\/es-mx\/wp-json\/wp\/v2\/media?parent=5724"}],"wp:term":[{"taxonomy":"product_brand","embeddable":true,"href":"https:\/\/www-stg.orbiscorporation.com\/es-mx\/wp-json\/wp\/v2\/product_brand?post=5724"},{"taxonomy":"product_cat","embeddable":true,"href":"https:\/\/www-stg.orbiscorporation.com\/es-mx\/wp-json\/wp\/v2\/product_cat?post=5724"},{"taxonomy":"product_tag","embeddable":true,"href":"https:\/\/www-stg.orbiscorporation.com\/es-mx\/wp-json\/wp\/v2\/product_tag?post=5724"}],"curies":[{"name":"wp","href":"https:\/\/api.w.org\/{rel}","templated":true}]}}