{"id":5725,"date":"2022-11-18T14:10:51","date_gmt":"2022-11-18T20:10:51","guid":{"rendered":"https:\/\/orbiscorporstg.wpengine.com\/product\/44-x-52-ts-bread-pallet\/"},"modified":"2023-04-27T15:11:39","modified_gmt":"2023-04-27T21:11:39","slug":"44-x-52-ts-bread-pallet","status":"publish","type":"product","link":"https:\/\/www-stg.orbiscorporation.com\/es-mx\/products\/plastic-pallets\/pared-recta-tarimas\/44-x-52-ts-bread-pallet\/","title":{"rendered":"44 x 52 TS Bread Pallet"},"content":{"rendered":"<table width=\"1139\">\n<tbody>\n<tr>\n<td width=\"1139\">Dise\u00f1ada para la industria de panader\u00eda, esta tarima es ideal para mover y almacenar las bandejas de panader\u00eda selectas ORBIS. Es de acero reforzado para mayor resistencia.<\/p>\n<ul>\n<li>Disponible en material aprobado por la FDA<\/li>\n<li>Termoformada de hoja doble con mejor resistencia a los impactos<\/li>\n<li>Entrada para pat\u00edn manual: 4 v\u00edas<\/li>\n<\/ul>\n<\/td>\n<\/tr>\n<\/tbody>\n<\/table>\n","protected":false},"excerpt":{"rendered":"<p>Dise\u00f1ada para la industria de panader\u00eda, esta tarima es ideal para mover y almacenar las bandejas de panader\u00eda selectas ORBIS. Es de acero reforzado para mayor resistencia. Disponible en material aprobado por la FDA Termoformada de hoja doble con mejor resistencia a los impactos Entrada para pat\u00edn manual: 4 v\u00edas<\/p>\n","protected":false},"featured_media":5561,"template":"","meta":{"_acf_changed":false},"product_brand":[],"product_cat":[1811,1850],"product_tag":[4159,1815],"class_list":{"0":"post-5725","1":"product","2":"type-product","3":"status-publish","4":"has-post-thumbnail","6":"product_cat-plastic-pallets","7":"product_cat-stackable","8":"product_tag-44x52-es-mx-2","9":"product_tag-panaderia","11":"first","12":"instock","13":"product-type-simple"},"acf":[],"gallery_images":[],"_links":{"self":[{"href":"https:\/\/www-stg.orbiscorporation.com\/es-mx\/wp-json\/wp\/v2\/product\/5725","targetHints":{"allow":["GET"]}}],"collection":[{"href":"https:\/\/www-stg.orbiscorporation.com\/es-mx\/wp-json\/wp\/v2\/product"}],"about":[{"href":"https:\/\/www-stg.orbiscorporation.com\/es-mx\/wp-json\/wp\/v2\/types\/product"}],"wp:featuredmedia":[{"embeddable":true,"href":"https:\/\/www-stg.orbiscorporation.com\/es-mx\/wp-json\/wp\/v2\/media\/5561"}],"wp:attachment":[{"href":"https:\/\/www-stg.orbiscorporation.com\/es-mx\/wp-json\/wp\/v2\/media?parent=5725"}],"wp:term":[{"taxonomy":"product_brand","embeddable":true,"href":"https:\/\/www-stg.orbiscorporation.com\/es-mx\/wp-json\/wp\/v2\/product_brand?post=5725"},{"taxonomy":"product_cat","embeddable":true,"href":"https:\/\/www-stg.orbiscorporation.com\/es-mx\/wp-json\/wp\/v2\/product_cat?post=5725"},{"taxonomy":"product_tag","embeddable":true,"href":"https:\/\/www-stg.orbiscorporation.com\/es-mx\/wp-json\/wp\/v2\/product_tag?post=5725"}],"curies":[{"name":"wp","href":"https:\/\/api.w.org\/{rel}","templated":true}]}}