{"id":5730,"date":"2022-11-18T14:10:51","date_gmt":"2022-11-18T20:10:51","guid":{"rendered":"https:\/\/orbiscorporstg.wpengine.com\/product\/44-x-56-end-pal\/"},"modified":"2025-07-03T09:06:00","modified_gmt":"2025-07-03T15:06:00","slug":"44-x-56-end-pal","status":"publish","type":"product","link":"https:\/\/www-stg.orbiscorporation.com\/es-mx\/products\/plastic-pallets\/stackable\/44-x-56-end-pal\/","title":{"rendered":"44 x 56 End-Pal"},"content":{"rendered":"<p>La tarima ORBIS 44 x 56 End est\u00e1 dise\u00f1ada para manipular y embarcar latas y botellas en las industrias de las bebidas y los alimentos. Estas tarimas de pl\u00e1stico reutilizables ofrecen una larga vida de servicio y son ideales para cargas apiladas, sistemas de banda transportadora, distribuci\u00f3n y almacenamiento est\u00e1tico. Su dise\u00f1o suave no poroso hace estas tarimas f\u00e1ciles de limpiar. Estas tarimas pl\u00e1sticas para bebidas ofrecen una alternativa econ\u00f3mica, ecol\u00f3gica y eficiente a las tarimas de madera o patines.<\/p>\n<ul>\n<li>Disponible en material aprobado por la FDA<\/li>\n<li>Superficie de plataforma s\u00f3lida con m\u00ednimas aberturas<\/li>\n<li>Dise\u00f1ada para transportar tapas de lata y otros paquetes r\u00edgidos<\/li>\n<li>Compatible con muchos entarimadores, desentarimadores, bandas transportadoras y sistemas de flejado autom\u00e1ticos<\/li>\n<li>Conectores de uso rudo para soportar cargas pesadas<\/li>\n<li>Tapones de conector para mayor resistencia<\/li>\n<li>Se ofrecen gomas antiderrapantes opcionales para plataforma (cant.:4)<\/li>\n<li>Cinta de fricci\u00f3n antiderrapante<\/li>\n<li>Espuma estructural moldeada<\/li>\n<li>Reciclable<\/li>\n<li>Se ofrecen marcos superiores y hojas divisoras para mayor estabilidad de la carga y protecci\u00f3n del producto<\/li>\n<li>Entrada superior de 4 v\u00edas<\/li>\n<\/ul>\n","protected":false},"excerpt":{"rendered":"<p>La tarima ORBIS 44 x 56 End est\u00e1 dise\u00f1ada para manipular y embarcar latas y botellas en las industrias de las bebidas y los alimentos. Estas tarimas de pl\u00e1stico reutilizables ofrecen una larga vida de servicio y son ideales para cargas apiladas, sistemas de banda transportadora, distribuci\u00f3n y almacenamiento est\u00e1tico. Su dise\u00f1o suave no poroso [&hellip;]<\/p>\n","protected":false},"featured_media":2750,"template":"","meta":{"_acf_changed":false},"product_brand":[],"product_cat":[1850,1811],"product_tag":[4160,1816,1819],"class_list":{"0":"post-5730","1":"product","2":"type-product","3":"status-publish","4":"has-post-thumbnail","6":"product_cat-stackable","7":"product_cat-plastic-pallets","8":"product_tag-44x56-es-mx-2","9":"product_tag-bebidas","10":"product_tag-fabricacion-de-alimentos","12":"first","13":"instock","14":"product-type-simple"},"acf":[],"gallery_images":[],"_links":{"self":[{"href":"https:\/\/www-stg.orbiscorporation.com\/es-mx\/wp-json\/wp\/v2\/product\/5730","targetHints":{"allow":["GET"]}}],"collection":[{"href":"https:\/\/www-stg.orbiscorporation.com\/es-mx\/wp-json\/wp\/v2\/product"}],"about":[{"href":"https:\/\/www-stg.orbiscorporation.com\/es-mx\/wp-json\/wp\/v2\/types\/product"}],"wp:featuredmedia":[{"embeddable":true,"href":"https:\/\/www-stg.orbiscorporation.com\/es-mx\/wp-json\/wp\/v2\/media\/2750"}],"wp:attachment":[{"href":"https:\/\/www-stg.orbiscorporation.com\/es-mx\/wp-json\/wp\/v2\/media?parent=5730"}],"wp:term":[{"taxonomy":"product_brand","embeddable":true,"href":"https:\/\/www-stg.orbiscorporation.com\/es-mx\/wp-json\/wp\/v2\/product_brand?post=5730"},{"taxonomy":"product_cat","embeddable":true,"href":"https:\/\/www-stg.orbiscorporation.com\/es-mx\/wp-json\/wp\/v2\/product_cat?post=5730"},{"taxonomy":"product_tag","embeddable":true,"href":"https:\/\/www-stg.orbiscorporation.com\/es-mx\/wp-json\/wp\/v2\/product_tag?post=5730"}],"curies":[{"name":"wp","href":"https:\/\/api.w.org\/{rel}","templated":true}]}}