{"id":5733,"date":"2022-11-18T14:10:51","date_gmt":"2022-11-18T20:10:51","guid":{"rendered":"https:\/\/orbiscorporstg.wpengine.com\/product\/44-x-56-ucp\/"},"modified":"2025-08-21T11:34:46","modified_gmt":"2025-08-21T17:34:46","slug":"44-x-56-ucp","status":"publish","type":"product","link":"https:\/\/www-stg.orbiscorporation.com\/es-mx\/products\/plastic-pallets\/stackable\/44-x-56-ucp\/","title":{"rendered":"44 x 56 UCP"},"content":{"rendered":"<p>La tarima ORBIS 44 x 56 UCP est\u00e1 dise\u00f1ada para manipular y embarcar latas y botellas en las industrias de las bebidas y los alimentos. Estas tarimas de pl\u00e1stico reutilizables ofrecen una larga vida de servicio y son ideales para cargas apiladas, sistemas de banda transportadora, distribuci\u00f3n y almacenamiento est\u00e1tico. Su dise\u00f1o suave no poroso hace estas tarimas f\u00e1ciles de limpiar. Esta tarima pl\u00e1stica para bebidas ofrece una alternativa econ\u00f3mica, ecol\u00f3gica y eficiente a las tarimas de madera o patines.<\/p>\n<ul>\n<li>Dise\u00f1o f\u00e1cil de limpiar e higi\u00e9nico<\/li>\n<li>12-block design<\/li>\n<li>Dise\u00f1ada para transportar una gran variedad de envases PET y met\u00e1licos que se utilizan en productos de alimentos, bebidas, industriales, productos qu\u00edmicos dom\u00e9sticos, salud y de cuidado personal<\/li>\n<li>Compatible con muchos entarimadores, desentarimadores, bandas transportadoras y sistemas de flejado autom\u00e1ticos<\/li>\n<li>Espuma estructural moldeada<\/li>\n<li>Reciclable<\/li>\n<li>Se ofrecen marcos superiores y hojas divisoras para mayor estabilidad de la carga y protecci\u00f3n del producto<\/li>\n<li>Entrada superior de 4 v\u00edas<\/li>\n<\/ul>\n","protected":false},"excerpt":{"rendered":"<p>La tarima ORBIS 44 x 56 UCP est\u00e1 dise\u00f1ada para manipular y embarcar latas y botellas en las industrias de las bebidas y los alimentos. Estas tarimas de pl\u00e1stico reutilizables ofrecen una larga vida de servicio y son ideales para cargas apiladas, sistemas de banda transportadora, distribuci\u00f3n y almacenamiento est\u00e1tico. Su dise\u00f1o suave no poroso [&hellip;]<\/p>\n","protected":false},"featured_media":2830,"template":"","meta":{"_acf_changed":false},"product_brand":[],"product_cat":[1850,1811],"product_tag":[4160,1816,1819],"class_list":{"0":"post-5733","1":"product","2":"type-product","3":"status-publish","4":"has-post-thumbnail","6":"product_cat-stackable","7":"product_cat-plastic-pallets","8":"product_tag-44x56-es-mx-2","9":"product_tag-bebidas","10":"product_tag-fabricacion-de-alimentos","12":"first","13":"instock","14":"product-type-simple"},"acf":[],"gallery_images":[12231,12225,12229,12227],"_links":{"self":[{"href":"https:\/\/www-stg.orbiscorporation.com\/es-mx\/wp-json\/wp\/v2\/product\/5733","targetHints":{"allow":["GET"]}}],"collection":[{"href":"https:\/\/www-stg.orbiscorporation.com\/es-mx\/wp-json\/wp\/v2\/product"}],"about":[{"href":"https:\/\/www-stg.orbiscorporation.com\/es-mx\/wp-json\/wp\/v2\/types\/product"}],"wp:featuredmedia":[{"embeddable":true,"href":"https:\/\/www-stg.orbiscorporation.com\/es-mx\/wp-json\/wp\/v2\/media\/2830"}],"wp:attachment":[{"href":"https:\/\/www-stg.orbiscorporation.com\/es-mx\/wp-json\/wp\/v2\/media?parent=5733"}],"wp:term":[{"taxonomy":"product_brand","embeddable":true,"href":"https:\/\/www-stg.orbiscorporation.com\/es-mx\/wp-json\/wp\/v2\/product_brand?post=5733"},{"taxonomy":"product_cat","embeddable":true,"href":"https:\/\/www-stg.orbiscorporation.com\/es-mx\/wp-json\/wp\/v2\/product_cat?post=5733"},{"taxonomy":"product_tag","embeddable":true,"href":"https:\/\/www-stg.orbiscorporation.com\/es-mx\/wp-json\/wp\/v2\/product_tag?post=5733"}],"curies":[{"name":"wp","href":"https:\/\/api.w.org\/{rel}","templated":true}]}}