{"id":5745,"date":"2022-11-18T14:11:08","date_gmt":"2022-11-18T20:11:08","guid":{"rendered":"https:\/\/orbiscorporstg.wpengine.com\/product\/1100-x-1240-beer-pal\/"},"modified":"2023-04-27T15:12:24","modified_gmt":"2023-04-27T21:12:24","slug":"1100-x-1240-beer-pal","status":"publish","type":"product","link":"https:\/\/www-stg.orbiscorporation.com\/es-mx\/products\/plastic-pallets\/pared-recta-tarimas\/1100-x-1240-beer-pal\/","title":{"rendered":"1100 x 1240 Beer-Pal"},"content":{"rendered":"<table width=\"894\">\n<tbody>\n<tr>\n<td width=\"894\">Las tarimas apilables ORBIS est\u00e1n dise\u00f1adas para manejar y embarcar cargas de producto pesadas en ambientes de almacenamiento, procesamiento y manufactura. Estas tarimas de pl\u00e1stico reutilizables ofrecen una larga vida de servicio y son ideales para cargas apiladas, sistemas de banda transportadora, distribuci\u00f3n y almacenamiento est\u00e1tico. Su dise\u00f1o suave no poroso hace estas tarimas f\u00e1ciles de limpiar. Est\u00e1 fabricada con material 100% reciclable y es una alternativa econ\u00f3mica, ecol\u00f3gica y eficiente a las tarimas de madera o patines.<\/p>\n<ul>\n<li>Tarima tama\u00f1o europeo<\/li>\n<li>El dise\u00f1o de ensamble a presi\u00f3n patentado permite la reparaci\u00f3n en sitio<\/li>\n<li>Disponible en material aprobado por la FDA<\/li>\n<li>Dise\u00f1ada para transportar productos de bebidas llenas, latas de aluminio y acero, botellas de vidrio y pl\u00e1sticas, y extremos de latas y otros paquetes r\u00edgidos en muchos entarimadores y sistemas de banda transportadora<\/li>\n<li>Disponible en 2 alturas de tarimas<\/li>\n<li>Entrada ahusada de 4 v\u00edas<\/li>\n<\/ul>\n<\/td>\n<\/tr>\n<\/tbody>\n<\/table>\n","protected":false},"excerpt":{"rendered":"<p>Las tarimas apilables ORBIS est\u00e1n dise\u00f1adas para manejar y embarcar cargas de producto pesadas en ambientes de almacenamiento, procesamiento y manufactura. Estas tarimas de pl\u00e1stico reutilizables ofrecen una larga vida de servicio y son ideales para cargas apiladas, sistemas de banda transportadora, distribuci\u00f3n y almacenamiento est\u00e1tico. Su dise\u00f1o suave no poroso hace estas tarimas f\u00e1ciles [&hellip;]<\/p>\n","protected":false},"featured_media":8470,"template":"","meta":{"_acf_changed":false},"product_brand":[],"product_cat":[1811,1850],"product_tag":[4179],"class_list":{"0":"post-5745","1":"product","2":"type-product","3":"status-publish","4":"has-post-thumbnail","6":"product_cat-plastic-pallets","7":"product_cat-stackable","8":"product_tag-1100x1240-es-mx","10":"first","11":"instock","12":"product-type-simple"},"acf":[],"gallery_images":[],"_links":{"self":[{"href":"https:\/\/www-stg.orbiscorporation.com\/es-mx\/wp-json\/wp\/v2\/product\/5745","targetHints":{"allow":["GET"]}}],"collection":[{"href":"https:\/\/www-stg.orbiscorporation.com\/es-mx\/wp-json\/wp\/v2\/product"}],"about":[{"href":"https:\/\/www-stg.orbiscorporation.com\/es-mx\/wp-json\/wp\/v2\/types\/product"}],"wp:featuredmedia":[{"embeddable":true,"href":"https:\/\/www-stg.orbiscorporation.com\/es-mx\/wp-json\/wp\/v2\/media\/8470"}],"wp:attachment":[{"href":"https:\/\/www-stg.orbiscorporation.com\/es-mx\/wp-json\/wp\/v2\/media?parent=5745"}],"wp:term":[{"taxonomy":"product_brand","embeddable":true,"href":"https:\/\/www-stg.orbiscorporation.com\/es-mx\/wp-json\/wp\/v2\/product_brand?post=5745"},{"taxonomy":"product_cat","embeddable":true,"href":"https:\/\/www-stg.orbiscorporation.com\/es-mx\/wp-json\/wp\/v2\/product_cat?post=5745"},{"taxonomy":"product_tag","embeddable":true,"href":"https:\/\/www-stg.orbiscorporation.com\/es-mx\/wp-json\/wp\/v2\/product_tag?post=5745"}],"curies":[{"name":"wp","href":"https:\/\/api.w.org\/{rel}","templated":true}]}}