{"id":5752,"date":"2022-11-18T14:11:08","date_gmt":"2022-11-18T20:11:08","guid":{"rendered":"https:\/\/orbiscorporstg.wpengine.com\/product\/1180-x-1265-bulkpal-one-piece\/"},"modified":"2023-04-27T14:59:08","modified_gmt":"2023-04-27T20:59:08","slug":"1180-x-1265-bulkpal-one-piece","status":"publish","type":"product","link":"https:\/\/www-stg.orbiscorporation.com\/es-mx\/products\/plastic-pallets\/stackable\/1180-x-1265-bulkpal-one-piece\/","title":{"rendered":"1180 x 1265 BulkPal (One-Piece)"},"content":{"rendered":"<table width=\"1139\">\n<tbody>\n<tr>\n<td width=\"1139\">La tarima 1180 x 1265 BulkPal est\u00e1 dise\u00f1ada para manejar y embarcar cargas de productos pesados en ambientes de almacenamiento, procesamiento y manufactura. Estas tarimas de pl\u00e1stico reutilizables ofrecen una larga vida de servicio y son ideales para cargas apiladas, sistemas de banda transportadora, distribuci\u00f3n y almacenamiento est\u00e1tico. Su dise\u00f1o suave no poroso hace estas tarimas f\u00e1ciles de limpiar.Las tarimas ORBIS est\u00e1n fabricadas con material 100% reciclable y son una alternativa econ\u00f3mica, ecol\u00f3gica y eficiente a las tarimas de madera o patines.<\/p>\n<ul>\n<li>Tarima de tama\u00f1o europeo<\/li>\n<li>Dise\u00f1o de una sola pieza<\/li>\n<li>Disponible en material aprobado por la FDA<\/li>\n<li>Dise\u00f1ada para transportar productos de bebidas llenas, latas de aluminio y acero, botellas de vidrio y pl\u00e1sticas, y extremos de latas y otros paquetes r\u00edgidos en muchos entarimadores y sistemas de banda transportadora<\/li>\n<li>Entrada ahusada de 4 v\u00edas<\/li>\n<\/ul>\n<\/td>\n<\/tr>\n<\/tbody>\n<\/table>\n","protected":false},"excerpt":{"rendered":"<p>La tarima 1180 x 1265 BulkPal est\u00e1 dise\u00f1ada para manejar y embarcar cargas de productos pesados en ambientes de almacenamiento, procesamiento y manufactura. Estas tarimas de pl\u00e1stico reutilizables ofrecen una larga vida de servicio y son ideales para cargas apiladas, sistemas de banda transportadora, distribuci\u00f3n y almacenamiento est\u00e1tico. Su dise\u00f1o suave no poroso hace estas [&hellip;]<\/p>\n","protected":false},"featured_media":3002,"template":"","meta":{"_acf_changed":false},"product_brand":[],"product_cat":[1850,1811],"product_tag":[4183,1816,1821],"class_list":{"0":"post-5752","1":"product","2":"type-product","3":"status-publish","4":"has-post-thumbnail","6":"product_cat-stackable","7":"product_cat-plastic-pallets","8":"product_tag-1180x1265-es-mx","9":"product_tag-bebidas","10":"product_tag-farmaceutica","12":"first","13":"instock","14":"product-type-simple"},"acf":[],"gallery_images":[],"_links":{"self":[{"href":"https:\/\/www-stg.orbiscorporation.com\/es-mx\/wp-json\/wp\/v2\/product\/5752","targetHints":{"allow":["GET"]}}],"collection":[{"href":"https:\/\/www-stg.orbiscorporation.com\/es-mx\/wp-json\/wp\/v2\/product"}],"about":[{"href":"https:\/\/www-stg.orbiscorporation.com\/es-mx\/wp-json\/wp\/v2\/types\/product"}],"wp:featuredmedia":[{"embeddable":true,"href":"https:\/\/www-stg.orbiscorporation.com\/es-mx\/wp-json\/wp\/v2\/media\/3002"}],"wp:attachment":[{"href":"https:\/\/www-stg.orbiscorporation.com\/es-mx\/wp-json\/wp\/v2\/media?parent=5752"}],"wp:term":[{"taxonomy":"product_brand","embeddable":true,"href":"https:\/\/www-stg.orbiscorporation.com\/es-mx\/wp-json\/wp\/v2\/product_brand?post=5752"},{"taxonomy":"product_cat","embeddable":true,"href":"https:\/\/www-stg.orbiscorporation.com\/es-mx\/wp-json\/wp\/v2\/product_cat?post=5752"},{"taxonomy":"product_tag","embeddable":true,"href":"https:\/\/www-stg.orbiscorporation.com\/es-mx\/wp-json\/wp\/v2\/product_tag?post=5752"}],"curies":[{"name":"wp","href":"https:\/\/api.w.org\/{rel}","templated":true}]}}