{"id":5759,"date":"2022-11-18T14:31:35","date_gmt":"2022-11-18T20:31:35","guid":{"rendered":"https:\/\/orbiscorporstg.wpengine.com\/product\/40-x-48-xp-economy\/"},"modified":"2023-04-27T14:57:39","modified_gmt":"2023-04-27T20:57:39","slug":"40-x-48-xp-economy","status":"publish","type":"product","link":"https:\/\/www-stg.orbiscorporation.com\/es-mx\/products\/plastic-pallets\/nestable\/40-x-48-xp-economy\/","title":{"rendered":"40 x 48 XP Economy"},"content":{"rendered":"<table width=\"1139\">\n<tbody>\n<tr>\n<td width=\"1139\">Las tarimas 40 x 48 XP Econ anidables ORBIS permiten mover, almacenar y distribuir cargas de producto dentro de un almac\u00e9n\/centro de distribuci\u00f3n individual o en una completa cadena de suministro. Desde el material sin procesar hasta el producto terminado, las tarimas reutilizables de pl\u00e1stico protegen el producto hasta que llega a su destino final. Estando vac\u00edas, estas tarimas se anidan para ofrecer un viaje de regreso o almacenamiento econ\u00f3mico en cuanto a costos. Su consistencia dimensional asegura la interconexi\u00f3n sin forzamiento con todo tipo de equipos de automatizaci\u00f3n a alta velocidad y manejo de materiales. Las tarimas anidables ORBIS son ligeras y f\u00e1ciles de manejar, sin clavos, astillas ni tablas rotas que presentan riesgo de lesiones para el empleado. Est\u00e1 fabricada con material 100% reciclable y es una alternativa econ\u00f3mica, ecol\u00f3gica y eficiente a las tarimas de madera o patines.<\/p>\n<ul>\n<li>Reciclable<\/li>\n<li>Entrada para horquilla montacargas: 4 v\u00edas<\/li>\n<li>Entrada para pat\u00edn manual: 4 v\u00edas<\/li>\n<\/ul>\n<\/td>\n<\/tr>\n<\/tbody>\n<\/table>\n","protected":false},"excerpt":{"rendered":"<p>Las tarimas 40 x 48 XP Econ anidables ORBIS permiten mover, almacenar y distribuir cargas de producto dentro de un almac\u00e9n\/centro de distribuci\u00f3n individual o en una completa cadena de suministro. Desde el material sin procesar hasta el producto terminado, las tarimas reutilizables de pl\u00e1stico protegen el producto hasta que llega a su destino final. [&hellip;]<\/p>\n","protected":false},"featured_media":2702,"template":"","meta":{"_acf_changed":false},"product_brand":[],"product_cat":[1848,1811],"product_tag":[4156,1823],"class_list":{"0":"post-5759","1":"product","2":"type-product","3":"status-publish","4":"has-post-thumbnail","6":"product_cat-nestable","7":"product_cat-plastic-pallets","8":"product_tag-40x48-es-mx-2","9":"product_tag-minoristas-distribucion","11":"first","12":"instock","13":"product-type-simple"},"acf":[],"gallery_images":[12276,12278,12280,12282],"_links":{"self":[{"href":"https:\/\/www-stg.orbiscorporation.com\/es-mx\/wp-json\/wp\/v2\/product\/5759","targetHints":{"allow":["GET"]}}],"collection":[{"href":"https:\/\/www-stg.orbiscorporation.com\/es-mx\/wp-json\/wp\/v2\/product"}],"about":[{"href":"https:\/\/www-stg.orbiscorporation.com\/es-mx\/wp-json\/wp\/v2\/types\/product"}],"wp:featuredmedia":[{"embeddable":true,"href":"https:\/\/www-stg.orbiscorporation.com\/es-mx\/wp-json\/wp\/v2\/media\/2702"}],"wp:attachment":[{"href":"https:\/\/www-stg.orbiscorporation.com\/es-mx\/wp-json\/wp\/v2\/media?parent=5759"}],"wp:term":[{"taxonomy":"product_brand","embeddable":true,"href":"https:\/\/www-stg.orbiscorporation.com\/es-mx\/wp-json\/wp\/v2\/product_brand?post=5759"},{"taxonomy":"product_cat","embeddable":true,"href":"https:\/\/www-stg.orbiscorporation.com\/es-mx\/wp-json\/wp\/v2\/product_cat?post=5759"},{"taxonomy":"product_tag","embeddable":true,"href":"https:\/\/www-stg.orbiscorporation.com\/es-mx\/wp-json\/wp\/v2\/product_tag?post=5759"}],"curies":[{"name":"wp","href":"https:\/\/api.w.org\/{rel}","templated":true}]}}