{"id":5763,"date":"2022-11-18T14:31:35","date_gmt":"2022-11-18T20:31:35","guid":{"rendered":"https:\/\/orbiscorporstg.wpengine.com\/product\/42-x-30-small-format-pallet\/"},"modified":"2025-06-26T09:22:32","modified_gmt":"2025-06-26T15:22:32","slug":"42-x-30-small-format-pallet","status":"publish","type":"product","link":"https:\/\/www-stg.orbiscorporation.com\/es-mx\/products\/plastic-pallets\/nestable\/42-x-30-small-format-pallet\/","title":{"rendered":"42 x 30 Small-Format Pallet"},"content":{"rendered":"<table width=\"1139\">\n<tbody>\n<tr>\n<td width=\"1139\">La tarima 42 x 30 de formato peque\u00f1o HP est\u00e1 dise\u00f1ada para optimizar la cadena de suministro de comerciantes menudistas, sin tener que tocar los productos durante el proceso de reabastecimiento de pedidos, desde el centro de distribuci\u00f3n (DC) a la tienda y piso. Con esta nueva tarima las cajas completas y divididas se pueden ordenar y cargar en el DC. La tarifa se distribuye a la tienda y usa como veh\u00edculo de reabastecimiento en el punto de venta. Una vez que las tarimas llegan a las instalaciones del menudista, se pueden llevar directamente al piso de ventas reduciendo costos de mano de obra y maximizando el espacio de almacenamiento.<\/p>\n<ul>\n<li>Entregas m\u00e1s r\u00e1pidas, con el ancho de la tarima de 30\u201d que permite el acceso a trav\u00e9s de p\u00f3rticos angostos y maniobrabilidad en la tienda<\/li>\n<li>Densidad de la camionada, con 45 ubicaciones de tarima por remolque de 53\u2019<\/li>\n<li>Reciclable<\/li>\n<li>Espacio libre generoso para desanidar una pila completa de tarimas, con entrada sesgada para montacargas y un borde de tarima discontinuo y gradual<\/li>\n<li>Facilidad de manipulaci\u00f3n, con un peso de tara de 20 lb y orificios manuales ergon\u00f3micos<\/li>\n<li>Mayor eficiencia con muescas moldeadas para flejes en cada esquina de la tarima<\/li>\n<li>Entrada para horquilla montacargas: 4 v\u00edas<\/li>\n<li>Entrada para pat\u00edn manual: 4 v\u00edas (punta de 21&#8243;)<\/li>\n<\/ul>\n<\/td>\n<\/tr>\n<\/tbody>\n<\/table>\n","protected":false},"excerpt":{"rendered":"<p>La tarima 42 x 30 de formato peque\u00f1o HP est\u00e1 dise\u00f1ada para optimizar la cadena de suministro de comerciantes menudistas, sin tener que tocar los productos durante el proceso de reabastecimiento de pedidos, desde el centro de distribuci\u00f3n (DC) a la tienda y piso. Con esta nueva tarima las cajas completas y divididas se pueden [&hellip;]<\/p>\n","protected":false},"featured_media":8264,"template":"","meta":{"_acf_changed":false},"product_brand":[],"product_cat":[1848,1811],"product_tag":[4157,1823],"class_list":{"0":"post-5763","1":"product","2":"type-product","3":"status-publish","4":"has-post-thumbnail","6":"product_cat-nestable","7":"product_cat-plastic-pallets","8":"product_tag-42x30-es-mx-2","9":"product_tag-minoristas-distribucion","11":"first","12":"instock","13":"product-type-simple"},"acf":[],"gallery_images":[2720,2718,2716,2714],"_links":{"self":[{"href":"https:\/\/www-stg.orbiscorporation.com\/es-mx\/wp-json\/wp\/v2\/product\/5763","targetHints":{"allow":["GET"]}}],"collection":[{"href":"https:\/\/www-stg.orbiscorporation.com\/es-mx\/wp-json\/wp\/v2\/product"}],"about":[{"href":"https:\/\/www-stg.orbiscorporation.com\/es-mx\/wp-json\/wp\/v2\/types\/product"}],"wp:featuredmedia":[{"embeddable":true,"href":"https:\/\/www-stg.orbiscorporation.com\/es-mx\/wp-json\/wp\/v2\/media\/8264"}],"wp:attachment":[{"href":"https:\/\/www-stg.orbiscorporation.com\/es-mx\/wp-json\/wp\/v2\/media?parent=5763"}],"wp:term":[{"taxonomy":"product_brand","embeddable":true,"href":"https:\/\/www-stg.orbiscorporation.com\/es-mx\/wp-json\/wp\/v2\/product_brand?post=5763"},{"taxonomy":"product_cat","embeddable":true,"href":"https:\/\/www-stg.orbiscorporation.com\/es-mx\/wp-json\/wp\/v2\/product_cat?post=5763"},{"taxonomy":"product_tag","embeddable":true,"href":"https:\/\/www-stg.orbiscorporation.com\/es-mx\/wp-json\/wp\/v2\/product_tag?post=5763"}],"curies":[{"name":"wp","href":"https:\/\/api.w.org\/{rel}","templated":true}]}}