{"id":5765,"date":"2022-11-18T14:31:35","date_gmt":"2022-11-18T20:31:35","guid":{"rendered":"https:\/\/orbiscorporstg.wpengine.com\/product\/44-x-48-versa-pal\/"},"modified":"2023-05-02T13:39:04","modified_gmt":"2023-05-02T19:39:04","slug":"44-x-48-versa-pal","status":"publish","type":"product","link":"https:\/\/www-stg.orbiscorporation.com\/es-mx\/products\/plastic-pallets\/nestable\/44-x-48-versa-pal\/","title":{"rendered":"44 x 48 VERSA PAL"},"content":{"rendered":"<p>El Versa-Pal reutilizable de 44 x 48 mueve, almacena y distribuye cargas de productos dentro de un solo almac\u00e9n\/centro de distribuci\u00f3n o toda la cadena de suministro. Desde la materia prima hasta los productos terminados, las tarimas de pl\u00e1stico reutilizables protegen el producto hasta que llega a su destino final. Cuando est\u00e1n vac\u00edas, estas tarimas se anidan para un viaje de regreso rentable o almacenamiento en almac\u00e9n. Su consistencia dimensional garantiza una interfaz sin esfuerzo con todo tipo de equipos de manipulaci\u00f3n de materiales y automatizaci\u00f3n de alta velocidad. Las tarimas anidables ORBIS son livianas y f\u00e1ciles de manejar manualmente, sin clavos, astillas ni tablas rotas que puedan causar lesiones a los empleados. Este palet ofrece una alternativa econ\u00f3mica, medioambiental y eficiente a los palets o tarimas de madera.<\/p>\n<ul>\n<li>Reciclable<\/li>\n<\/ul>\n","protected":false},"excerpt":{"rendered":"<p>El Versa-Pal reutilizable de 44 x 48 mueve, almacena y distribuye cargas de productos dentro de un solo almac\u00e9n\/centro de distribuci\u00f3n o toda la cadena de suministro. Desde la materia prima hasta los productos terminados, las tarimas de pl\u00e1stico reutilizables protegen el producto hasta que llega a su destino final. Cuando est\u00e1n vac\u00edas, estas tarimas [&hellip;]<\/p>\n","protected":false},"featured_media":2722,"template":"","meta":{"_acf_changed":false},"product_brand":[],"product_cat":[1811,1848],"product_tag":[1819,1823],"class_list":{"0":"post-5765","1":"product","2":"type-product","3":"status-publish","4":"has-post-thumbnail","6":"product_cat-plastic-pallets","7":"product_cat-nestable","8":"product_tag-fabricacion-de-alimentos","9":"product_tag-minoristas-distribucion","11":"first","12":"instock","13":"product-type-simple"},"acf":[],"gallery_images":[],"_links":{"self":[{"href":"https:\/\/www-stg.orbiscorporation.com\/es-mx\/wp-json\/wp\/v2\/product\/5765","targetHints":{"allow":["GET"]}}],"collection":[{"href":"https:\/\/www-stg.orbiscorporation.com\/es-mx\/wp-json\/wp\/v2\/product"}],"about":[{"href":"https:\/\/www-stg.orbiscorporation.com\/es-mx\/wp-json\/wp\/v2\/types\/product"}],"wp:featuredmedia":[{"embeddable":true,"href":"https:\/\/www-stg.orbiscorporation.com\/es-mx\/wp-json\/wp\/v2\/media\/2722"}],"wp:attachment":[{"href":"https:\/\/www-stg.orbiscorporation.com\/es-mx\/wp-json\/wp\/v2\/media?parent=5765"}],"wp:term":[{"taxonomy":"product_brand","embeddable":true,"href":"https:\/\/www-stg.orbiscorporation.com\/es-mx\/wp-json\/wp\/v2\/product_brand?post=5765"},{"taxonomy":"product_cat","embeddable":true,"href":"https:\/\/www-stg.orbiscorporation.com\/es-mx\/wp-json\/wp\/v2\/product_cat?post=5765"},{"taxonomy":"product_tag","embeddable":true,"href":"https:\/\/www-stg.orbiscorporation.com\/es-mx\/wp-json\/wp\/v2\/product_tag?post=5765"}],"curies":[{"name":"wp","href":"https:\/\/api.w.org\/{rel}","templated":true}]}}