{"id":5766,"date":"2022-11-18T14:31:35","date_gmt":"2022-11-18T20:31:35","guid":{"rendered":"https:\/\/orbiscorporstg.wpengine.com\/product\/45-x-48-2-mi-sbrr-ciss-lp\/"},"modified":"2025-08-21T11:26:28","modified_gmt":"2025-08-21T17:26:28","slug":"45-x-48-2-mi-sbrr-ciss-lp","status":"publish","type":"product","link":"https:\/\/www-stg.orbiscorporation.com\/es-mx\/products\/plastic-pallets\/nestable\/45-x-48-2-mi-sbrr-ciss-lp\/","title":{"rendered":"45 x 48-2 MI SBRR CISS LP"},"content":{"rendered":"<p>La tarima ORBIS 45 x 48-B MI SBRR CISS LP .250GA permite mover, almacenar y distribuir cargas de productos dentro de la cadena de suministro industrial. Se basa en la norma 45 x 48 AIAG. Desde el material sin procesar hasta el producto terminado, las tarimas reutilizables de pl\u00e1stico protegen el producto hasta que llega a su destino final. Estando vac\u00edas, estas tarimas se anidan para ofrecer un viaje de regreso o almacenamiento econ\u00f3mico. Su consistencia dimensional asegura la interconexi\u00f3n sin forzamiento con todo tipo de equipos de automatizaci\u00f3n a alta velocidad y manejo de materiales. Las tarimas anidables ORBIS son ligeras y f\u00e1ciles de manejar, sin clavos, astillas ni tablas rotas que presentan riesgo de lesiones para el empleado. Esta tarima ofrece una alternativa econ\u00f3mica, ecol\u00f3gica y eficiente a las tarimas de madera o patines.<\/p>\n<ul>\n<li>Termoformada de hoja individual (HMWPE)<\/li>\n<li>Reciclable<\/li>\n<li>Dise\u00f1o de imagen de espejo que permite que la tarima se use como tapa superior<\/li>\n<li>Entrada para horquilla montacargas: 4 v\u00edas<\/li>\n<li>Entrada para pat\u00edn manual: 4 v\u00edas<\/li>\n<\/ul>\n","protected":false},"excerpt":{"rendered":"<p>La tarima ORBIS 45 x 48-B MI SBRR CISS LP .250GA permite mover, almacenar y distribuir cargas de productos dentro de la cadena de suministro industrial. Se basa en la norma 45 x 48 AIAG. Desde el material sin procesar hasta el producto terminado, las tarimas reutilizables de pl\u00e1stico protegen el producto hasta que llega [&hellip;]<\/p>\n","protected":false},"featured_media":2874,"template":"","meta":{"_acf_changed":false},"product_brand":[],"product_cat":[1848,1811],"product_tag":[4161,1814],"class_list":{"0":"post-5766","1":"product","2":"type-product","3":"status-publish","4":"has-post-thumbnail","6":"product_cat-nestable","7":"product_cat-plastic-pallets","8":"product_tag-45x48-es-mx-2","9":"product_tag-automotriz","11":"first","12":"instock","13":"product-type-simple"},"acf":[],"gallery_images":[2882,2880,2878,2876],"_links":{"self":[{"href":"https:\/\/www-stg.orbiscorporation.com\/es-mx\/wp-json\/wp\/v2\/product\/5766","targetHints":{"allow":["GET"]}}],"collection":[{"href":"https:\/\/www-stg.orbiscorporation.com\/es-mx\/wp-json\/wp\/v2\/product"}],"about":[{"href":"https:\/\/www-stg.orbiscorporation.com\/es-mx\/wp-json\/wp\/v2\/types\/product"}],"wp:featuredmedia":[{"embeddable":true,"href":"https:\/\/www-stg.orbiscorporation.com\/es-mx\/wp-json\/wp\/v2\/media\/2874"}],"wp:attachment":[{"href":"https:\/\/www-stg.orbiscorporation.com\/es-mx\/wp-json\/wp\/v2\/media?parent=5766"}],"wp:term":[{"taxonomy":"product_brand","embeddable":true,"href":"https:\/\/www-stg.orbiscorporation.com\/es-mx\/wp-json\/wp\/v2\/product_brand?post=5766"},{"taxonomy":"product_cat","embeddable":true,"href":"https:\/\/www-stg.orbiscorporation.com\/es-mx\/wp-json\/wp\/v2\/product_cat?post=5766"},{"taxonomy":"product_tag","embeddable":true,"href":"https:\/\/www-stg.orbiscorporation.com\/es-mx\/wp-json\/wp\/v2\/product_tag?post=5766"}],"curies":[{"name":"wp","href":"https:\/\/api.w.org\/{rel}","templated":true}]}}