{"id":5775,"date":"2022-11-18T14:31:41","date_gmt":"2022-11-18T20:31:41","guid":{"rendered":"https:\/\/orbiscorporstg.wpengine.com\/product\/48-x-48-mi-cisf\/"},"modified":"2025-11-26T09:39:01","modified_gmt":"2025-11-26T15:39:01","slug":"48-x-48-mi-cisf","status":"publish","type":"product","link":"https:\/\/www-stg.orbiscorporation.com\/es-mx\/products\/plastic-pallets\/nestable\/48-x-48-mi-cisf\/","title":{"rendered":"48 x 48 MI CISF"},"content":{"rendered":"<p>La tarima ORBIS 48 x 48 MI CISF permite mover, almacenar y distribuir cargas de productos dentro de un almac\u00e9n\/centro de distribuci\u00f3n individual o en una completa cadena de suministro. Desde el material sin procesar hasta el producto terminado, las tarimas reutilizables de pl\u00e1stico protegen el producto hasta que llega a su destino final. Estando vac\u00edas, estas tarimas se anidan para ofrecer un viaje de regreso o almacenamiento econ\u00f3mico. Su consistencia dimensional asegura la interconexi\u00f3n sin forzamiento con todo tipo de equipos de automatizaci\u00f3n a alta velocidad y manejo de materiales. Las tarimas anidables ORBIS son ligeras y f\u00e1ciles de manejar, sin clavos, astillas ni tablas rotas que presentan riesgo de lesiones para el empleado. Esta tarima ofrece una alternativa econ\u00f3mica, ecol\u00f3gica y eficiente a las tarimas de madera o patines.<\/p>\n<ul>\n<li>Espuma estructural moldeada para mayor resistencia<\/li>\n<li>Reciclable<\/li>\n<li>Ideal para aplicaciones industriales<\/li>\n<li>Entrada para horquilla montacargas: 4 v\u00edas<\/li>\n<li>Entrada para pat\u00edn manual: 4 v\u00edas<\/li>\n<\/ul>\n","protected":false},"excerpt":{"rendered":"<p>La tarima ORBIS 48 x 48 MI CISF permite mover, almacenar y distribuir cargas de productos dentro de un almac\u00e9n\/centro de distribuci\u00f3n individual o en una completa cadena de suministro. Desde el material sin procesar hasta el producto terminado, las tarimas reutilizables de pl\u00e1stico protegen el producto hasta que llega a su destino final. Estando [&hellip;]<\/p>\n","protected":false},"featured_media":8254,"template":"","meta":{"_acf_changed":false},"product_brand":[],"product_cat":[1848,1811],"product_tag":[4169,1819,1823],"class_list":{"0":"post-5775","1":"product","2":"type-product","3":"status-publish","4":"has-post-thumbnail","6":"product_cat-nestable","7":"product_cat-plastic-pallets","8":"product_tag-48x48-es-mx-2","9":"product_tag-fabricacion-de-alimentos","10":"product_tag-minoristas-distribucion","12":"first","13":"instock","14":"product-type-simple"},"acf":[],"gallery_images":[4846],"_links":{"self":[{"href":"https:\/\/www-stg.orbiscorporation.com\/es-mx\/wp-json\/wp\/v2\/product\/5775","targetHints":{"allow":["GET"]}}],"collection":[{"href":"https:\/\/www-stg.orbiscorporation.com\/es-mx\/wp-json\/wp\/v2\/product"}],"about":[{"href":"https:\/\/www-stg.orbiscorporation.com\/es-mx\/wp-json\/wp\/v2\/types\/product"}],"wp:featuredmedia":[{"embeddable":true,"href":"https:\/\/www-stg.orbiscorporation.com\/es-mx\/wp-json\/wp\/v2\/media\/8254"}],"wp:attachment":[{"href":"https:\/\/www-stg.orbiscorporation.com\/es-mx\/wp-json\/wp\/v2\/media?parent=5775"}],"wp:term":[{"taxonomy":"product_brand","embeddable":true,"href":"https:\/\/www-stg.orbiscorporation.com\/es-mx\/wp-json\/wp\/v2\/product_brand?post=5775"},{"taxonomy":"product_cat","embeddable":true,"href":"https:\/\/www-stg.orbiscorporation.com\/es-mx\/wp-json\/wp\/v2\/product_cat?post=5775"},{"taxonomy":"product_tag","embeddable":true,"href":"https:\/\/www-stg.orbiscorporation.com\/es-mx\/wp-json\/wp\/v2\/product_tag?post=5775"}],"curies":[{"name":"wp","href":"https:\/\/api.w.org\/{rel}","templated":true}]}}