{"id":5782,"date":"2022-11-18T14:36:16","date_gmt":"2022-11-18T20:36:16","guid":{"rendered":"https:\/\/orbiscorporstg.wpengine.com\/product\/30-x-36-topcap-ciss\/"},"modified":"2023-04-27T14:34:51","modified_gmt":"2023-04-27T20:34:51","slug":"30-x-36-topcap-ciss","status":"publish","type":"product","link":"https:\/\/www-stg.orbiscorporation.com\/es-mx\/products\/plastic-pallets\/top-caps-and-top-frames\/30-x-36-topcap-ciss\/","title":{"rendered":"30 x 36 TOPCAP CISS"},"content":{"rendered":"<table width=\"1139\">\n<tbody>\n<tr>\n<td width=\"1139\">Las tapas superiores pl\u00e1sticas son reutilizables y sirven de cubierta para las cargas de contenedores a fin de mantener una distribuci\u00f3n y estabilidad uniforme del peso y as\u00ed asegurar la estiba de la carga. Fabricado 100% de materiales reciclables. Crea una unidad de env\u00edo econ\u00f3mica, ecol\u00f3gica y eficiente.<\/p>\n<ul>\n<li>Medidas de 30 x 36<\/li>\n<li>Termoformada de hoja doble (HMWPE)<\/li>\n<li>Espesor inicial de hoja de tarima: 0.280&#8243;<\/li>\n<\/ul>\n<\/td>\n<\/tr>\n<\/tbody>\n<\/table>\n","protected":false},"excerpt":{"rendered":"<p>Las tapas superiores pl\u00e1sticas son reutilizables y sirven de cubierta para las cargas de contenedores a fin de mantener una distribuci\u00f3n y estabilidad uniforme del peso y as\u00ed asegurar la estiba de la carga. Fabricado 100% de materiales reciclables. Crea una unidad de env\u00edo econ\u00f3mica, ecol\u00f3gica y eficiente. Medidas de 30 x 36 Termoformada de [&hellip;]<\/p>\n","protected":false},"featured_media":2478,"template":"","meta":{"_acf_changed":false},"product_brand":[],"product_cat":[1811,1851],"product_tag":[4150,1814],"class_list":{"0":"post-5782","1":"product","2":"type-product","3":"status-publish","4":"has-post-thumbnail","6":"product_cat-plastic-pallets","7":"product_cat-top-caps-and-top-frames","8":"product_tag-30x36-es-mx-2","9":"product_tag-automotriz","11":"first","12":"instock","13":"product-type-simple"},"acf":[],"gallery_images":[2476],"_links":{"self":[{"href":"https:\/\/www-stg.orbiscorporation.com\/es-mx\/wp-json\/wp\/v2\/product\/5782","targetHints":{"allow":["GET"]}}],"collection":[{"href":"https:\/\/www-stg.orbiscorporation.com\/es-mx\/wp-json\/wp\/v2\/product"}],"about":[{"href":"https:\/\/www-stg.orbiscorporation.com\/es-mx\/wp-json\/wp\/v2\/types\/product"}],"wp:featuredmedia":[{"embeddable":true,"href":"https:\/\/www-stg.orbiscorporation.com\/es-mx\/wp-json\/wp\/v2\/media\/2478"}],"wp:attachment":[{"href":"https:\/\/www-stg.orbiscorporation.com\/es-mx\/wp-json\/wp\/v2\/media?parent=5782"}],"wp:term":[{"taxonomy":"product_brand","embeddable":true,"href":"https:\/\/www-stg.orbiscorporation.com\/es-mx\/wp-json\/wp\/v2\/product_brand?post=5782"},{"taxonomy":"product_cat","embeddable":true,"href":"https:\/\/www-stg.orbiscorporation.com\/es-mx\/wp-json\/wp\/v2\/product_cat?post=5782"},{"taxonomy":"product_tag","embeddable":true,"href":"https:\/\/www-stg.orbiscorporation.com\/es-mx\/wp-json\/wp\/v2\/product_tag?post=5782"}],"curies":[{"name":"wp","href":"https:\/\/api.w.org\/{rel}","templated":true}]}}