{"id":5783,"date":"2022-11-18T14:36:16","date_gmt":"2022-11-18T20:36:16","guid":{"rendered":"https:\/\/orbiscorporstg.wpengine.com\/product\/32-x-38-hd-topcap\/"},"modified":"2026-01-07T12:26:30","modified_gmt":"2026-01-07T18:26:30","slug":"32-x-38-hd-topcap","status":"publish","type":"product","link":"https:\/\/www-stg.orbiscorporation.com\/es-mx\/products\/plastic-pallets\/top-caps-and-top-frames\/32-x-38-hd-topcap\/","title":{"rendered":"32 X 38 HD TOPCAP"},"content":{"rendered":"<p>Las tapas superiores pl\u00e1sticas son reutilizables y sirven de cubierta para las cargas de contenedores a fin de mantener una distribuci\u00f3n y estabilidad uniforme del peso y as\u00ed asegurar la estiba de la carga. Fabricado 100% de materiales reciclables. Crea una unidad de env\u00edo econ\u00f3mica, ecol\u00f3gica y eficiente.<\/p>\n<ul>\n<li>Medidas de 32 x 38<\/li>\n<\/ul>\n<div id=\"gtx-trans\" style=\"position: absolute; left: -28px; top: 63px;\">\n<div class=\"gtx-trans-icon\"><\/div>\n<\/div>\n","protected":false},"excerpt":{"rendered":"<p>Las tapas superiores pl\u00e1sticas son reutilizables y sirven de cubierta para las cargas de contenedores a fin de mantener una distribuci\u00f3n y estabilidad uniforme del peso y as\u00ed asegurar la estiba de la carga. Fabricado 100% de materiales reciclables. Crea una unidad de env\u00edo econ\u00f3mica, ecol\u00f3gica y eficiente. Medidas de 32 x 38<\/p>\n","protected":false},"featured_media":3014,"template":"","meta":{"_acf_changed":false},"product_brand":[],"product_cat":[1851,1811],"product_tag":[4153,1814],"class_list":{"0":"post-5783","1":"product","2":"type-product","3":"status-publish","4":"has-post-thumbnail","6":"product_cat-top-caps-and-top-frames","7":"product_cat-plastic-pallets","8":"product_tag-32x38-es-mx","9":"product_tag-automotriz","11":"first","12":"instock","13":"product-type-simple"},"acf":[],"gallery_images":[3012],"_links":{"self":[{"href":"https:\/\/www-stg.orbiscorporation.com\/es-mx\/wp-json\/wp\/v2\/product\/5783","targetHints":{"allow":["GET"]}}],"collection":[{"href":"https:\/\/www-stg.orbiscorporation.com\/es-mx\/wp-json\/wp\/v2\/product"}],"about":[{"href":"https:\/\/www-stg.orbiscorporation.com\/es-mx\/wp-json\/wp\/v2\/types\/product"}],"wp:featuredmedia":[{"embeddable":true,"href":"https:\/\/www-stg.orbiscorporation.com\/es-mx\/wp-json\/wp\/v2\/media\/3014"}],"wp:attachment":[{"href":"https:\/\/www-stg.orbiscorporation.com\/es-mx\/wp-json\/wp\/v2\/media?parent=5783"}],"wp:term":[{"taxonomy":"product_brand","embeddable":true,"href":"https:\/\/www-stg.orbiscorporation.com\/es-mx\/wp-json\/wp\/v2\/product_brand?post=5783"},{"taxonomy":"product_cat","embeddable":true,"href":"https:\/\/www-stg.orbiscorporation.com\/es-mx\/wp-json\/wp\/v2\/product_cat?post=5783"},{"taxonomy":"product_tag","embeddable":true,"href":"https:\/\/www-stg.orbiscorporation.com\/es-mx\/wp-json\/wp\/v2\/product_tag?post=5783"}],"curies":[{"name":"wp","href":"https:\/\/api.w.org\/{rel}","templated":true}]}}