{"id":5784,"date":"2022-11-18T14:36:16","date_gmt":"2022-11-18T20:36:16","guid":{"rendered":"https:\/\/orbiscorporstg.wpengine.com\/product\/40-x-48-gma-topcap-c-ciss\/"},"modified":"2023-04-27T14:33:14","modified_gmt":"2023-04-27T20:33:14","slug":"40-x-48-gma-topcap-c-ciss","status":"publish","type":"product","link":"https:\/\/www-stg.orbiscorporation.com\/es-mx\/products\/plastic-pallets\/top-caps-and-top-frames\/40-x-48-gma-topcap-c-ciss\/","title":{"rendered":"40 x 48 GMA TOPCAP C CISS"},"content":{"rendered":"<table width=\"1139\">\n<tbody>\n<tr>\n<td width=\"1139\">Las tapas superiores pl\u00e1sticas son reutilizables y sirven de cubierta para las cargas de contenedores a fin de mantener una distribuci\u00f3n y estabilidad uniforme del peso y as\u00ed asegurar la estiba de la carga. Fabricado 100% de materiales reciclables. Crea una unidad de env\u00edo econ\u00f3mica, ecol\u00f3gica y eficiente.<\/p>\n<ul>\n<li>Termoformada de hoja individual (HMWPE)<\/li>\n<li>Dise\u00f1ada para interconectarse con las patas de la tarima 40 x 48 XpressPal HD<\/li>\n<\/ul>\n<\/td>\n<\/tr>\n<\/tbody>\n<\/table>\n","protected":false},"excerpt":{"rendered":"<p>Las tapas superiores pl\u00e1sticas son reutilizables y sirven de cubierta para las cargas de contenedores a fin de mantener una distribuci\u00f3n y estabilidad uniforme del peso y as\u00ed asegurar la estiba de la carga. Fabricado 100% de materiales reciclables. Crea una unidad de env\u00edo econ\u00f3mica, ecol\u00f3gica y eficiente. Termoformada de hoja individual (HMWPE) Dise\u00f1ada para [&hellip;]<\/p>\n","protected":false},"featured_media":2526,"template":"","meta":{"_acf_changed":false},"product_brand":[],"product_cat":[1811,1851],"product_tag":[4156,1819,1821],"class_list":{"0":"post-5784","1":"product","2":"type-product","3":"status-publish","4":"has-post-thumbnail","6":"product_cat-plastic-pallets","7":"product_cat-top-caps-and-top-frames","8":"product_tag-40x48-es-mx-2","9":"product_tag-fabricacion-de-alimentos","10":"product_tag-farmaceutica","12":"first","13":"instock","14":"product-type-simple"},"acf":[],"gallery_images":[2524],"_links":{"self":[{"href":"https:\/\/www-stg.orbiscorporation.com\/es-mx\/wp-json\/wp\/v2\/product\/5784","targetHints":{"allow":["GET"]}}],"collection":[{"href":"https:\/\/www-stg.orbiscorporation.com\/es-mx\/wp-json\/wp\/v2\/product"}],"about":[{"href":"https:\/\/www-stg.orbiscorporation.com\/es-mx\/wp-json\/wp\/v2\/types\/product"}],"wp:featuredmedia":[{"embeddable":true,"href":"https:\/\/www-stg.orbiscorporation.com\/es-mx\/wp-json\/wp\/v2\/media\/2526"}],"wp:attachment":[{"href":"https:\/\/www-stg.orbiscorporation.com\/es-mx\/wp-json\/wp\/v2\/media?parent=5784"}],"wp:term":[{"taxonomy":"product_brand","embeddable":true,"href":"https:\/\/www-stg.orbiscorporation.com\/es-mx\/wp-json\/wp\/v2\/product_brand?post=5784"},{"taxonomy":"product_cat","embeddable":true,"href":"https:\/\/www-stg.orbiscorporation.com\/es-mx\/wp-json\/wp\/v2\/product_cat?post=5784"},{"taxonomy":"product_tag","embeddable":true,"href":"https:\/\/www-stg.orbiscorporation.com\/es-mx\/wp-json\/wp\/v2\/product_tag?post=5784"}],"curies":[{"name":"wp","href":"https:\/\/api.w.org\/{rel}","templated":true}]}}