{"id":5786,"date":"2022-11-18T14:36:16","date_gmt":"2022-11-18T20:36:16","guid":{"rendered":"https:\/\/orbiscorporstg.wpengine.com\/product\/45-x-48-mp3-topcap-cisc\/"},"modified":"2025-03-11T08:03:55","modified_gmt":"2025-03-11T14:03:55","slug":"45-x-48-mp3-topcap-cisc","status":"publish","type":"product","link":"https:\/\/www-stg.orbiscorporation.com\/es-mx\/products\/plastic-pallets\/top-caps-and-top-frames\/45-x-48-mp3-topcap-cisc\/","title":{"rendered":"45 x 48 MP3 TOPCAP CISC"},"content":{"rendered":"<p>La tapa superior MP3 se puede combinar con cargas de contenedores de 45 x 48 para proteger el producto contra el polvo y los contaminantes durante el almacenamiento y el embarque. Tambi\u00e9n act\u00faa como cubiertapara los contenedores ORBIS a granel (que se venden por separado). Aporta flexibilidad al sistema permitiendo embarques mixtos de cargas de contenedores y contenedores a granel. Con compatibilidad l\u00edder en la industria entre las tarimas anidables, los contenedores a granel y los racks*, esta tapa superior reduce los costos de flete para suministradores en todas las cadenas de suministro automotriz e industrial. Con cargas de producto mixtas, los suministradores podr\u00e1n aprovechar cada espacio en las cargas externas y reducir el n\u00famero de cargas parciales que salen de su planta. Con un peso de apenas 16.6 lbs, la tapa superior MP3 es 100% reciclable al final de su vida \u00fatil. (*Nota Debido a la falta de estandarizaci\u00f3n en las medidas de los racks, se debe probar su compatibilidad de antes de la puesta en pr\u00e1ctica. Hable con su representante de ventas ORBIS).<\/p>\n<ul>\n<li>Calza firmemente en cargas de contenedores de 45 x 48<\/li>\n<li>Canal estructural moldeado en polietileno de alta densidad<\/li>\n<\/ul>\n","protected":false},"excerpt":{"rendered":"<p>La tapa superior MP3 se puede combinar con cargas de contenedores de 45 x 48 para proteger el producto contra el polvo y los contaminantes durante el almacenamiento y el embarque. Tambi\u00e9n act\u00faa como cubiertapara los contenedores ORBIS a granel (que se venden por separado). Aporta flexibilidad al sistema permitiendo embarques mixtos de cargas de [&hellip;]<\/p>\n","protected":false},"featured_media":3058,"template":"","meta":{"_acf_changed":false},"product_brand":[],"product_cat":[1851,1811],"product_tag":[4161,1814],"class_list":{"0":"post-5786","1":"product","2":"type-product","3":"status-publish","4":"has-post-thumbnail","6":"product_cat-top-caps-and-top-frames","7":"product_cat-plastic-pallets","8":"product_tag-45x48-es-mx-2","9":"product_tag-automotriz","11":"first","12":"instock","13":"product-type-simple"},"acf":[],"gallery_images":[3056],"_links":{"self":[{"href":"https:\/\/www-stg.orbiscorporation.com\/es-mx\/wp-json\/wp\/v2\/product\/5786","targetHints":{"allow":["GET"]}}],"collection":[{"href":"https:\/\/www-stg.orbiscorporation.com\/es-mx\/wp-json\/wp\/v2\/product"}],"about":[{"href":"https:\/\/www-stg.orbiscorporation.com\/es-mx\/wp-json\/wp\/v2\/types\/product"}],"wp:featuredmedia":[{"embeddable":true,"href":"https:\/\/www-stg.orbiscorporation.com\/es-mx\/wp-json\/wp\/v2\/media\/3058"}],"wp:attachment":[{"href":"https:\/\/www-stg.orbiscorporation.com\/es-mx\/wp-json\/wp\/v2\/media?parent=5786"}],"wp:term":[{"taxonomy":"product_brand","embeddable":true,"href":"https:\/\/www-stg.orbiscorporation.com\/es-mx\/wp-json\/wp\/v2\/product_brand?post=5786"},{"taxonomy":"product_cat","embeddable":true,"href":"https:\/\/www-stg.orbiscorporation.com\/es-mx\/wp-json\/wp\/v2\/product_cat?post=5786"},{"taxonomy":"product_tag","embeddable":true,"href":"https:\/\/www-stg.orbiscorporation.com\/es-mx\/wp-json\/wp\/v2\/product_tag?post=5786"}],"curies":[{"name":"wp","href":"https:\/\/api.w.org\/{rel}","templated":true}]}}