{"id":5797,"date":"2022-11-21T11:05:09","date_gmt":"2022-11-21T17:05:09","guid":{"rendered":"https:\/\/orbiscorporstg.wpengine.com\/product\/no2113-11\/"},"modified":"2025-09-30T13:38:08","modified_gmt":"2025-09-30T19:38:08","slug":"no2113-11","status":"publish","type":"product","link":"https:\/\/www-stg.orbiscorporation.com\/es-mx\/products\/hand-held-containers\/stack-n-nest\/no2113-11\/","title":{"rendered":"NO2113-11"},"content":{"rendered":"<p>Los contenedores solo para anidar ORBIS satisfacen diversas necesidades de muchos tipos de requerimientos de recolecci\u00f3n y entrega de pedidos en los modernos sistemas de distribuci\u00f3n. Su construcci\u00f3n duradera y dise\u00f1o superior permiten que estos contenedores retornables duren m\u00e1s de 250 viajes, proporcionando un excelente retorno sobre la inversi\u00f3n y un reducido costo de distribuci\u00f3n por viaje en comparaci\u00f3n con las cajas de cart\u00f3n corrugado. Paredes suaves y dise\u00f1adas para f\u00e1cil manejo y consistencia dimensional para un rendimiento repetitivo en los sistemas automatizados. Estos contenedores son totalmente reciclables al final de su vida \u00fatil.<\/p>\n<ul>\n<li>Medidas de 21 x 13<\/li>\n<li>Se estiba firmemente con tapas y se anida fijamente cuando est\u00e1 vac\u00edo para \u00f3ptimo aprovechamiento de espacio<\/li>\n<li>Tapa desprendible opcional<\/li>\n<\/ul>\n","protected":false},"excerpt":{"rendered":"<p>Los contenedores solo para anidar ORBIS satisfacen diversas necesidades de muchos tipos de requerimientos de recolecci\u00f3n y entrega de pedidos en los modernos sistemas de distribuci\u00f3n. Su construcci\u00f3n duradera y dise\u00f1o superior permiten que estos contenedores retornables duren m\u00e1s de 250 viajes, proporcionando un excelente retorno sobre la inversi\u00f3n y un reducido costo de distribuci\u00f3n [&hellip;]<\/p>\n","protected":false},"featured_media":4278,"template":"","meta":{"_acf_changed":false},"product_brand":[],"product_cat":[1852],"product_tag":[4122],"class_list":{"0":"post-5797","1":"product","2":"type-product","3":"status-publish","4":"has-post-thumbnail","6":"product_cat-hand-held-containers","7":"product_tag-21x13-es-mx-2","9":"first","10":"instock","11":"product-type-simple"},"acf":[],"gallery_images":[4286,4284,4282,4280],"_links":{"self":[{"href":"https:\/\/www-stg.orbiscorporation.com\/es-mx\/wp-json\/wp\/v2\/product\/5797","targetHints":{"allow":["GET"]}}],"collection":[{"href":"https:\/\/www-stg.orbiscorporation.com\/es-mx\/wp-json\/wp\/v2\/product"}],"about":[{"href":"https:\/\/www-stg.orbiscorporation.com\/es-mx\/wp-json\/wp\/v2\/types\/product"}],"wp:featuredmedia":[{"embeddable":true,"href":"https:\/\/www-stg.orbiscorporation.com\/es-mx\/wp-json\/wp\/v2\/media\/4278"}],"wp:attachment":[{"href":"https:\/\/www-stg.orbiscorporation.com\/es-mx\/wp-json\/wp\/v2\/media?parent=5797"}],"wp:term":[{"taxonomy":"product_brand","embeddable":true,"href":"https:\/\/www-stg.orbiscorporation.com\/es-mx\/wp-json\/wp\/v2\/product_brand?post=5797"},{"taxonomy":"product_cat","embeddable":true,"href":"https:\/\/www-stg.orbiscorporation.com\/es-mx\/wp-json\/wp\/v2\/product_cat?post=5797"},{"taxonomy":"product_tag","embeddable":true,"href":"https:\/\/www-stg.orbiscorporation.com\/es-mx\/wp-json\/wp\/v2\/product_tag?post=5797"}],"curies":[{"name":"wp","href":"https:\/\/api.w.org\/{rel}","templated":true}]}}