{"id":5798,"date":"2022-11-21T11:05:09","date_gmt":"2022-11-21T17:05:09","guid":{"rendered":"https:\/\/orbiscorporstg.wpengine.com\/product\/rno2115-5\/"},"modified":"2023-04-27T09:01:58","modified_gmt":"2023-04-27T15:01:58","slug":"rno2115-5","status":"publish","type":"product","link":"https:\/\/www-stg.orbiscorporation.com\/es-mx\/products\/hand-held-containers\/stack-n-nest\/rno2115-5\/","title":{"rendered":"RNO2115-5"},"content":{"rendered":"<table width=\"998\">\n<tbody>\n<tr>\n<td width=\"998\">Los contenedores solo para anidar ORBIS satisfacen diversas necesidades de muchos tipos de requerimientos de recolecci\u00f3n y entrega de pedidos en los modernos sistemas de distribuci\u00f3n. Su construcci\u00f3n duradera y dise\u00f1o superior permiten que estos contenedores retornables duren m\u00e1s de 250 viajes, proporcionando un excelente retorno sobre la inversi\u00f3n y un reducido costo de distribuci\u00f3n por viaje en comparaci\u00f3n con las cajas de cart\u00f3n corrugado. Paredes lisas dise\u00f1adas para f\u00e1cil manejo y consistencia dimensional para un rendimiento repetitivo en los sistemas automatizados. Estos contenedores son totalmente reciclables al final de su vida \u00fatil.<\/p>\n<ul>\n<li>Medida 21 x 15<\/li>\n<li>Se estiba firmemente con tapas y se anida fijamente cuando est\u00e1 vac\u00edo para \u00f3ptimo aprovechamiento de espacio<\/li>\n<li>Tapa desprendible opcional<\/li>\n<li>Compatible con el GMA CISF LPD 40 x 48-B<\/li>\n<\/ul>\n<\/td>\n<\/tr>\n<\/tbody>\n<\/table>\n","protected":false},"excerpt":{"rendered":"<p>Los contenedores solo para anidar ORBIS satisfacen diversas necesidades de muchos tipos de requerimientos de recolecci\u00f3n y entrega de pedidos en los modernos sistemas de distribuci\u00f3n. Su construcci\u00f3n duradera y dise\u00f1o superior permiten que estos contenedores retornables duren m\u00e1s de 250 viajes, proporcionando un excelente retorno sobre la inversi\u00f3n y un reducido costo de distribuci\u00f3n [&hellip;]<\/p>\n","protected":false},"featured_media":4930,"template":"","meta":{"_acf_changed":false},"product_brand":[],"product_cat":[1852],"product_tag":[3997,1818,1821,1823],"class_list":{"0":"post-5798","1":"product","2":"type-product","3":"status-publish","4":"has-post-thumbnail","6":"product_cat-hand-held-containers","7":"product_tag-21x15-2","8":"product_tag-comercio-electronico","9":"product_tag-farmaceutica","10":"product_tag-minoristas-distribucion","12":"first","13":"instock","14":"product-type-simple"},"acf":[],"gallery_images":[4938,4936,4934,4932],"_links":{"self":[{"href":"https:\/\/www-stg.orbiscorporation.com\/es-mx\/wp-json\/wp\/v2\/product\/5798","targetHints":{"allow":["GET"]}}],"collection":[{"href":"https:\/\/www-stg.orbiscorporation.com\/es-mx\/wp-json\/wp\/v2\/product"}],"about":[{"href":"https:\/\/www-stg.orbiscorporation.com\/es-mx\/wp-json\/wp\/v2\/types\/product"}],"wp:featuredmedia":[{"embeddable":true,"href":"https:\/\/www-stg.orbiscorporation.com\/es-mx\/wp-json\/wp\/v2\/media\/4930"}],"wp:attachment":[{"href":"https:\/\/www-stg.orbiscorporation.com\/es-mx\/wp-json\/wp\/v2\/media?parent=5798"}],"wp:term":[{"taxonomy":"product_brand","embeddable":true,"href":"https:\/\/www-stg.orbiscorporation.com\/es-mx\/wp-json\/wp\/v2\/product_brand?post=5798"},{"taxonomy":"product_cat","embeddable":true,"href":"https:\/\/www-stg.orbiscorporation.com\/es-mx\/wp-json\/wp\/v2\/product_cat?post=5798"},{"taxonomy":"product_tag","embeddable":true,"href":"https:\/\/www-stg.orbiscorporation.com\/es-mx\/wp-json\/wp\/v2\/product_tag?post=5798"}],"curies":[{"name":"wp","href":"https:\/\/api.w.org\/{rel}","templated":true}]}}