{"id":5810,"date":"2022-11-21T11:05:09","date_gmt":"2022-11-21T17:05:09","guid":{"rendered":"https:\/\/orbiscorporstg.wpengine.com\/product\/gs6040-27\/"},"modified":"2025-09-05T13:49:44","modified_gmt":"2025-09-05T19:49:44","slug":"gs6040-27","status":"publish","type":"product","link":"https:\/\/www-stg.orbiscorporation.com\/es-mx\/products\/hand-held-containers\/stack-n-nest\/gs6040-27\/","title":{"rendered":"GS6040-27"},"content":{"rendered":"<p>El Sistema 4048 Stack-N-Nest es un sistema integral de contenedores estibables y anidables, tarimas, tapas superiores y bases rodantes de . Estos contenedores de pl\u00e1stico retornables se estiban en una columna, creando cargas verticalmente modulares y alturas de estiba niveladas. Los contenedores est\u00e1n disponibles con fondo suave para f\u00e1cil limpieza o fondo texturizado para uso en bandas transportadoras. Agarraderas contorneadas para manejo f\u00e1cil y seguro. Las \u00e1reas de identificaci\u00f3n est\u00e1n ubicadas en los lados, extremos y tapas. Estos contenedores son totalmente reciclables al final de su vida \u00fatil. Nota: Todas las especificaciones son en pulgadas, excepto cuando se indique lo contrario. *Tome en cuenta que ORBIS publica las especificaciones para esta l\u00ednea de productosen pulgadas, pero el nombre del modelo no corresponde a pulgadas.Este sistema fuedise\u00f1ado en una medida m\u00e9trica y el nombre de modelo refleja esto.<\/p>\n<ul>\n<li>Medida 24 x 16<\/li>\n<li>Se estiba cuando se gira 180 grados<\/li>\n<li>Se anida cuando regresa a su posici\u00f3n original<\/li>\n<li>Paredes s\u00f3lidas<\/li>\n<li>Fondo suave o texturizado<\/li>\n<li>Disponible en material aprobado por la FDA<\/li>\n<li>Disponible en material de protecci\u00f3n contra ESD<\/li>\n<\/ul>\n","protected":false},"excerpt":{"rendered":"<p>El Sistema 4048 Stack-N-Nest es un sistema integral de contenedores estibables y anidables, tarimas, tapas superiores y bases rodantes de . Estos contenedores de pl\u00e1stico retornables se estiban en una columna, creando cargas verticalmente modulares y alturas de estiba niveladas. Los contenedores est\u00e1n disponibles con fondo suave para f\u00e1cil limpieza o fondo texturizado para uso [&hellip;]<\/p>\n","protected":false},"featured_media":8693,"template":"","meta":{"_acf_changed":false},"product_brand":[],"product_cat":[1864,1852],"product_tag":[4130,1818,1819,1813],"class_list":{"0":"post-5810","1":"product","2":"type-product","3":"status-publish","4":"has-post-thumbnail","6":"product_cat-stack-n-nest","7":"product_cat-hand-held-containers","8":"product_tag-24x16-es-mx-2","9":"product_tag-comercio-electronico","10":"product_tag-fabricacion-de-alimentos","11":"product_tag-sistemas-automatizados","13":"first","14":"instock","15":"product-type-simple"},"acf":[],"gallery_images":[3566,3564,3570],"_links":{"self":[{"href":"https:\/\/www-stg.orbiscorporation.com\/es-mx\/wp-json\/wp\/v2\/product\/5810","targetHints":{"allow":["GET"]}}],"collection":[{"href":"https:\/\/www-stg.orbiscorporation.com\/es-mx\/wp-json\/wp\/v2\/product"}],"about":[{"href":"https:\/\/www-stg.orbiscorporation.com\/es-mx\/wp-json\/wp\/v2\/types\/product"}],"wp:featuredmedia":[{"embeddable":true,"href":"https:\/\/www-stg.orbiscorporation.com\/es-mx\/wp-json\/wp\/v2\/media\/8693"}],"wp:attachment":[{"href":"https:\/\/www-stg.orbiscorporation.com\/es-mx\/wp-json\/wp\/v2\/media?parent=5810"}],"wp:term":[{"taxonomy":"product_brand","embeddable":true,"href":"https:\/\/www-stg.orbiscorporation.com\/es-mx\/wp-json\/wp\/v2\/product_brand?post=5810"},{"taxonomy":"product_cat","embeddable":true,"href":"https:\/\/www-stg.orbiscorporation.com\/es-mx\/wp-json\/wp\/v2\/product_cat?post=5810"},{"taxonomy":"product_tag","embeddable":true,"href":"https:\/\/www-stg.orbiscorporation.com\/es-mx\/wp-json\/wp\/v2\/product_tag?post=5810"}],"curies":[{"name":"wp","href":"https:\/\/api.w.org\/{rel}","templated":true}]}}