{"id":5822,"date":"2022-11-21T12:09:03","date_gmt":"2022-11-21T18:09:03","guid":{"rendered":"https:\/\/orbiscorporstg.wpengine.com\/product\/hhfc2422-11\/"},"modified":"2023-04-26T11:34:00","modified_gmt":"2023-04-26T17:34:00","slug":"hhfc2422-11","status":"publish","type":"product","link":"https:\/\/www-stg.orbiscorporation.com\/es-mx\/products\/hand-held-containers\/collapsible\/hhfc2422-11\/","title":{"rendered":"HHFC2422-11"},"content":{"rendered":"<table width=\"998\">\n<tbody>\n<tr>\n<td width=\"998\">Los m\u00e1s nuevos Contenedores colapsables de uso manual ORBIS se estiban con contenedores de pared recta de la misma medida, permitiendo combinar cargas para eficiencia de embarque. Estos contenedores colapsables se estiban fijamente cuando est\u00e1n ensamblados y se colapsan eficientemente cuando est\u00e1n vac\u00edos, para reducci\u00f3n de costos de flete de retorno. Las paredes interiores rectas y lisas ofrecen m\u00e1ximo aprovechamiento de espacio c\u00fabico y f\u00e1cil interacci\u00f3n con el material interior. Todos los contenedores retornables encajan en la medida de tarima est\u00e1ndar AIAG de 45&#8243; x 48&#8243;. Estos contenedores son totalmente reciclables al final de su vida \u00fatil.<\/p>\n<ul>\n<li>Medida 24 x 22<\/li>\n<li>Se estiba con los modelos NSO2422 StakPak<\/li>\n<li>Los porta tarjetas moldeados permiten acceder f\u00e1cilmente a las tarjetas de identificaci\u00f3n<\/li>\n<li>Se colapsa en 3.0<\/li>\n<li>Se ensambla y colapsa en 3 segundos<\/li>\n<\/ul>\n<\/td>\n<\/tr>\n<\/tbody>\n<\/table>\n","protected":false},"excerpt":{"rendered":"<p>Los m\u00e1s nuevos Contenedores colapsables de uso manual ORBIS se estiban con contenedores de pared recta de la misma medida, permitiendo combinar cargas para eficiencia de embarque. Estos contenedores colapsables se estiban fijamente cuando est\u00e1n ensamblados y se colapsan eficientemente cuando est\u00e1n vac\u00edos, para reducci\u00f3n de costos de flete de retorno. Las paredes interiores rectas [&hellip;]<\/p>\n","protected":false},"featured_media":4144,"template":"","meta":{"_acf_changed":false},"product_brand":[],"product_cat":[1852,1859],"product_tag":[4132],"class_list":{"0":"post-5822","1":"product","2":"type-product","3":"status-publish","4":"has-post-thumbnail","6":"product_cat-hand-held-containers","7":"product_cat-collapsible","8":"product_tag-24x22-es-mx-2","10":"first","11":"instock","12":"product-type-simple"},"acf":[],"gallery_images":[4152,4150,4148,4146],"_links":{"self":[{"href":"https:\/\/www-stg.orbiscorporation.com\/es-mx\/wp-json\/wp\/v2\/product\/5822","targetHints":{"allow":["GET"]}}],"collection":[{"href":"https:\/\/www-stg.orbiscorporation.com\/es-mx\/wp-json\/wp\/v2\/product"}],"about":[{"href":"https:\/\/www-stg.orbiscorporation.com\/es-mx\/wp-json\/wp\/v2\/types\/product"}],"wp:featuredmedia":[{"embeddable":true,"href":"https:\/\/www-stg.orbiscorporation.com\/es-mx\/wp-json\/wp\/v2\/media\/4144"}],"wp:attachment":[{"href":"https:\/\/www-stg.orbiscorporation.com\/es-mx\/wp-json\/wp\/v2\/media?parent=5822"}],"wp:term":[{"taxonomy":"product_brand","embeddable":true,"href":"https:\/\/www-stg.orbiscorporation.com\/es-mx\/wp-json\/wp\/v2\/product_brand?post=5822"},{"taxonomy":"product_cat","embeddable":true,"href":"https:\/\/www-stg.orbiscorporation.com\/es-mx\/wp-json\/wp\/v2\/product_cat?post=5822"},{"taxonomy":"product_tag","embeddable":true,"href":"https:\/\/www-stg.orbiscorporation.com\/es-mx\/wp-json\/wp\/v2\/product_tag?post=5822"}],"curies":[{"name":"wp","href":"https:\/\/api.w.org\/{rel}","templated":true}]}}