{"id":5862,"date":"2022-11-21T12:50:49","date_gmt":"2022-11-21T18:50:49","guid":{"rendered":"https:\/\/orbiscorporstg.wpengine.com\/product\/ml6040-30\/"},"modified":"2023-04-27T13:50:10","modified_gmt":"2023-04-27T19:50:10","slug":"ml6040-30","status":"publish","type":"product","link":"https:\/\/www-stg.orbiscorporation.com\/es-mx\/products\/hand-held-containers\/sistemas-de-almacenamiento-automatizados\/ml6040-30\/","title":{"rendered":"ML6040-30"},"content":{"rendered":"<table width=\"998\">\n<tbody>\n<tr>\n<td width=\"998\">Los contenedores de pl\u00e1stico retornables ORBIS fueron dise\u00f1ados para usarse en los sistemas de minicarga actuales para estandarizar con eficiencia en costo las cargas unitarias. Ideales para la recolecci\u00f3n de caja bipartida, los contenedores hechos totalmente de pl\u00e1stico de ORBIS est\u00e1n dise\u00f1ados para minimizar la deflexi\u00f3n y funcionar\u00e1n con diferentes equipos de inserci\u00f3n y extracci\u00f3n. Paredes suaves y rectas para m\u00e1xima capacidad c\u00fabica y consistencia dimensional para rendimiento repetitivo en sistemas de minicarga. Estos contenedores de pl\u00e1stico para minicarga son totalmente reciclables al final de su vida \u00fatil. *Tome en cuenta que ORBIS publica las especificaciones para esta l\u00ednea de productosen pulgadas, pero el nombre del modelo no corresponde a pulgadas.Este sistema fuedise\u00f1ado en una medida m\u00e9trica y el nombre de modelo refleja esto.<\/p>\n<ul>\n<li>Medida 600mm x 400 mm<\/li>\n<li>Alta capacidad c\u00fabica<\/li>\n<li>Caracter\u00edsticas moldeadas para inserci\u00f3n y extracci\u00f3n automatizada<\/li>\n<li>\u00c1rea de etiquetas empotrada para c\u00f3digo de barras<\/li>\n<li>Fondo reforzado para prevenir a deflexi\u00f3n<\/li>\n<li>Agarradera cerrada<\/li>\n<li>Fondo soldado, reforzadoo suave disponible<\/li>\n<\/ul>\n<\/td>\n<\/tr>\n<\/tbody>\n<\/table>\n","protected":false},"excerpt":{"rendered":"<p>Los contenedores de pl\u00e1stico retornables ORBIS fueron dise\u00f1ados para usarse en los sistemas de minicarga actuales para estandarizar con eficiencia en costo las cargas unitarias. Ideales para la recolecci\u00f3n de caja bipartida, los contenedores hechos totalmente de pl\u00e1stico de ORBIS est\u00e1n dise\u00f1ados para minimizar la deflexi\u00f3n y funcionar\u00e1n con diferentes equipos de inserci\u00f3n y extracci\u00f3n. [&hellip;]<\/p>\n","protected":false},"featured_media":4200,"template":"","meta":{"_acf_changed":false},"product_brand":[],"product_cat":[1852,1854],"product_tag":[4175],"class_list":{"0":"post-5862","1":"product","2":"type-product","3":"status-publish","4":"has-post-thumbnail","6":"product_cat-hand-held-containers","7":"product_cat-sistemas-de-almacenamiento-automatizados","8":"product_tag-600x400-es-mx-2","10":"first","11":"instock","12":"product-type-simple"},"acf":[],"gallery_images":[4204,4202,4198],"_links":{"self":[{"href":"https:\/\/www-stg.orbiscorporation.com\/es-mx\/wp-json\/wp\/v2\/product\/5862","targetHints":{"allow":["GET"]}}],"collection":[{"href":"https:\/\/www-stg.orbiscorporation.com\/es-mx\/wp-json\/wp\/v2\/product"}],"about":[{"href":"https:\/\/www-stg.orbiscorporation.com\/es-mx\/wp-json\/wp\/v2\/types\/product"}],"wp:featuredmedia":[{"embeddable":true,"href":"https:\/\/www-stg.orbiscorporation.com\/es-mx\/wp-json\/wp\/v2\/media\/4200"}],"wp:attachment":[{"href":"https:\/\/www-stg.orbiscorporation.com\/es-mx\/wp-json\/wp\/v2\/media?parent=5862"}],"wp:term":[{"taxonomy":"product_brand","embeddable":true,"href":"https:\/\/www-stg.orbiscorporation.com\/es-mx\/wp-json\/wp\/v2\/product_brand?post=5862"},{"taxonomy":"product_cat","embeddable":true,"href":"https:\/\/www-stg.orbiscorporation.com\/es-mx\/wp-json\/wp\/v2\/product_cat?post=5862"},{"taxonomy":"product_tag","embeddable":true,"href":"https:\/\/www-stg.orbiscorporation.com\/es-mx\/wp-json\/wp\/v2\/product_tag?post=5862"}],"curies":[{"name":"wp","href":"https:\/\/api.w.org\/{rel}","templated":true}]}}