{"id":5864,"date":"2022-11-21T12:50:49","date_gmt":"2022-11-21T18:50:49","guid":{"rendered":"https:\/\/orbiscorporstg.wpengine.com\/product\/mln6543-32\/"},"modified":"2023-04-27T13:50:49","modified_gmt":"2023-04-27T19:50:49","slug":"mln6543-32","status":"publish","type":"product","link":"https:\/\/www-stg.orbiscorporation.com\/es-mx\/products\/hand-held-containers\/sistemas-de-almacenamiento-automatizados\/mln6543-32\/","title":{"rendered":"MLN6543-32"},"content":{"rendered":"<p>El contenedor de pl\u00e1stico reutilizable AROS\u00ae MLN6543-32 de ORBIS est\u00e1 dise\u00f1ado para una integraci\u00f3n perfecta en los sistemas de almacenamiento automatizados. Los contenedores ORBIS est\u00e1n moldeados con precisi\u00f3n para interactuar perfectamente con la automatizaci\u00f3n y reducir el tiempo de inactividad del sistema que se encuentra relacionado con un dise\u00f1o de empaque inconsistente.<\/p>\n<ul>\n<li>Medida de 650 mm x 430 mm<\/li>\n<li>Anidable y ofrece una relaci\u00f3n de anidamiento eficiente de 3,4:1 cuando est\u00e1 fuera del sistema<\/li>\n<li>Paredes ventiladas<\/li>\n<li>Totalmente reciclable al final de su vida \u00fatil<\/li>\n<\/ul>\n","protected":false},"excerpt":{"rendered":"<p>El contenedor de pl\u00e1stico reutilizable AROS\u00ae MLN6543-32 de ORBIS est\u00e1 dise\u00f1ado para una integraci\u00f3n perfecta en los sistemas de almacenamiento automatizados. Los contenedores ORBIS est\u00e1n moldeados con precisi\u00f3n para interactuar perfectamente con la automatizaci\u00f3n y reducir el tiempo de inactividad del sistema que se encuentra relacionado con un dise\u00f1o de empaque inconsistente. Medida de 650 [&hellip;]<\/p>\n","protected":false},"featured_media":4240,"template":"","meta":{"_acf_changed":false},"product_brand":[],"product_cat":[1852,1854],"product_tag":[4176],"class_list":{"0":"post-5864","1":"product","2":"type-product","3":"status-publish","4":"has-post-thumbnail","6":"product_cat-hand-held-containers","7":"product_cat-sistemas-de-almacenamiento-automatizados","8":"product_tag-650x430-es-mx-2","10":"first","11":"instock","12":"product-type-simple"},"acf":[],"gallery_images":[],"_links":{"self":[{"href":"https:\/\/www-stg.orbiscorporation.com\/es-mx\/wp-json\/wp\/v2\/product\/5864","targetHints":{"allow":["GET"]}}],"collection":[{"href":"https:\/\/www-stg.orbiscorporation.com\/es-mx\/wp-json\/wp\/v2\/product"}],"about":[{"href":"https:\/\/www-stg.orbiscorporation.com\/es-mx\/wp-json\/wp\/v2\/types\/product"}],"wp:featuredmedia":[{"embeddable":true,"href":"https:\/\/www-stg.orbiscorporation.com\/es-mx\/wp-json\/wp\/v2\/media\/4240"}],"wp:attachment":[{"href":"https:\/\/www-stg.orbiscorporation.com\/es-mx\/wp-json\/wp\/v2\/media?parent=5864"}],"wp:term":[{"taxonomy":"product_brand","embeddable":true,"href":"https:\/\/www-stg.orbiscorporation.com\/es-mx\/wp-json\/wp\/v2\/product_brand?post=5864"},{"taxonomy":"product_cat","embeddable":true,"href":"https:\/\/www-stg.orbiscorporation.com\/es-mx\/wp-json\/wp\/v2\/product_cat?post=5864"},{"taxonomy":"product_tag","embeddable":true,"href":"https:\/\/www-stg.orbiscorporation.com\/es-mx\/wp-json\/wp\/v2\/product_tag?post=5864"}],"curies":[{"name":"wp","href":"https:\/\/api.w.org\/{rel}","templated":true}]}}