{"id":5865,"date":"2022-11-21T12:50:49","date_gmt":"2022-11-21T18:50:49","guid":{"rendered":"https:\/\/orbiscorporstg.wpengine.com\/product\/ml6545-325\/"},"modified":"2025-06-26T08:32:00","modified_gmt":"2025-06-26T14:32:00","slug":"ml6545-325","status":"publish","type":"product","link":"https:\/\/www-stg.orbiscorporation.com\/es-mx\/products\/hand-held-containers\/sistemas-de-almacenamiento-automatizados\/ml6545-325\/","title":{"rendered":"ML6545-325"},"content":{"rendered":"<p>El contenedor de pl\u00e1stico AROS\u00ae ML6545-325 totalmente reutilizable de ORBIS tiene el cubicaje interior l\u00edder del mercado en un espacio de 650 mm x 450 mm. Ofrece un sistema divisor de doble cara que bloquea los divisores en su lugar en la parte superior e inferior del contenedor, para eliminar el movimiento del divisor y evitar el desplazamiento del producto. Los divisores est\u00e1n dise\u00f1ados para encajar perfectamente en el fondo del contenedor de rejilla o h\u00edbrido y pueden crear hasta ocho celdas diferentes para diferentes tama\u00f1os de piezas o lotes.<\/p>\r\n<p>Los contenedores ORBIS est\u00e1n moldeados con precisi\u00f3n para interactuar perfectamente con la automatizaci\u00f3n y reducir el tiempo de inactividad del sistema que se encuentra relacionado con un dise\u00f1o de empaque inconsistente. *Tenga en cuenta que ORBIS publica las especificaciones para esta l\u00ednea de productos en pulgadas, pero el nombre del modelo no corresponde a pulgadas. Este sistema fue dise\u00f1ado en un espacio m\u00e9trico y el nombre del modelo lo refleja.<\/p>\r\n<ul>\r\n<li>Cubicaje interior l\u00edder en el mercado<\/li>\r\n<li>Cumple con la hoja de datos global de FM 8-34<\/li>\r\n<li>Mangos ergon\u00f3micos para las yemas de los dedos para un f\u00e1cil manejo<\/li>\r\n<li>Los orificios de drenaje est\u00e1n desplazados para evitar errores de lectura del sistema<\/li>\r\n<li>Interfaz de esquinas planas a la perfecci\u00f3n con gu\u00edas de automatizaci\u00f3n<\/li>\r\n<li>Los localizadores de automatizaci\u00f3n aseguran la colocaci\u00f3n adecuada del contenedor<\/li>\r\n<li>Costilla de alineaci\u00f3n<\/li>\r\n<li>Los bordes inferiores biselados promueven un movimiento suave sobre los rodillos transportadores y las transiciones<\/li>\r\n<li>El fondo h\u00edbrido ofrece una resistencia superior en una sola pieza con un per\u00edmetro de fondo liso que garantiza un transporte fluido<\/li>\r\n<li>colocadores de etiquetas para la identificaci\u00f3n de c\u00e9lulas espec\u00edficas<\/li>\r\n<li>Los divisores opcionales se configuran f\u00e1cilmente para organizar el producto y se aseguran en la parte superior e inferior<\/li>\r\n<li>Las opciones de identificaci\u00f3n incluyen ubicaciones de c\u00f3digo de barras<\/li>\r\n<li>Opciones de altura adicionales disponibles para 125-400 mm<\/li>\r\n<li>Totalmente reciclable al final de su vida \u00fatil<\/li>\r\n<\/ul>\r\n\r\n<p>&nbsp;<\/p>\r\n","protected":false},"excerpt":{"rendered":"<p>El contenedor de pl\u00e1stico AROS\u00ae ML6545-325 totalmente reutilizable de ORBIS tiene el cubicaje interior l\u00edder del mercado en un espacio de 650 mm x 450 mm. Ofrece un sistema divisor de doble cara que bloquea los divisores en su lugar en la parte superior e inferior del contenedor, para eliminar el movimiento del divisor y [&hellip;]<\/p>\n","protected":false},"featured_media":14476,"template":"","meta":{"_acf_changed":false},"product_brand":[],"product_cat":[1852,1854],"product_tag":[4225,1813],"class_list":{"0":"post-5865","1":"product","2":"type-product","3":"status-publish","4":"has-post-thumbnail","6":"product_cat-hand-held-containers","7":"product_cat-sistemas-de-almacenamiento-automatizados","8":"product_tag-650x450-es-mx","9":"product_tag-sistemas-automatizados","11":"first","12":"instock","13":"product-type-simple"},"acf":[],"gallery_images":[14477],"_links":{"self":[{"href":"https:\/\/www-stg.orbiscorporation.com\/es-mx\/wp-json\/wp\/v2\/product\/5865","targetHints":{"allow":["GET"]}}],"collection":[{"href":"https:\/\/www-stg.orbiscorporation.com\/es-mx\/wp-json\/wp\/v2\/product"}],"about":[{"href":"https:\/\/www-stg.orbiscorporation.com\/es-mx\/wp-json\/wp\/v2\/types\/product"}],"wp:featuredmedia":[{"embeddable":true,"href":"https:\/\/www-stg.orbiscorporation.com\/es-mx\/wp-json\/wp\/v2\/media\/14476"}],"wp:attachment":[{"href":"https:\/\/www-stg.orbiscorporation.com\/es-mx\/wp-json\/wp\/v2\/media?parent=5865"}],"wp:term":[{"taxonomy":"product_brand","embeddable":true,"href":"https:\/\/www-stg.orbiscorporation.com\/es-mx\/wp-json\/wp\/v2\/product_brand?post=5865"},{"taxonomy":"product_cat","embeddable":true,"href":"https:\/\/www-stg.orbiscorporation.com\/es-mx\/wp-json\/wp\/v2\/product_cat?post=5865"},{"taxonomy":"product_tag","embeddable":true,"href":"https:\/\/www-stg.orbiscorporation.com\/es-mx\/wp-json\/wp\/v2\/product_tag?post=5865"}],"curies":[{"name":"wp","href":"https:\/\/api.w.org\/{rel}","templated":true}]}}