{"id":5866,"date":"2022-11-21T12:50:49","date_gmt":"2022-11-21T18:50:49","guid":{"rendered":"https:\/\/orbiscorporstg.wpengine.com\/product\/mlc6040-30\/"},"modified":"2025-08-29T13:31:17","modified_gmt":"2025-08-29T19:31:17","slug":"mlc6040-30","status":"publish","type":"product","link":"https:\/\/www-stg.orbiscorporation.com\/es-mx\/products\/hand-held-containers\/sistemas-de-almacenamiento-automatizados\/mlc6040-30\/","title":{"rendered":"MLC6040-30"},"content":{"rendered":"<p>El contenedor ORBIS 600 x 400 para minicarga colapsable (MLC) est\u00e1 dise\u00f1ado espec\u00edficamente para manejarse con sistemas automatizados. La vers\u00e1til medida de 600 mm x 400 mm se integra con equipos est\u00e1ndar, mientras que la altura de 300 mm es adecuada para muchas formas de productos. Se colapsa cuando est\u00e1 vac\u00edo para ahorrar espacio. El MLC6040-30 est\u00e1 moldeado por inyecci\u00f3n para mayor precisi\u00f3n. Su consistencia dimensional asegura un rendimiento repetitivo durante toda su vida \u00fatil. El MLC6040-30 puede ser recuperado, reciclado y reprocesado en otros productos \u00fatiles al final de su vida \u00fatil.<\/p>\n<ul>\n<li>Funciona sin problemas en sistemas de banda transporadora<\/li>\n<li>Cubre una tarima de 40&#215;48 para moverse dentro de la cadena de distribuci\u00f3n<\/li>\n<li>Se ensambla y colapsa f\u00e1cilmente, con broches digitales<\/li>\n<li>Ofrece m\u00ednima deflexi\u00f3n con cargas de pesos mayores gracias a su dise\u00f1o \u00fanico de fondo y costilla reforzada<\/li>\n<li>Aumenta la densidad en los pasillos de recolecci\u00f3n, con eficiente puerta abatible que se asienta al ras con el contenedor<\/li>\n<li>Ofrece f\u00e1cil acceso al producto, con amplias puertas de tolva<\/li>\n<li>Permite a los asociados deshacer estibas f\u00e1cilmente cuando se maneja manualmente, con una agarradera de poca profundidad en los extremos cortos<\/li>\n<\/ul>\n","protected":false},"excerpt":{"rendered":"<p>El contenedor ORBIS 600 x 400 para minicarga colapsable (MLC) est\u00e1 dise\u00f1ado espec\u00edficamente para manejarse con sistemas automatizados. La vers\u00e1til medida de 600 mm x 400 mm se integra con equipos est\u00e1ndar, mientras que la altura de 300 mm es adecuada para muchas formas de productos. Se colapsa cuando est\u00e1 vac\u00edo para ahorrar espacio. El [&hellip;]<\/p>\n","protected":false},"featured_media":4230,"template":"","meta":{"_acf_changed":false},"product_brand":[],"product_cat":[1852,1854],"product_tag":[4175,1813],"class_list":{"0":"post-5866","1":"product","2":"type-product","3":"status-publish","4":"has-post-thumbnail","6":"product_cat-hand-held-containers","7":"product_cat-sistemas-de-almacenamiento-automatizados","8":"product_tag-600x400-es-mx-2","9":"product_tag-sistemas-automatizados","11":"first","12":"instock","13":"product-type-simple"},"acf":[],"gallery_images":[4238,4236,4234,4232,4228,4226],"_links":{"self":[{"href":"https:\/\/www-stg.orbiscorporation.com\/es-mx\/wp-json\/wp\/v2\/product\/5866","targetHints":{"allow":["GET"]}}],"collection":[{"href":"https:\/\/www-stg.orbiscorporation.com\/es-mx\/wp-json\/wp\/v2\/product"}],"about":[{"href":"https:\/\/www-stg.orbiscorporation.com\/es-mx\/wp-json\/wp\/v2\/types\/product"}],"wp:featuredmedia":[{"embeddable":true,"href":"https:\/\/www-stg.orbiscorporation.com\/es-mx\/wp-json\/wp\/v2\/media\/4230"}],"wp:attachment":[{"href":"https:\/\/www-stg.orbiscorporation.com\/es-mx\/wp-json\/wp\/v2\/media?parent=5866"}],"wp:term":[{"taxonomy":"product_brand","embeddable":true,"href":"https:\/\/www-stg.orbiscorporation.com\/es-mx\/wp-json\/wp\/v2\/product_brand?post=5866"},{"taxonomy":"product_cat","embeddable":true,"href":"https:\/\/www-stg.orbiscorporation.com\/es-mx\/wp-json\/wp\/v2\/product_cat?post=5866"},{"taxonomy":"product_tag","embeddable":true,"href":"https:\/\/www-stg.orbiscorporation.com\/es-mx\/wp-json\/wp\/v2\/product_tag?post=5866"}],"curies":[{"name":"wp","href":"https:\/\/api.w.org\/{rel}","templated":true}]}}