{"id":5867,"date":"2022-11-21T12:50:49","date_gmt":"2022-11-21T18:50:49","guid":{"rendered":"https:\/\/orbiscorporstg.wpengine.com\/product\/noh2416-12\/"},"modified":"2023-04-27T13:51:42","modified_gmt":"2023-04-27T19:51:42","slug":"noh2416-12","status":"publish","type":"product","link":"https:\/\/www-stg.orbiscorporation.com\/es-mx\/products\/hand-held-containers\/automated-storage-systems\/noh2416-12\/","title":{"rendered":"NOH2416-12"},"content":{"rendered":"<table width=\"998\">\n<tbody>\n<tr>\n<td width=\"998\">El contenedor de tolva de pl\u00e1stico retornable, con puerta abisagrada, fue dise\u00f1ado para sistemas de recolecci\u00f3n de alta velocidad. Abertura contorneada de tolva para f\u00e1cil manejo y confort del operador. Paredes suaves y dise\u00f1adas para f\u00e1cil manejo y consistencia dimensional para un rendimiento repetitivo en los sistemas de recolecci\u00f3n. Estos contenedores son totalmente reciclables al final de su vida \u00fatil.<\/p>\n<ul>\n<li>Opcional: puerta f\u00e1cil de abrir y cerrar de un solo toque con una mano<\/li>\n<li>Alta capacidad c\u00fabica y generoso espacio libre de producto de 11.6 dise\u00f1ado para todas las formas y tama\u00f1os de producto<\/li>\n<li>Se anida cuando est\u00e1 vac\u00edo para ahorrar espacio<\/li>\n<li>\u00c1reas para etiquetas de c\u00f3digo de barras<\/li>\n<\/ul>\n<\/td>\n<\/tr>\n<\/tbody>\n<\/table>\n","protected":false},"excerpt":{"rendered":"<p>El contenedor de tolva de pl\u00e1stico retornable, con puerta abisagrada, fue dise\u00f1ado para sistemas de recolecci\u00f3n de alta velocidad. Abertura contorneada de tolva para f\u00e1cil manejo y confort del operador. Paredes suaves y dise\u00f1adas para f\u00e1cil manejo y consistencia dimensional para un rendimiento repetitivo en los sistemas de recolecci\u00f3n. Estos contenedores son totalmente reciclables al [&hellip;]<\/p>\n","protected":false},"featured_media":8691,"template":"","meta":{"_acf_changed":false},"product_brand":[],"product_cat":[1852,1854],"product_tag":[4175],"class_list":{"0":"post-5867","1":"product","2":"type-product","3":"status-publish","4":"has-post-thumbnail","6":"product_cat-hand-held-containers","7":"product_cat-sistemas-de-almacenamiento-automatizados","8":"product_tag-600x400-es-mx-2","10":"first","11":"instock","12":"product-type-simple"},"acf":[],"gallery_images":[4352,4350,4348,4346],"_links":{"self":[{"href":"https:\/\/www-stg.orbiscorporation.com\/es-mx\/wp-json\/wp\/v2\/product\/5867","targetHints":{"allow":["GET"]}}],"collection":[{"href":"https:\/\/www-stg.orbiscorporation.com\/es-mx\/wp-json\/wp\/v2\/product"}],"about":[{"href":"https:\/\/www-stg.orbiscorporation.com\/es-mx\/wp-json\/wp\/v2\/types\/product"}],"wp:featuredmedia":[{"embeddable":true,"href":"https:\/\/www-stg.orbiscorporation.com\/es-mx\/wp-json\/wp\/v2\/media\/8691"}],"wp:attachment":[{"href":"https:\/\/www-stg.orbiscorporation.com\/es-mx\/wp-json\/wp\/v2\/media?parent=5867"}],"wp:term":[{"taxonomy":"product_brand","embeddable":true,"href":"https:\/\/www-stg.orbiscorporation.com\/es-mx\/wp-json\/wp\/v2\/product_brand?post=5867"},{"taxonomy":"product_cat","embeddable":true,"href":"https:\/\/www-stg.orbiscorporation.com\/es-mx\/wp-json\/wp\/v2\/product_cat?post=5867"},{"taxonomy":"product_tag","embeddable":true,"href":"https:\/\/www-stg.orbiscorporation.com\/es-mx\/wp-json\/wp\/v2\/product_tag?post=5867"}],"curies":[{"name":"wp","href":"https:\/\/api.w.org\/{rel}","templated":true}]}}