{"id":5868,"date":"2022-11-21T12:50:49","date_gmt":"2022-11-21T18:50:49","guid":{"rendered":"https:\/\/orbiscorporstg.wpengine.com\/product\/noh2821-14\/"},"modified":"2023-04-27T13:52:01","modified_gmt":"2023-04-27T19:52:01","slug":"noh2821-14","status":"publish","type":"product","link":"https:\/\/www-stg.orbiscorporation.com\/es-mx\/products\/hand-held-containers\/automated-storage-systems\/noh2821-14\/","title":{"rendered":"NOH2821-14"},"content":{"rendered":"<table width=\"998\">\n<tbody>\n<tr>\n<td width=\"998\">El contenedor de pl\u00e1stico retornable con tolva ORBIS ofrece una generosa capacidad interna para alojar todo tipo de bienes de consumo empacados y abarrotes en los sistemas de recolecci\u00f3n actuales. Abertura contorneada de tolva para f\u00e1cil manejo y confort del operador. Paredes suaves y dise\u00f1adas para f\u00e1cil manejo y consistencia dimensional para un rendimiento repetitivo en los sistemas de recolecci\u00f3n. Estos contenedores son totalmente reciclables al final de su vida \u00fatil.<\/p>\n<ul>\n<li>Alta capacidad c\u00fabica de 3.6 cu. Ft<\/li>\n<li>Amplio espacio libre de producto de 12.8<\/li>\n<li>Se anida cuando est\u00e1 vac\u00edo para ahorrar espacio<\/li>\n<li>\u00c1reas para etiquetas de c\u00f3digos de barra<\/li>\n<li>Agarraderas contorneadas para f\u00e1cil manejo<\/li>\n<li>Riel moldeado para inserci\u00f3n de puerta opcional<\/li>\n<\/ul>\n<\/td>\n<\/tr>\n<\/tbody>\n<\/table>\n","protected":false},"excerpt":{"rendered":"<p>El contenedor de pl\u00e1stico retornable con tolva ORBIS ofrece una generosa capacidad interna para alojar todo tipo de bienes de consumo empacados y abarrotes en los sistemas de recolecci\u00f3n actuales. Abertura contorneada de tolva para f\u00e1cil manejo y confort del operador. Paredes suaves y dise\u00f1adas para f\u00e1cil manejo y consistencia dimensional para un rendimiento repetitivo [&hellip;]<\/p>\n","protected":false},"featured_media":4354,"template":"","meta":{"_acf_changed":false},"product_brand":[],"product_cat":[1852,1854],"product_tag":[4177],"class_list":{"0":"post-5868","1":"product","2":"type-product","3":"status-publish","4":"has-post-thumbnail","6":"product_cat-hand-held-containers","7":"product_cat-sistemas-de-almacenamiento-automatizados","8":"product_tag-709x523-es-mx-2","10":"first","11":"instock","12":"product-type-simple"},"acf":[],"gallery_images":[4362,4360,4358,4356],"_links":{"self":[{"href":"https:\/\/www-stg.orbiscorporation.com\/es-mx\/wp-json\/wp\/v2\/product\/5868","targetHints":{"allow":["GET"]}}],"collection":[{"href":"https:\/\/www-stg.orbiscorporation.com\/es-mx\/wp-json\/wp\/v2\/product"}],"about":[{"href":"https:\/\/www-stg.orbiscorporation.com\/es-mx\/wp-json\/wp\/v2\/types\/product"}],"wp:featuredmedia":[{"embeddable":true,"href":"https:\/\/www-stg.orbiscorporation.com\/es-mx\/wp-json\/wp\/v2\/media\/4354"}],"wp:attachment":[{"href":"https:\/\/www-stg.orbiscorporation.com\/es-mx\/wp-json\/wp\/v2\/media?parent=5868"}],"wp:term":[{"taxonomy":"product_brand","embeddable":true,"href":"https:\/\/www-stg.orbiscorporation.com\/es-mx\/wp-json\/wp\/v2\/product_brand?post=5868"},{"taxonomy":"product_cat","embeddable":true,"href":"https:\/\/www-stg.orbiscorporation.com\/es-mx\/wp-json\/wp\/v2\/product_cat?post=5868"},{"taxonomy":"product_tag","embeddable":true,"href":"https:\/\/www-stg.orbiscorporation.com\/es-mx\/wp-json\/wp\/v2\/product_tag?post=5868"}],"curies":[{"name":"wp","href":"https:\/\/api.w.org\/{rel}","templated":true}]}}