{"id":5871,"date":"2022-11-21T13:16:36","date_gmt":"2022-11-21T19:16:36","guid":{"rendered":"https:\/\/orbiscorporstg.wpengine.com\/product\/fpd06\/"},"modified":"2023-04-27T13:49:44","modified_gmt":"2023-04-27T19:49:44","slug":"fpd06","status":"publish","type":"product","link":"https:\/\/www-stg.orbiscorporation.com\/es-mx\/products\/hand-held-containers\/contenedores-flipak\/fpd06\/","title":{"rendered":"FPD06"},"content":{"rendered":"<table width=\"998\">\n<tbody>\n<tr>\n<td width=\"998\">El FPD06 impulsa la eficiencia en todo tipo de aplicaciones de distribuci\u00f3n. Estas cajas de pl\u00e1stico retornables se estiban cuando est\u00e1n cerradas y se anidan cuando est\u00e1n abiertas para ahorro de espacio de almacenamiento y retorno. Con tapas abisagradas y con bloqueo que previenen costosas p\u00e9rdidas de producto, estos contenedores de tapa adherida son la soluci\u00f3n ideal para recolecci\u00f3n y embarque repartido de cajas. La construcci\u00f3n duradera y dise\u00f1o superior de estos contenedores retornables asegura una larga vida \u00fatil,proporcionando un excelente retorno sobre la inversi\u00f3n y bajos costos de distribuci\u00f3n en comparaci\u00f3n con las cajas de cart\u00f3n corrugado. Agarraderas contorneadas para f\u00e1cil manejo y consistencia dimensional para un rendimiento repetitivo en los sistemas automatizados. Este FliPak es totalmente reciclable al final de su vida \u00fatil.<\/p>\n<ul>\n<li>Medida 19.9 x 11.6<\/li>\n<li>Fondo texturizado<\/li>\n<li>Elija estilos de fondo s\u00f3lido o con rejilla de refuerzo<\/li>\n<li>Moldeado por inyecci\u00f3n<\/li>\n<li>Usados para la distribuci\u00f3n de productos alimenticios<\/li>\n<li>La tapa empotrada previene el desplazamiento de carga<\/li>\n<\/ul>\n<\/td>\n<\/tr>\n<\/tbody>\n<\/table>\n","protected":false},"excerpt":{"rendered":"<p>El FPD06 impulsa la eficiencia en todo tipo de aplicaciones de distribuci\u00f3n. Estas cajas de pl\u00e1stico retornables se estiban cuando est\u00e1n cerradas y se anidan cuando est\u00e1n abiertas para ahorro de espacio de almacenamiento y retorno. Con tapas abisagradas y con bloqueo que previenen costosas p\u00e9rdidas de producto, estos contenedores de tapa adherida son la [&hellip;]<\/p>\n","protected":false},"featured_media":5133,"template":"","meta":{"_acf_changed":false},"product_brand":[],"product_cat":[1852,1861],"product_tag":[4193,1818,1821,1823],"class_list":{"0":"post-5871","1":"product","2":"type-product","3":"status-publish","4":"has-post-thumbnail","6":"product_cat-hand-held-containers","7":"product_cat-contenedores-flipak","8":"product_tag-20x12-es-mx","9":"product_tag-comercio-electronico","10":"product_tag-farmaceutica","11":"product_tag-minoristas-distribucion","13":"first","14":"instock","15":"product-type-simple"},"acf":[],"gallery_images":[],"_links":{"self":[{"href":"https:\/\/www-stg.orbiscorporation.com\/es-mx\/wp-json\/wp\/v2\/product\/5871","targetHints":{"allow":["GET"]}}],"collection":[{"href":"https:\/\/www-stg.orbiscorporation.com\/es-mx\/wp-json\/wp\/v2\/product"}],"about":[{"href":"https:\/\/www-stg.orbiscorporation.com\/es-mx\/wp-json\/wp\/v2\/types\/product"}],"wp:featuredmedia":[{"embeddable":true,"href":"https:\/\/www-stg.orbiscorporation.com\/es-mx\/wp-json\/wp\/v2\/media\/5133"}],"wp:attachment":[{"href":"https:\/\/www-stg.orbiscorporation.com\/es-mx\/wp-json\/wp\/v2\/media?parent=5871"}],"wp:term":[{"taxonomy":"product_brand","embeddable":true,"href":"https:\/\/www-stg.orbiscorporation.com\/es-mx\/wp-json\/wp\/v2\/product_brand?post=5871"},{"taxonomy":"product_cat","embeddable":true,"href":"https:\/\/www-stg.orbiscorporation.com\/es-mx\/wp-json\/wp\/v2\/product_cat?post=5871"},{"taxonomy":"product_tag","embeddable":true,"href":"https:\/\/www-stg.orbiscorporation.com\/es-mx\/wp-json\/wp\/v2\/product_tag?post=5871"}],"curies":[{"name":"wp","href":"https:\/\/api.w.org\/{rel}","templated":true}]}}