{"id":5880,"date":"2022-11-21T13:16:36","date_gmt":"2022-11-21T19:16:36","guid":{"rendered":"https:\/\/orbiscorporstg.wpengine.com\/product\/fp183\/"},"modified":"2023-04-27T13:47:05","modified_gmt":"2023-04-27T19:47:05","slug":"fp183","status":"publish","type":"product","link":"https:\/\/www-stg.orbiscorporation.com\/es-mx\/products\/hand-held-containers\/contenedores-flipak\/fp183\/","title":{"rendered":"FP183"},"content":{"rendered":"<p>ORBIS FP183 ofrece una nueva e innovadora opci\u00f3n de bisagra pl\u00e1stica para recolecci\u00f3n de cajas divididas y otras aplicaciones. El FP183 es \u200b\u200bideal para la distribuci\u00f3n de comestibles, mayoristas y farmac\u00e9uticas y se adapta a todo tipo de productos en muchas aplicaciones de trabajo en proceso, selecci\u00f3n, almacenamiento y distribuci\u00f3n. Este contenedor de pl\u00e1stico reutilizable con tapa integrada reemplaza a las cajas de cart\u00f3n corrugado para el ahorro y la sostenibilidad a largo plazo. Adem\u00e1s, todos los contenedores FliPak ofrecen limpieza en las instalaciones al eliminar la fibra y el polvo. Como todos los contenedores FliPak, el FP183 se apila cuando est\u00e1 lleno y se anida cuando est\u00e1 vac\u00edo para el uso m\u00e1s eficiente del espacio disponible. Tambi\u00e9n disponible, versi\u00f3n FP183 de 2,5&#8243; Nest Stop para aplicaciones que requieren un anidamiento m\u00e1s alto.<\/p>\n<ul>\n<li>Los dientes encajan f\u00e1cilmente en su lugar y mantienen la tapa cerrada en los transportadores<\/li>\n<li>Posibilidad de colocar bandas a lo largo o ancho de la bolsa<\/li>\n<li>Compatible con otros contenedores de tama\u00f1o similar<\/li>\n<li>Mayor espacio de manija cuando est\u00e1 anidado<\/li>\n<li>La relaci\u00f3n de anidamiento optimizada mejora la cantidad de carga del cami\u00f3n a 5808 piezas<\/li>\n<li>Versi\u00f3n FP183 de 2,5&#8243; Nest Stop disponible y se adapta a 4488 unidades por carga de cami\u00f3n<\/li>\n<li>Elija entre bisagra de pl\u00e1stico o metal<\/li>\n<li>N\u00famero de FP183 en pila de 100&#8243;: 43<\/li>\n<li>N\u00famero de FP183 2.5&#8243; Versi\u00f3n Nest Stop: 36<\/li>\n<\/ul>\n","protected":false},"excerpt":{"rendered":"<p>ORBIS FP183 ofrece una nueva e innovadora opci\u00f3n de bisagra pl\u00e1stica para recolecci\u00f3n de cajas divididas y otras aplicaciones. El FP183 es \u200b\u200bideal para la distribuci\u00f3n de comestibles, mayoristas y farmac\u00e9uticas y se adapta a todo tipo de productos en muchas aplicaciones de trabajo en proceso, selecci\u00f3n, almacenamiento y distribuci\u00f3n. Este contenedor de pl\u00e1stico reutilizable [&hellip;]<\/p>\n","protected":false},"featured_media":3438,"template":"","meta":{"_acf_changed":false},"product_brand":[],"product_cat":[1852,1861],"product_tag":[4079],"class_list":{"0":"post-5880","1":"product","2":"type-product","3":"status-publish","4":"has-post-thumbnail","6":"product_cat-hand-held-containers","7":"product_cat-contenedores-flipak","8":"product_tag-21x15-es-mx","10":"first","11":"instock","12":"product-type-simple"},"acf":[],"gallery_images":[3440],"_links":{"self":[{"href":"https:\/\/www-stg.orbiscorporation.com\/es-mx\/wp-json\/wp\/v2\/product\/5880","targetHints":{"allow":["GET"]}}],"collection":[{"href":"https:\/\/www-stg.orbiscorporation.com\/es-mx\/wp-json\/wp\/v2\/product"}],"about":[{"href":"https:\/\/www-stg.orbiscorporation.com\/es-mx\/wp-json\/wp\/v2\/types\/product"}],"wp:featuredmedia":[{"embeddable":true,"href":"https:\/\/www-stg.orbiscorporation.com\/es-mx\/wp-json\/wp\/v2\/media\/3438"}],"wp:attachment":[{"href":"https:\/\/www-stg.orbiscorporation.com\/es-mx\/wp-json\/wp\/v2\/media?parent=5880"}],"wp:term":[{"taxonomy":"product_brand","embeddable":true,"href":"https:\/\/www-stg.orbiscorporation.com\/es-mx\/wp-json\/wp\/v2\/product_brand?post=5880"},{"taxonomy":"product_cat","embeddable":true,"href":"https:\/\/www-stg.orbiscorporation.com\/es-mx\/wp-json\/wp\/v2\/product_cat?post=5880"},{"taxonomy":"product_tag","embeddable":true,"href":"https:\/\/www-stg.orbiscorporation.com\/es-mx\/wp-json\/wp\/v2\/product_tag?post=5880"}],"curies":[{"name":"wp","href":"https:\/\/api.w.org\/{rel}","templated":true}]}}