{"id":5882,"date":"2022-11-21T13:16:36","date_gmt":"2022-11-21T19:16:36","guid":{"rendered":"https:\/\/orbiscorporstg.wpengine.com\/product\/fp22\/"},"modified":"2023-04-27T13:52:37","modified_gmt":"2023-04-27T19:52:37","slug":"fp22","status":"publish","type":"product","link":"https:\/\/www-stg.orbiscorporation.com\/es-mx\/products\/hand-held-containers\/contenedores-flipak\/fp22\/","title":{"rendered":"FP22"},"content":{"rendered":"<table width=\"998\">\n<tbody>\n<tr>\n<td width=\"998\">El FP2 impulsa la eficiencia en todo tipo de aplicaciones de distribuci\u00f3n. Estas cajas de pl\u00e1stico retornables se estiban cuando est\u00e1n cerradas y se anidan cuando est\u00e1n abiertas para ahorro de espacio de almacenamiento y retorno. Con tapas abisagradas y con bloqueo que previenen costosas p\u00e9rdidas de producto, estos contenedores de tapa adherida son la soluci\u00f3n ideal para recolecci\u00f3n y embarque repartido de cajas. La construcci\u00f3n duradera y dise\u00f1o superior de estos contenedores retornables asegura una larga vida \u00fatil,proporcionando un excelente retorno sobre la inversi\u00f3n y bajos costos de distribuci\u00f3n en comparaci\u00f3n con las cajas de cart\u00f3n corrugado. Agarraderas contorneadas para f\u00e1cil manejo y consistencia dimensional para un rendimiento repetitivo en los sistemas automatizados. Este FliPak es totalmente reciclable al final de su vida \u00fatil.<\/p>\n<ul>\n<li>Medida 21.8 x 15.2 x 17.1<\/li>\n<li>La alta altura de contenedor crea mayor capacidad interior<\/li>\n<li>Fondo s\u00f3lido texturizado<\/li>\n<li>Moldeado por inyecci\u00f3n<\/li>\n<li>Usados para la distribuci\u00f3n de mercanc\u00edas en general m\u00e1s altas<\/li>\n<li>\u00c1rea de etiqueta de desprendimiento r\u00e1pido en tapa adherida y extremos de la caja para facilitar la lectura y r\u00e1pido intercambio de etiquetas<\/li>\n<li>Orificios moldeados reforzados de di\u00e1metro de 1\/4&#8243; o 3\/8&#8243; para amarres de seguridad est\u00e1ndar<\/li>\n<\/ul>\n<\/td>\n<\/tr>\n<\/tbody>\n<\/table>\n","protected":false},"excerpt":{"rendered":"<p>El FP2 impulsa la eficiencia en todo tipo de aplicaciones de distribuci\u00f3n. Estas cajas de pl\u00e1stico retornables se estiban cuando est\u00e1n cerradas y se anidan cuando est\u00e1n abiertas para ahorro de espacio de almacenamiento y retorno. Con tapas abisagradas y con bloqueo que previenen costosas p\u00e9rdidas de producto, estos contenedores de tapa adherida son la [&hellip;]<\/p>\n","protected":false},"featured_media":3350,"template":"","meta":{"_acf_changed":false},"product_brand":[],"product_cat":[1852,1861],"product_tag":[4079],"class_list":{"0":"post-5882","1":"product","2":"type-product","3":"status-publish","4":"has-post-thumbnail","6":"product_cat-hand-held-containers","7":"product_cat-contenedores-flipak","8":"product_tag-21x15-es-mx","10":"first","11":"instock","12":"product-type-simple"},"acf":[],"gallery_images":[3358,3356,3354,3352],"_links":{"self":[{"href":"https:\/\/www-stg.orbiscorporation.com\/es-mx\/wp-json\/wp\/v2\/product\/5882","targetHints":{"allow":["GET"]}}],"collection":[{"href":"https:\/\/www-stg.orbiscorporation.com\/es-mx\/wp-json\/wp\/v2\/product"}],"about":[{"href":"https:\/\/www-stg.orbiscorporation.com\/es-mx\/wp-json\/wp\/v2\/types\/product"}],"wp:featuredmedia":[{"embeddable":true,"href":"https:\/\/www-stg.orbiscorporation.com\/es-mx\/wp-json\/wp\/v2\/media\/3350"}],"wp:attachment":[{"href":"https:\/\/www-stg.orbiscorporation.com\/es-mx\/wp-json\/wp\/v2\/media?parent=5882"}],"wp:term":[{"taxonomy":"product_brand","embeddable":true,"href":"https:\/\/www-stg.orbiscorporation.com\/es-mx\/wp-json\/wp\/v2\/product_brand?post=5882"},{"taxonomy":"product_cat","embeddable":true,"href":"https:\/\/www-stg.orbiscorporation.com\/es-mx\/wp-json\/wp\/v2\/product_cat?post=5882"},{"taxonomy":"product_tag","embeddable":true,"href":"https:\/\/www-stg.orbiscorporation.com\/es-mx\/wp-json\/wp\/v2\/product_tag?post=5882"}],"curies":[{"name":"wp","href":"https:\/\/api.w.org\/{rel}","templated":true}]}}