{"id":5884,"date":"2022-11-21T13:16:36","date_gmt":"2022-11-21T19:16:36","guid":{"rendered":"https:\/\/orbiscorporstg.wpengine.com\/product\/fp244\/"},"modified":"2025-03-04T11:00:40","modified_gmt":"2025-03-04T17:00:40","slug":"fp244","status":"publish","type":"product","link":"https:\/\/www-stg.orbiscorporation.com\/es-mx\/products\/hand-held-containers\/contenedores-flipak\/fp244\/","title":{"rendered":"FP244"},"content":{"rendered":"<p>El FP244 cuenta con soportes adicionales para una mejor distribuci\u00f3n del peso de la carga y una tapa lisa y plana para una capacidad de carga \u00f3ptima. El FP244 es compatible con los FP243, FP242 de ORBIS y otros contenedores competitivos de 27\u201d x 17\u201d x 12\u201d. El contenedor de pl\u00e1stico reutilizable con tapa fija sustituye a las cajas de cart\u00f3n corrugado para el ahorro y la sostenibilidad del embalaje a largo plazo. Como todos los contenedores FliPak, el FP244 se apila cuando est\u00e1 lleno y se anida cuando est\u00e1 vac\u00edo para el uso m\u00e1s eficiente del espacio disponible. El FP244 es totalmente reciclable al final de su vida \u00fatil.<\/p>\n<ul>\n<li>Costillas adicionales de refuerzo en el contenedor y una tapa lisa y plana que soporta el peso<\/li>\n<li>Costos de transporte reducidos con una proporci\u00f3n de anidamiento altamente eficiente y una cantidad de carga de cami\u00f3n de 53&#8242; de 3,520<\/li>\n<li>Reducci\u00f3n del costo de mano de obra al eliminar la mano de obra asociada con la instalaci\u00f3n o eliminaci\u00f3n de cajas de env\u00edo de fibra corrugada<\/li>\n<li>A\u00f1ade seguridad a la carga con tapas integradas y funci\u00f3n de ajuste de tapa opcional<\/li>\n<li>Contiene m\u00e1s producto con una gran capacidad de contenedor y 11,5 pulgadas de espacio libre para todo tipo de producto<\/li>\n<\/ul>\n","protected":false},"excerpt":{"rendered":"<p>El FP244 cuenta con soportes adicionales para una mejor distribuci\u00f3n del peso de la carga y una tapa lisa y plana para una capacidad de carga \u00f3ptima. El FP244 es compatible con los FP243, FP242 de ORBIS y otros contenedores competitivos de 27\u201d x 17\u201d x 12\u201d. El contenedor de pl\u00e1stico reutilizable con tapa fija [&hellip;]<\/p>\n","protected":false},"featured_media":3452,"template":"","meta":{"_acf_changed":false},"product_brand":[],"product_cat":[1852,1861],"product_tag":[4140],"class_list":{"0":"post-5884","1":"product","2":"type-product","3":"status-publish","4":"has-post-thumbnail","6":"product_cat-hand-held-containers","7":"product_cat-contenedores-flipak","8":"product_tag-27x17-es-mx-2","10":"first","11":"instock","12":"product-type-simple"},"acf":[],"gallery_images":[3460,3458,3456,3454],"_links":{"self":[{"href":"https:\/\/www-stg.orbiscorporation.com\/es-mx\/wp-json\/wp\/v2\/product\/5884","targetHints":{"allow":["GET"]}}],"collection":[{"href":"https:\/\/www-stg.orbiscorporation.com\/es-mx\/wp-json\/wp\/v2\/product"}],"about":[{"href":"https:\/\/www-stg.orbiscorporation.com\/es-mx\/wp-json\/wp\/v2\/types\/product"}],"wp:featuredmedia":[{"embeddable":true,"href":"https:\/\/www-stg.orbiscorporation.com\/es-mx\/wp-json\/wp\/v2\/media\/3452"}],"wp:attachment":[{"href":"https:\/\/www-stg.orbiscorporation.com\/es-mx\/wp-json\/wp\/v2\/media?parent=5884"}],"wp:term":[{"taxonomy":"product_brand","embeddable":true,"href":"https:\/\/www-stg.orbiscorporation.com\/es-mx\/wp-json\/wp\/v2\/product_brand?post=5884"},{"taxonomy":"product_cat","embeddable":true,"href":"https:\/\/www-stg.orbiscorporation.com\/es-mx\/wp-json\/wp\/v2\/product_cat?post=5884"},{"taxonomy":"product_tag","embeddable":true,"href":"https:\/\/www-stg.orbiscorporation.com\/es-mx\/wp-json\/wp\/v2\/product_tag?post=5884"}],"curies":[{"name":"wp","href":"https:\/\/api.w.org\/{rel}","templated":true}]}}