{"id":5889,"date":"2022-11-21T13:16:43","date_gmt":"2022-11-21T19:16:43","guid":{"rendered":"https:\/\/orbiscorporstg.wpengine.com\/product\/fp403\/"},"modified":"2025-10-31T11:56:47","modified_gmt":"2025-10-31T17:56:47","slug":"fp403","status":"publish","type":"product","link":"https:\/\/www-stg.orbiscorporation.com\/es-mx\/products\/hand-held-containers\/contenedores-flipak\/fp403\/","title":{"rendered":"FP403"},"content":{"rendered":"<p>La cajade tapa adherida de 28&#8243; x 20&#8243; x 15&#8243; ofrece amplia capacidad interior para todo tipo de producto en las industrias de vestido, art\u00edculos para el hogar y refacciones automotrices. El FP403 es parte de la familia de contenedores de distribuci\u00f3n FliPak de ORBIS y es ideal para el manejo, almacenamiento y embarque de productos abultados y grandes as\u00ed como para art\u00edculos de peso ligero embarcados a granel. Esta cajade pl\u00e1stico retornable con tapa adherida reemplaza a las cajas de cart\u00f3n corrugado de embarque, para ahorros de empaque de largo plazo. Como todos los contenedores FliPak, el FP403 se estiba cuando est\u00e1 lleno y se anida cuando est\u00e1 vac\u00edo para el uso m\u00e1s eficiente del espacio disponible.<\/p>\n<ul>\n<li>Capacidad para acomodar productos m\u00e1s grandes en tr\u00e1nsito, con amplio volumen interior y espacio libre de producto de 14.0&#8243;<\/li>\n<li>Borde y esquinas reforzadas<\/li>\n<li>Costillas en la tapa que se conectan con la base para agregar resisencia<\/li>\n<li>Agarradera contorneada para comodidad en el manejo<\/li>\n<li>Fondo texturizado para f\u00e1cil transportaci\u00f3n<\/li>\n<li>Caracter\u00edstica para mantener las tapas en posici\u00f3n vertical<\/li>\n<li>Fondo texturizado<\/li>\n<li>Elija estilo de fondo s\u00f3lido o con orificio de drenado<\/li>\n<\/ul>\n","protected":false},"excerpt":{"rendered":"<p>La cajade tapa adherida de 28&#8243; x 20&#8243; x 15&#8243; ofrece amplia capacidad interior para todo tipo de producto en las industrias de vestido, art\u00edculos para el hogar y refacciones automotrices. El FP403 es parte de la familia de contenedores de distribuci\u00f3n FliPak de ORBIS y es ideal para el manejo, almacenamiento y embarque de [&hellip;]<\/p>\n","protected":false},"featured_media":3474,"template":"","meta":{"_acf_changed":false},"product_brand":[],"product_cat":[1852,1861],"product_tag":[4024,1818,1821,1823],"class_list":{"0":"post-5889","1":"product","2":"type-product","3":"status-publish","4":"has-post-thumbnail","6":"product_cat-hand-held-containers","7":"product_cat-contenedores-flipak","8":"product_tag-28x21","9":"product_tag-comercio-electronico","10":"product_tag-farmaceutica","11":"product_tag-minoristas-distribucion","13":"first","14":"instock","15":"product-type-simple"},"acf":[],"gallery_images":[3482,3480,3478,3476],"_links":{"self":[{"href":"https:\/\/www-stg.orbiscorporation.com\/es-mx\/wp-json\/wp\/v2\/product\/5889","targetHints":{"allow":["GET"]}}],"collection":[{"href":"https:\/\/www-stg.orbiscorporation.com\/es-mx\/wp-json\/wp\/v2\/product"}],"about":[{"href":"https:\/\/www-stg.orbiscorporation.com\/es-mx\/wp-json\/wp\/v2\/types\/product"}],"wp:featuredmedia":[{"embeddable":true,"href":"https:\/\/www-stg.orbiscorporation.com\/es-mx\/wp-json\/wp\/v2\/media\/3474"}],"wp:attachment":[{"href":"https:\/\/www-stg.orbiscorporation.com\/es-mx\/wp-json\/wp\/v2\/media?parent=5889"}],"wp:term":[{"taxonomy":"product_brand","embeddable":true,"href":"https:\/\/www-stg.orbiscorporation.com\/es-mx\/wp-json\/wp\/v2\/product_brand?post=5889"},{"taxonomy":"product_cat","embeddable":true,"href":"https:\/\/www-stg.orbiscorporation.com\/es-mx\/wp-json\/wp\/v2\/product_cat?post=5889"},{"taxonomy":"product_tag","embeddable":true,"href":"https:\/\/www-stg.orbiscorporation.com\/es-mx\/wp-json\/wp\/v2\/product_tag?post=5889"}],"curies":[{"name":"wp","href":"https:\/\/api.w.org\/{rel}","templated":true}]}}