{"id":5894,"date":"2022-11-21T13:30:49","date_gmt":"2022-11-21T19:30:49","guid":{"rendered":"https:\/\/orbiscorporstg.wpengine.com\/product\/npl-410\/"},"modified":"2023-04-27T10:13:24","modified_gmt":"2023-04-27T16:13:24","slug":"npl-410","status":"publish","type":"product","link":"https:\/\/www-stg.orbiscorporation.com\/es-mx\/products\/hand-held-containers\/beverage-shells\/npl-410\/","title":{"rendered":"NPL 410"},"content":{"rendered":"<table width=\"998\">\n<tbody>\n<tr>\n<td width=\"998\">Las cajas retornables para bebidas ORBIS est\u00e1n dise\u00f1adas para la distribuci\u00f3n de botellas de bebidas desde las plantas embotelladoras hasta las tiendas de abarrotes, tiendas de conveniencia, tiendas de descuento, cafeter\u00edas\/tiendas concesionarias, restaurantes, m\u00e1quinas expendedoras y hospitales. Todas las cajas son totalmente compatibles con la mayor\u00eda de las cajas y tarimas de pl\u00e1stico m\u00e1s populares usadas en la actualidad. F\u00e1ciles de limpiar y desinfectar, las cajas hechas totalmente de pl\u00e1stico de ORBIS son una mejora econ\u00f3mica en comparaci\u00f3n con los empaques de un solo uso o charolas corrugadas Kister. Estas cajas de pl\u00e1stico son totalmente reciclables al final de su vida \u00fatil. Sistemas de rastreo de activos disponible para reducir p\u00e9rdidas.<\/p>\n<ul>\n<li>Dise\u00f1ada para botellas de 1 litro<\/li>\n<li>Cantidad de botellas: 21<\/li>\n<li>Esquinas radiales para durabilidad<\/li>\n<li>F\u00e1cil manejo y prevenci\u00f3n de da\u00f1os al producto<\/li>\n<li>Dise\u00f1ada para estabilidad de estiba<\/li>\n<li>Intercambiable con productos est\u00e1ndar de la industria<\/li>\n<li>Disponible en materiales aprobados por la FDA (especifique al solicitar una cotizaci\u00f3n)<\/li>\n<\/ul>\n<\/td>\n<\/tr>\n<\/tbody>\n<\/table>\n","protected":false},"excerpt":{"rendered":"<p>Las cajas retornables para bebidas ORBIS est\u00e1n dise\u00f1adas para la distribuci\u00f3n de botellas de bebidas desde las plantas embotelladoras hasta las tiendas de abarrotes, tiendas de conveniencia, tiendas de descuento, cafeter\u00edas\/tiendas concesionarias, restaurantes, m\u00e1quinas expendedoras y hospitales. Todas las cajas son totalmente compatibles con la mayor\u00eda de las cajas y tarimas de pl\u00e1stico m\u00e1s populares [&hellip;]<\/p>\n","protected":false},"featured_media":4466,"template":"","meta":{"_acf_changed":false},"product_brand":[],"product_cat":[1857,1852],"product_tag":[4065,1816],"class_list":{"0":"post-5894","1":"product","2":"type-product","3":"status-publish","4":"has-post-thumbnail","6":"product_cat-beverage-shells","7":"product_cat-hand-held-containers","8":"product_tag-1-liter","9":"product_tag-bebidas","11":"first","12":"instock","13":"product-type-simple"},"acf":[],"gallery_images":[4474,4472,4470,4468],"_links":{"self":[{"href":"https:\/\/www-stg.orbiscorporation.com\/es-mx\/wp-json\/wp\/v2\/product\/5894","targetHints":{"allow":["GET"]}}],"collection":[{"href":"https:\/\/www-stg.orbiscorporation.com\/es-mx\/wp-json\/wp\/v2\/product"}],"about":[{"href":"https:\/\/www-stg.orbiscorporation.com\/es-mx\/wp-json\/wp\/v2\/types\/product"}],"wp:featuredmedia":[{"embeddable":true,"href":"https:\/\/www-stg.orbiscorporation.com\/es-mx\/wp-json\/wp\/v2\/media\/4466"}],"wp:attachment":[{"href":"https:\/\/www-stg.orbiscorporation.com\/es-mx\/wp-json\/wp\/v2\/media?parent=5894"}],"wp:term":[{"taxonomy":"product_brand","embeddable":true,"href":"https:\/\/www-stg.orbiscorporation.com\/es-mx\/wp-json\/wp\/v2\/product_brand?post=5894"},{"taxonomy":"product_cat","embeddable":true,"href":"https:\/\/www-stg.orbiscorporation.com\/es-mx\/wp-json\/wp\/v2\/product_cat?post=5894"},{"taxonomy":"product_tag","embeddable":true,"href":"https:\/\/www-stg.orbiscorporation.com\/es-mx\/wp-json\/wp\/v2\/product_tag?post=5894"}],"curies":[{"name":"wp","href":"https:\/\/api.w.org\/{rel}","templated":true}]}}