{"id":5906,"date":"2022-11-21T13:44:01","date_gmt":"2022-11-21T19:44:01","guid":{"rendered":"https:\/\/orbiscorporstg.wpengine.com\/product\/bt2722-37\/"},"modified":"2023-04-26T09:53:49","modified_gmt":"2023-04-26T15:53:49","slug":"bt2722-37","status":"publish","type":"product","link":"https:\/\/www-stg.orbiscorporation.com\/es-mx\/products\/hand-held-containers\/bakery-trays\/bt2722-37\/","title":{"rendered":"BT2722-37"},"content":{"rendered":"<table width=\"998\">\n<tbody>\n<tr>\n<td width=\"998\">Los sistemas de Canasta para panader\u00eda ORBIS impulsan la eficiencia en la industria de panader\u00eda. Estas canastas para panader\u00eda est\u00e1n dise\u00f1adas para un flujo eficiente de pan a lo largo de la cadena de suministro, desde la panader\u00eda hasta las tiendas de abarrotes, comercializadoras de productos de consumo masivo, restaurantes, cafeter\u00edas\/tiendas concesionarias y tiendas de conveniencia. Cuando est\u00e1n llenas, estas canastas retornables se estiban fijamente para f\u00e1cil transporte y comercializaci\u00f3n. Cuando est\u00e1n vac\u00edas, se estiban cruzadas y se anidan para espacio interior y ahorrar espacio de transporte. La BT2722-37 se puede integrar con sistemas automatizados y ofrece superficies suaves y esquinas contorneadas para prevenir da\u00f1os al producto. Combine con tarimas y bases rodantes de pl\u00e1stico en un sistema completo para trasladar, almacenar, embarcar y comercializar r\u00e1pidamente todo tipo de productos de panader\u00eda desde la panader\u00eda hasta la tienda. Estas charolas de pl\u00e1stico son totalmente reciclables al final de su vida \u00fatil. Sistemas de rastreo de activos disponible para reducir p\u00e9rdidas.<\/p>\n<ul>\n<li>Medida 27 x 22<\/li>\n<li>Canasta para pan de doble nivel<\/li>\n<li>Eficiencia de comercializaci\u00f3n excepcional<\/li>\n<li>Canastas de estiba cruzada y se anidan eficientemente para los viajes de retorno<\/li>\n<li>Elija desde paredes con poste lateral,sin poste lateral o para comercializaci\u00f3n<\/li>\n<li>Agarraderas abiertas de agarre confortable<\/li>\n<li>Dise\u00f1o de riel y ranura para facilitar el estibado ciego<\/li>\n<li>Esquinas reforzadas<\/li>\n<li>Caracter\u00edsticas compatibles con automatizaci\u00f3n<\/li>\n<li>Entrada de hoja de 4 v\u00edas<\/li>\n<li>Disponibles en materiales aprobados por la FDA (especifique cuando solicite una cotizaci\u00f3n)<\/li>\n<li>Charolas cargados sobre tarimas o desde el piso<\/li>\n<\/ul>\n<\/td>\n<\/tr>\n<\/tbody>\n<\/table>\n","protected":false},"excerpt":{"rendered":"<p>Los sistemas de Canasta para panader\u00eda ORBIS impulsan la eficiencia en la industria de panader\u00eda. Estas canastas para panader\u00eda est\u00e1n dise\u00f1adas para un flujo eficiente de pan a lo largo de la cadena de suministro, desde la panader\u00eda hasta las tiendas de abarrotes, comercializadoras de productos de consumo masivo, restaurantes, cafeter\u00edas\/tiendas concesionarias y tiendas de [&hellip;]<\/p>\n","protected":false},"featured_media":3162,"template":"","meta":{"_acf_changed":false},"product_brand":[],"product_cat":[1856,1852],"product_tag":[4141,1815],"class_list":{"0":"post-5906","1":"product","2":"type-product","3":"status-publish","4":"has-post-thumbnail","6":"product_cat-bakery-trays","7":"product_cat-hand-held-containers","8":"product_tag-27x22-es-mx-2","9":"product_tag-panaderia","11":"first","12":"instock","13":"product-type-simple"},"acf":[],"gallery_images":[],"_links":{"self":[{"href":"https:\/\/www-stg.orbiscorporation.com\/es-mx\/wp-json\/wp\/v2\/product\/5906","targetHints":{"allow":["GET"]}}],"collection":[{"href":"https:\/\/www-stg.orbiscorporation.com\/es-mx\/wp-json\/wp\/v2\/product"}],"about":[{"href":"https:\/\/www-stg.orbiscorporation.com\/es-mx\/wp-json\/wp\/v2\/types\/product"}],"wp:featuredmedia":[{"embeddable":true,"href":"https:\/\/www-stg.orbiscorporation.com\/es-mx\/wp-json\/wp\/v2\/media\/3162"}],"wp:attachment":[{"href":"https:\/\/www-stg.orbiscorporation.com\/es-mx\/wp-json\/wp\/v2\/media?parent=5906"}],"wp:term":[{"taxonomy":"product_brand","embeddable":true,"href":"https:\/\/www-stg.orbiscorporation.com\/es-mx\/wp-json\/wp\/v2\/product_brand?post=5906"},{"taxonomy":"product_cat","embeddable":true,"href":"https:\/\/www-stg.orbiscorporation.com\/es-mx\/wp-json\/wp\/v2\/product_cat?post=5906"},{"taxonomy":"product_tag","embeddable":true,"href":"https:\/\/www-stg.orbiscorporation.com\/es-mx\/wp-json\/wp\/v2\/product_tag?post=5906"}],"curies":[{"name":"wp","href":"https:\/\/api.w.org\/{rel}","templated":true}]}}