{"id":5922,"date":"2022-11-21T13:58:42","date_gmt":"2022-11-21T19:58:42","guid":{"rendered":"https:\/\/orbiscorporstg.wpengine.com\/product\/da-2412\/"},"modified":"2023-04-27T13:21:49","modified_gmt":"2023-04-27T19:21:49","slug":"da-2412","status":"publish","type":"product","link":"https:\/\/www-stg.orbiscorporation.com\/es-mx\/products\/uncategorized\/da-2412\/","title":{"rendered":"DA 2412"},"content":{"rendered":"<table width=\"998\">\n<tbody>\n<tr>\n<td width=\"998\">Las cajas para l\u00e1cteos de ORBIS est\u00e1n dise\u00f1adas para la distribuci\u00f3n eficiente de productos de leche l\u00edquida y jugos de frutas desde plantas de procesamiento de l\u00e1cteos a tiendas de abarrotes, tiendas de conveniencia y tiendas de descuento. Disponibles en dos medidas est\u00e1ndar reglamentarias por la industria lechera, estas cajas ofrecen esquinas y fondos excepcionalmente reforzados. Dise\u00f1adas para larga vida \u00fatil, las cajas ORBIS mantienen su forma y rendimiento ante la estiba, lavado a presi\u00f3n y transporte. Estos contenedores son totalmente reciclables al final de su vida \u00fatil. Sistemas de rastreo de activos disponible para reducir p\u00e9rdidas.<\/p>\n<ul>\n<li>Medida 19 x 13<\/li>\n<li>Tama\u00f1o extendido para acomodar m\u00e1s producto<\/li>\n<li>Estiba 5 en tarimas est\u00e1ndar 40 x 48<\/li>\n<li>Estiba 9 en tarimas est\u00e1ndar 40 x 40<\/li>\n<li>Exceden los rigurosos est\u00e1ndares de los productos l\u00e1cteos<\/li>\n<li>Compatibilidad universal<\/li>\n<li>Dise\u00f1ados para automatizaci\u00f3n<\/li>\n<li>Flujo de aire \u00f3ptimo para mantener la temperatura<\/li>\n<li>Base y esquinas reforzadas para resistencia de estiba excepcional<\/li>\n<li>Disponibilidad para etiquetas de c\u00f3digos de barras y RDIF para rastreo de activos eficiente<\/li>\n<li>Disponible en materiales aprobados por la FDA (especifique cuando solicite una cotizaci\u00f3n)<\/li>\n<\/ul>\n<\/td>\n<\/tr>\n<\/tbody>\n<\/table>\n","protected":false},"excerpt":{"rendered":"<p>Las cajas para l\u00e1cteos de ORBIS est\u00e1n dise\u00f1adas para la distribuci\u00f3n eficiente de productos de leche l\u00edquida y jugos de frutas desde plantas de procesamiento de l\u00e1cteos a tiendas de abarrotes, tiendas de conveniencia y tiendas de descuento. Disponibles en dos medidas est\u00e1ndar reglamentarias por la industria lechera, estas cajas ofrecen esquinas y fondos excepcionalmente [&hellip;]<\/p>\n","protected":false},"featured_media":3292,"template":"","meta":{"_acf_changed":false},"product_brand":[],"product_cat":[1852,1860],"product_tag":[4116,1817],"class_list":{"0":"post-5922","1":"product","2":"type-product","3":"status-publish","4":"has-post-thumbnail","6":"product_cat-hand-held-containers","7":"product_cat-dairy-cases","8":"product_tag-19x13-es-mx","9":"product_tag-lactea","11":"first","12":"instock","13":"product-type-simple"},"acf":[],"gallery_images":[],"_links":{"self":[{"href":"https:\/\/www-stg.orbiscorporation.com\/es-mx\/wp-json\/wp\/v2\/product\/5922","targetHints":{"allow":["GET"]}}],"collection":[{"href":"https:\/\/www-stg.orbiscorporation.com\/es-mx\/wp-json\/wp\/v2\/product"}],"about":[{"href":"https:\/\/www-stg.orbiscorporation.com\/es-mx\/wp-json\/wp\/v2\/types\/product"}],"wp:featuredmedia":[{"embeddable":true,"href":"https:\/\/www-stg.orbiscorporation.com\/es-mx\/wp-json\/wp\/v2\/media\/3292"}],"wp:attachment":[{"href":"https:\/\/www-stg.orbiscorporation.com\/es-mx\/wp-json\/wp\/v2\/media?parent=5922"}],"wp:term":[{"taxonomy":"product_brand","embeddable":true,"href":"https:\/\/www-stg.orbiscorporation.com\/es-mx\/wp-json\/wp\/v2\/product_brand?post=5922"},{"taxonomy":"product_cat","embeddable":true,"href":"https:\/\/www-stg.orbiscorporation.com\/es-mx\/wp-json\/wp\/v2\/product_cat?post=5922"},{"taxonomy":"product_tag","embeddable":true,"href":"https:\/\/www-stg.orbiscorporation.com\/es-mx\/wp-json\/wp\/v2\/product_tag?post=5922"}],"curies":[{"name":"wp","href":"https:\/\/api.w.org\/{rel}","templated":true}]}}