{"id":5925,"date":"2022-11-21T14:07:45","date_gmt":"2022-11-21T20:07:45","guid":{"rendered":"https:\/\/orbiscorporstg.wpengine.com\/product\/snx2416-7\/"},"modified":"2023-04-27T13:23:28","modified_gmt":"2023-04-27T19:23:28","slug":"snx2416-7","status":"publish","type":"product","link":"https:\/\/www-stg.orbiscorporation.com\/es-mx\/products\/uncategorized\/snx2416-7\/","title":{"rendered":"SNX2416-7"},"content":{"rendered":"<table width=\"998\">\n<tbody>\n<tr>\n<td width=\"998\">El manejo, procesamiento, almacenamiento, estiba y exhibici\u00f3n confiables son factores cr\u00edticos en los modernos sistemas de distribuci\u00f3n de alimentos de la actualidad. ORBIS ofrece un m\u00e9todo eficiente para proteger y transportar art\u00edculos agr\u00edcolas y de invernaderos con contenedores y bandejas retornables de uso manual de alta calidad, resistentes al impacto y duraderos. Los contenedores ORBIS f\u00e1ciles de limpiar y desinfectar son una mejora econ\u00f3mica en comparaci\u00f3n con las cajas de cart\u00f3n corrugado de un solo uso y adem\u00e1s son ideales para ambientes h\u00famedos. Estos contenedores son totalmente reciclables al final de su vida \u00fatil.<\/p>\n<ul>\n<li>Medida 24 x 16<\/li>\n<li>Se estiba cuando est\u00e1 lleno y se anida cuando est\u00e1 vac\u00edo<\/li>\n<li>Estiba hasta 5 en una tarima est\u00e1ndar de 40 x 48<\/li>\n<li>Paredes ventiladas y fondo con orificio de drenado para f\u00e1cil limpieza y drenado<\/li>\n<li>Se usa en cosecha de productos en campo<\/li>\n<li>Disponible en materiales aprobados por la FDA (especifique al solicitar una cotizaci\u00f3n)<\/li>\n<\/ul>\n<\/td>\n<\/tr>\n<\/tbody>\n<\/table>\n","protected":false},"excerpt":{"rendered":"<p>El manejo, procesamiento, almacenamiento, estiba y exhibici\u00f3n confiables son factores cr\u00edticos en los modernos sistemas de distribuci\u00f3n de alimentos de la actualidad. ORBIS ofrece un m\u00e9todo eficiente para proteger y transportar art\u00edculos agr\u00edcolas y de invernaderos con contenedores y bandejas retornables de uso manual de alta calidad, resistentes al impacto y duraderos. Los contenedores ORBIS [&hellip;]<\/p>\n","protected":false},"featured_media":4964,"template":"","meta":{"_acf_changed":false},"product_brand":[],"product_cat":[1852,1853],"product_tag":[4130],"class_list":{"0":"post-5925","1":"product","2":"type-product","3":"status-publish","4":"has-post-thumbnail","6":"product_cat-hand-held-containers","7":"product_cat-contenedores-agricolas","8":"product_tag-24x16-es-mx-2","10":"first","11":"instock","12":"product-type-simple"},"acf":[],"gallery_images":[4966,4962,4960],"_links":{"self":[{"href":"https:\/\/www-stg.orbiscorporation.com\/es-mx\/wp-json\/wp\/v2\/product\/5925","targetHints":{"allow":["GET"]}}],"collection":[{"href":"https:\/\/www-stg.orbiscorporation.com\/es-mx\/wp-json\/wp\/v2\/product"}],"about":[{"href":"https:\/\/www-stg.orbiscorporation.com\/es-mx\/wp-json\/wp\/v2\/types\/product"}],"wp:featuredmedia":[{"embeddable":true,"href":"https:\/\/www-stg.orbiscorporation.com\/es-mx\/wp-json\/wp\/v2\/media\/4964"}],"wp:attachment":[{"href":"https:\/\/www-stg.orbiscorporation.com\/es-mx\/wp-json\/wp\/v2\/media?parent=5925"}],"wp:term":[{"taxonomy":"product_brand","embeddable":true,"href":"https:\/\/www-stg.orbiscorporation.com\/es-mx\/wp-json\/wp\/v2\/product_brand?post=5925"},{"taxonomy":"product_cat","embeddable":true,"href":"https:\/\/www-stg.orbiscorporation.com\/es-mx\/wp-json\/wp\/v2\/product_cat?post=5925"},{"taxonomy":"product_tag","embeddable":true,"href":"https:\/\/www-stg.orbiscorporation.com\/es-mx\/wp-json\/wp\/v2\/product_tag?post=5925"}],"curies":[{"name":"wp","href":"https:\/\/api.w.org\/{rel}","templated":true}]}}