{"id":5928,"date":"2022-11-21T14:07:45","date_gmt":"2022-11-21T20:07:45","guid":{"rendered":"https:\/\/orbiscorporstg.wpengine.com\/product\/af2013-6-npl-670\/"},"modified":"2023-04-26T09:22:56","modified_gmt":"2023-04-26T15:22:56","slug":"af2013-6-npl-670","status":"publish","type":"product","link":"https:\/\/www-stg.orbiscorporation.com\/es-mx\/products\/hand-held-containers\/contenedores-agricolas\/af2013-6-npl-670\/","title":{"rendered":"AF2013-6 NPL 670"},"content":{"rendered":"<table width=\"894\">\n<tbody>\n<tr>\n<td width=\"894\">El manejo, procesamiento, almacenamiento, estiba y exhibici\u00f3n confiables son factores cr\u00edticos en los modernos sistemas de distribuci\u00f3n de alimentos de la actualidad. ORBIS ofrece un m\u00e9todo eficiente para proteger y transportar art\u00edculos agr\u00edcolas y de invernaderos con contenedores y bandejas retornables de uso manual de alta calidad, resistentes al impacto y duraderos. Los contenedores ORBIS f\u00e1ciles de limpiar y desinfectar son una mejora econ\u00f3mica en comparaci\u00f3n con las cajas de cart\u00f3n corrugado de un solo uso y adem\u00e1s son ideales para ambientes h\u00famedos. Estos contenedores son totalmente reciclables al final de su vida \u00fatil.<\/p>\n<ul>\n<li>Medida 20 x 13<\/li>\n<li>Se estiba cuando est\u00e1 lleno y se anida cuando est\u00e1 vac\u00edo<\/li>\n<li>Dise\u00f1o de ventilaci\u00f3n para f\u00e1cil limpieza, control exacto de temperatura y m\u00ednimo tiempo de enfriamiento<\/li>\n<li>Superficies suaves para f\u00e1cil limpieza y protecci\u00f3n superior de producto<\/li>\n<li>Esquinas radiales para prevenir da\u00f1os del producto<\/li>\n<li>Se usa en cosecha en campo, manejo en la planta, estiba y procesamiento de frutas y legumbres<\/li>\n<li>Disponible en materiales aprobados por la FDA (especifique cuando solicite una cotizaci\u00f3n)<\/li>\n<\/ul>\n<\/td>\n<\/tr>\n<\/tbody>\n<\/table>\n","protected":false},"excerpt":{"rendered":"<p>El manejo, procesamiento, almacenamiento, estiba y exhibici\u00f3n confiables son factores cr\u00edticos en los modernos sistemas de distribuci\u00f3n de alimentos de la actualidad. ORBIS ofrece un m\u00e9todo eficiente para proteger y transportar art\u00edculos agr\u00edcolas y de invernaderos con contenedores y bandejas retornables de uso manual de alta calidad, resistentes al impacto y duraderos. Los contenedores ORBIS [&hellip;]<\/p>\n","protected":false},"featured_media":3080,"template":"","meta":{"_acf_changed":false},"product_brand":[],"product_cat":[1853,1852],"product_tag":[1812],"class_list":{"0":"post-5928","1":"product","2":"type-product","3":"status-publish","4":"has-post-thumbnail","6":"product_cat-contenedores-agricolas","7":"product_cat-hand-held-containers","8":"product_tag-agricultura","10":"first","11":"instock","12":"product-type-simple"},"acf":[],"gallery_images":[3086,3088,3082,3084],"_links":{"self":[{"href":"https:\/\/www-stg.orbiscorporation.com\/es-mx\/wp-json\/wp\/v2\/product\/5928","targetHints":{"allow":["GET"]}}],"collection":[{"href":"https:\/\/www-stg.orbiscorporation.com\/es-mx\/wp-json\/wp\/v2\/product"}],"about":[{"href":"https:\/\/www-stg.orbiscorporation.com\/es-mx\/wp-json\/wp\/v2\/types\/product"}],"wp:featuredmedia":[{"embeddable":true,"href":"https:\/\/www-stg.orbiscorporation.com\/es-mx\/wp-json\/wp\/v2\/media\/3080"}],"wp:attachment":[{"href":"https:\/\/www-stg.orbiscorporation.com\/es-mx\/wp-json\/wp\/v2\/media?parent=5928"}],"wp:term":[{"taxonomy":"product_brand","embeddable":true,"href":"https:\/\/www-stg.orbiscorporation.com\/es-mx\/wp-json\/wp\/v2\/product_brand?post=5928"},{"taxonomy":"product_cat","embeddable":true,"href":"https:\/\/www-stg.orbiscorporation.com\/es-mx\/wp-json\/wp\/v2\/product_cat?post=5928"},{"taxonomy":"product_tag","embeddable":true,"href":"https:\/\/www-stg.orbiscorporation.com\/es-mx\/wp-json\/wp\/v2\/product_tag?post=5928"}],"curies":[{"name":"wp","href":"https:\/\/api.w.org\/{rel}","templated":true}]}}