{"id":5931,"date":"2022-11-21T14:07:45","date_gmt":"2022-11-21T20:07:45","guid":{"rendered":"https:\/\/orbiscorporstg.wpengine.com\/product\/no2113-7-npl-682\/"},"modified":"2023-05-09T14:47:46","modified_gmt":"2023-05-09T20:47:46","slug":"no2113-7-npl-682","status":"publish","type":"product","link":"https:\/\/www-stg.orbiscorporation.com\/es-mx\/products\/hand-held-containers\/contenedores-agricolas\/no2113-7-npl-682\/","title":{"rendered":"NO2113-7 NPL 682"},"content":{"rendered":"<table width=\"998\">\n<tbody>\n<tr>\n<td width=\"998\">ORBIS ofrece un m\u00e9todo eficiente para proteger y transportar plantas y art\u00edculos de invernaderos con contenedores y bandejas retornables de alta calidad, resistentes al impacto y duraderos. Los contenedores ORBIS f\u00e1ciles de limpiar y desinfectar son una mejora econ\u00f3mica en comparaci\u00f3n con las cajas de cart\u00f3n corrugado de un solo uso y adem\u00e1s son ideales para ambientes h\u00famedos. Estos contenedores son totalmente reciclables al final de su vida \u00fatil.<\/p>\n<ul>\n<li>21 x 13<\/li>\n<li>Se anidan uno dentro de otro cuando est\u00e1n vac\u00edos<\/li>\n<li>Superficies lisas para f\u00e1cil limpieza<\/li>\n<li>Amplia cavidad para manos para facilitar el agarre<\/li>\n<li>Esquinas radiales para prevenir da\u00f1os a las plantas<\/li>\n<\/ul>\n<\/td>\n<\/tr>\n<\/tbody>\n<\/table>\n","protected":false},"excerpt":{"rendered":"<p>ORBIS ofrece un m\u00e9todo eficiente para proteger y transportar plantas y art\u00edculos de invernaderos con contenedores y bandejas retornables de alta calidad, resistentes al impacto y duraderos. Los contenedores ORBIS f\u00e1ciles de limpiar y desinfectar son una mejora econ\u00f3mica en comparaci\u00f3n con las cajas de cart\u00f3n corrugado de un solo uso y adem\u00e1s son ideales [&hellip;]<\/p>\n","protected":false},"featured_media":4276,"template":"","meta":{"_acf_changed":false},"product_brand":[],"product_cat":[1852,1853],"product_tag":[1812],"class_list":{"0":"post-5931","1":"product","2":"type-product","3":"status-publish","4":"has-post-thumbnail","6":"product_cat-hand-held-containers","7":"product_cat-contenedores-agricolas","8":"product_tag-agricultura","10":"first","11":"instock","12":"product-type-simple"},"acf":[],"gallery_images":[],"_links":{"self":[{"href":"https:\/\/www-stg.orbiscorporation.com\/es-mx\/wp-json\/wp\/v2\/product\/5931","targetHints":{"allow":["GET"]}}],"collection":[{"href":"https:\/\/www-stg.orbiscorporation.com\/es-mx\/wp-json\/wp\/v2\/product"}],"about":[{"href":"https:\/\/www-stg.orbiscorporation.com\/es-mx\/wp-json\/wp\/v2\/types\/product"}],"wp:featuredmedia":[{"embeddable":true,"href":"https:\/\/www-stg.orbiscorporation.com\/es-mx\/wp-json\/wp\/v2\/media\/4276"}],"wp:attachment":[{"href":"https:\/\/www-stg.orbiscorporation.com\/es-mx\/wp-json\/wp\/v2\/media?parent=5931"}],"wp:term":[{"taxonomy":"product_brand","embeddable":true,"href":"https:\/\/www-stg.orbiscorporation.com\/es-mx\/wp-json\/wp\/v2\/product_brand?post=5931"},{"taxonomy":"product_cat","embeddable":true,"href":"https:\/\/www-stg.orbiscorporation.com\/es-mx\/wp-json\/wp\/v2\/product_cat?post=5931"},{"taxonomy":"product_tag","embeddable":true,"href":"https:\/\/www-stg.orbiscorporation.com\/es-mx\/wp-json\/wp\/v2\/product_tag?post=5931"}],"curies":[{"name":"wp","href":"https:\/\/api.w.org\/{rel}","templated":true}]}}