{"id":5943,"date":"2022-11-21T14:32:14","date_gmt":"2022-11-21T20:32:14","guid":{"rendered":"https:\/\/orbiscorporstg.wpengine.com\/product\/ct1085\/"},"modified":"2023-04-26T10:14:12","modified_gmt":"2023-04-26T16:14:12","slug":"ct1085","status":"publish","type":"product","link":"https:\/\/www-stg.orbiscorporation.com\/es-mx\/products\/hand-held-containers\/contenedores-de-aves-de-corral\/ct1085\/","title":{"rendered":"CT1085"},"content":{"rendered":"<table width=\"998\">\n<tbody>\n<tr>\n<td width=\"998\">Las charolas de enfriamiento se usan en muchos tipos de aplicaciones de manejo y procesamiento de alimentos frescos. Las charolas ORBIS est\u00e1n dise\u00f1adas para ser f\u00e1ciles de usar, duraderas y eficientes en costo. Estas charolas de pl\u00e1stico son totalmente reciclables al final de su vida \u00fatil.<\/p>\n<ul>\n<li>Medida 29 x 26<\/li>\n<li>La ventilaci\u00f3n minimiza el tiempo de congelaci\u00f3n y permite controlar la temperatura<\/li>\n<li>Construcci\u00f3n totalmente de pl\u00e1stico<\/li>\n<li>F\u00e1cil de limpiar y desinfectar<\/li>\n<\/ul>\n<\/td>\n<\/tr>\n<\/tbody>\n<\/table>\n","protected":false},"excerpt":{"rendered":"<p>Las charolas de enfriamiento se usan en muchos tipos de aplicaciones de manejo y procesamiento de alimentos frescos. Las charolas ORBIS est\u00e1n dise\u00f1adas para ser f\u00e1ciles de usar, duraderas y eficientes en costo. Estas charolas de pl\u00e1stico son totalmente reciclables al final de su vida \u00fatil. Medida 29 x 26 La ventilaci\u00f3n minimiza el tiempo [&hellip;]<\/p>\n","protected":false},"featured_media":3290,"template":"","meta":{"_acf_changed":false},"product_brand":[],"product_cat":[1852,1863],"product_tag":[4147,1820],"class_list":{"0":"post-5943","1":"product","2":"type-product","3":"status-publish","4":"has-post-thumbnail","6":"product_cat-hand-held-containers","7":"product_cat-contenedores-de-aves-de-corral","8":"product_tag-29x26-es-mx-2","9":"product_tag-carne-y-avicolas","11":"first","12":"instock","13":"product-type-simple"},"acf":[],"gallery_images":[],"_links":{"self":[{"href":"https:\/\/www-stg.orbiscorporation.com\/es-mx\/wp-json\/wp\/v2\/product\/5943","targetHints":{"allow":["GET"]}}],"collection":[{"href":"https:\/\/www-stg.orbiscorporation.com\/es-mx\/wp-json\/wp\/v2\/product"}],"about":[{"href":"https:\/\/www-stg.orbiscorporation.com\/es-mx\/wp-json\/wp\/v2\/types\/product"}],"wp:featuredmedia":[{"embeddable":true,"href":"https:\/\/www-stg.orbiscorporation.com\/es-mx\/wp-json\/wp\/v2\/media\/3290"}],"wp:attachment":[{"href":"https:\/\/www-stg.orbiscorporation.com\/es-mx\/wp-json\/wp\/v2\/media?parent=5943"}],"wp:term":[{"taxonomy":"product_brand","embeddable":true,"href":"https:\/\/www-stg.orbiscorporation.com\/es-mx\/wp-json\/wp\/v2\/product_brand?post=5943"},{"taxonomy":"product_cat","embeddable":true,"href":"https:\/\/www-stg.orbiscorporation.com\/es-mx\/wp-json\/wp\/v2\/product_cat?post=5943"},{"taxonomy":"product_tag","embeddable":true,"href":"https:\/\/www-stg.orbiscorporation.com\/es-mx\/wp-json\/wp\/v2\/product_tag?post=5943"}],"curies":[{"name":"wp","href":"https:\/\/api.w.org\/{rel}","templated":true}]}}